{"id":65,"date":"2017-05-29T20:28:55","date_gmt":"2017-05-29T20:28:55","guid":{"rendered":"http:\/\/winsysgroup.com-wp\/en\/?page_id=65"},"modified":"2023-10-26T15:31:37","modified_gmt":"2023-10-26T15:31:37","slug":"slot-machines","status":"publish","type":"page","link":"https:\/\/winsysgroup.com\/es\/slot-machines\/","title":{"rendered":""},"content":{"rendered":"<h2 style=\"text-align: center\">LA COMBINACI\u00d3N&nbsp;PERFECTA DE ATRACCI\u00d3N, ERGONOM\u00cdA Y DIVERSI\u00d3N EN&nbsp;M\u00c1QUINAS DE JUEGO<\/h2>\n<p style=\"text-align: center\">El proceso de dise\u00f1o de las m\u00e1quinas &nbsp;de \u00faltima generaci\u00f3n se basa en los m\u00e1s altos est\u00e1ndares de calidad, y destacan por la diversi\u00f3n y facilidad de uso de sus juegos, y por sus impactantes efectos lum\u00ednicos.<\/p>\n<p style=\"text-align: center\">Gracias a la Tecnolog\u00eda de Iluminaci\u00f3n Adaptable se crean unos efectos visuales alrededor de la m\u00e1quina perfectamente relacionados con el contenido de cada juego, de modo que se consigue una plena inmersi\u00f3n en la experiencia del jugador. La potente plataforma Multi-juegos de &nbsp;garantiza el perfecto funcionamiento de todos los <a href=\"http:\/\/winsysgroup.com\/es\/slot-games\/\">juegos<\/a>, tanto actuales como futuros.<\/p>\n<p style=\"text-align: center\">El amplio cat\u00e1logo de juegos interactivos con bonus multi-nivel, gran variedad de spins gratis, caracter\u00edsticas \u00fanicas y un amplio repertorio de Sistemas de <a href=\"http:\/\/winsysgroup.com\/es\/jackpot-systems\/\">Jackpot<\/a>, permiten adaptarnos a las preferencias de cada jugador.<\/p>\n","protected":false},"excerpt":{"rendered":"<p>LA COMBINACI\u00d3N&nbsp;PERFECTA DE ATRACCI\u00d3N, ERGONOM\u00cdA Y DIVERSI\u00d3N EN&nbsp;M\u00c1QUINAS DE JUEGO El proceso de dise\u00f1o de las m\u00e1quinas &nbsp;de \u00faltima generaci\u00f3n se basa en los m\u00e1s altos est\u00e1ndares de calidad, y destacan por la diversi\u00f3n y facilidad de uso de sus juegos, y por sus impactantes efectos lum\u00ednicos. Gracias a la Tecnolog\u00eda de Iluminaci\u00f3n Adaptable se [&hellip;]<\/p>\n","protected":false},"author":1,"featured_media":0,"parent":0,"menu_order":20,"comment_status":"closed","ping_status":"closed","template":"page-product-list-black.php","meta":[],"yoast_head":"<!-- This site is optimized with the Yoast SEO plugin v20.8 - https:\/\/yoast.com\/wordpress\/plugins\/seo\/ -->\n<title>Slot Machine software | Win Systems<\/title>\n<meta name=\"description\" content=\"D\u00e1le a tus clientes la mezcla perfecta de atracci\u00f3n, ergonom\u00eda y emoci\u00f3n con nuestro slot machine software. Los m\u00e1s altos est\u00e1ndares dirigen nuestra \u00faltima generaci\u00f3n de m\u00e1quinas de juegos.\" \/>\n<meta name=\"robots\" content=\"index, follow, max-snippet:-1, max-image-preview:large, max-video-preview:-1\" \/>\n<link rel=\"canonical\" href=\"http:\/\/winsysgroup.com\/es\/slot-machines\/\" \/>\n<meta property=\"og:locale\" content=\"es_ES\" \/>\n<meta property=\"og:type\" content=\"article\" \/>\n<meta property=\"og:title\" content=\"Slot Machine software | Win Systems\" \/>\n<meta property=\"og:description\" content=\"D\u00e1le a tus clientes la mezcla perfecta de atracci\u00f3n, ergonom\u00eda y emoci\u00f3n con nuestro slot machine software. Los m\u00e1s altos est\u00e1ndares dirigen nuestra \u00faltima generaci\u00f3n de m\u00e1quinas de juegos.\" \/>\n<meta property=\"og:url\" content=\"http:\/\/winsysgroup.com\/es\/slot-machines\/\" \/>\n<meta property=\"og:site_name\" content=\"Win Systems Espa\u00f1ol\" \/>\n<meta property=\"article:modified_time\" content=\"2023-10-26T15:31:37+00:00\" \/>\n<meta name=\"twitter:card\" content=\"summary_large_image\" \/>\n<meta name=\"twitter:label1\" content=\"Tiempo de lectura\" \/>\n\t<meta name=\"twitter:data1\" content=\"1 minuto\" \/>\n<script type=\"application\/ld+json\" class=\"yoast-schema-graph\">{\"@context\":\"https:\/\/schema.org\",\"@graph\":[{\"@type\":\"WebPage\",\"@id\":\"http:\/\/winsysgroup.com\/es\/slot-machines\/\",\"url\":\"http:\/\/winsysgroup.com\/es\/slot-machines\/\",\"name\":\"Slot Machine software | Win Systems\",\"isPartOf\":{\"@id\":\"https:\/\/winsysgroup.com\/es\/#website\"},\"datePublished\":\"2017-05-29T20:28:55+00:00\",\"dateModified\":\"2023-10-26T15:31:37+00:00\",\"description\":\"D\u00e1le a tus clientes la mezcla perfecta de atracci\u00f3n, ergonom\u00eda y emoci\u00f3n con nuestro slot machine software. Los m\u00e1s altos est\u00e1ndares dirigen nuestra \u00faltima generaci\u00f3n de m\u00e1quinas de juegos.\",\"inLanguage\":\"es\",\"potentialAction\":[{\"@type\":\"ReadAction\",\"target\":[\"http:\/\/winsysgroup.com\/es\/slot-machines\/\"]}]},{\"@type\":\"WebSite\",\"@id\":\"https:\/\/winsysgroup.com\/es\/#website\",\"url\":\"https:\/\/winsysgroup.com\/es\/\",\"name\":\"Win Systems Espa\u00f1ol\",\"description\":\"Win Systems Website\",\"potentialAction\":[{\"@type\":\"SearchAction\",\"target\":{\"@type\":\"EntryPoint\",\"urlTemplate\":\"https:\/\/winsysgroup.com\/es\/?s={search_term_string}\"},\"query-input\":\"required name=search_term_string\"}],\"inLanguage\":\"es\"}]}<\/script>\n<!-- \/ Yoast SEO plugin. -->","yoast_head_json":{"title":"Slot Machine software | Win Systems","description":"D\u00e1le a tus clientes la mezcla perfecta de atracci\u00f3n, ergonom\u00eda y emoci\u00f3n con nuestro slot machine software. Los m\u00e1s altos est\u00e1ndares dirigen nuestra \u00faltima generaci\u00f3n de m\u00e1quinas de juegos.","robots":{"index":"index","follow":"follow","max-snippet":"max-snippet:-1","max-image-preview":"max-image-preview:large","max-video-preview":"max-video-preview:-1"},"canonical":"http:\/\/winsysgroup.com\/es\/slot-machines\/","og_locale":"es_ES","og_type":"article","og_title":"Slot Machine software | Win Systems","og_description":"D\u00e1le a tus clientes la mezcla perfecta de atracci\u00f3n, ergonom\u00eda y emoci\u00f3n con nuestro slot machine software. Los m\u00e1s altos est\u00e1ndares dirigen nuestra \u00faltima generaci\u00f3n de m\u00e1quinas de juegos.","og_url":"http:\/\/winsysgroup.com\/es\/slot-machines\/","og_site_name":"Win Systems Espa\u00f1ol","article_modified_time":"2023-10-26T15:31:37+00:00","twitter_card":"summary_large_image","twitter_misc":{"Tiempo de lectura":"1 minuto"},"schema":{"@context":"https:\/\/schema.org","@graph":[{"@type":"WebPage","@id":"http:\/\/winsysgroup.com\/es\/slot-machines\/","url":"http:\/\/winsysgroup.com\/es\/slot-machines\/","name":"Slot Machine software | Win Systems","isPartOf":{"@id":"https:\/\/winsysgroup.com\/es\/#website"},"datePublished":"2017-05-29T20:28:55+00:00","dateModified":"2023-10-26T15:31:37+00:00","description":"D\u00e1le a tus clientes la mezcla perfecta de atracci\u00f3n, ergonom\u00eda y emoci\u00f3n con nuestro slot machine software. Los m\u00e1s altos est\u00e1ndares dirigen nuestra \u00faltima generaci\u00f3n de m\u00e1quinas de juegos.","inLanguage":"es","potentialAction":[{"@type":"ReadAction","target":["http:\/\/winsysgroup.com\/es\/slot-machines\/"]}]},{"@type":"WebSite","@id":"https:\/\/winsysgroup.com\/es\/#website","url":"https:\/\/winsysgroup.com\/es\/","name":"Win Systems Espa\u00f1ol","description":"Win Systems Website","potentialAction":[{"@type":"SearchAction","target":{"@type":"EntryPoint","urlTemplate":"https:\/\/winsysgroup.com\/es\/?s={search_term_string}"},"query-input":"required name=search_term_string"}],"inLanguage":"es"}]}},"_links":{"self":[{"href":"https:\/\/winsysgroup.com\/es\/wp-json\/wp\/v2\/pages\/65"}],"collection":[{"href":"https:\/\/winsysgroup.com\/es\/wp-json\/wp\/v2\/pages"}],"about":[{"href":"https:\/\/winsysgroup.com\/es\/wp-json\/wp\/v2\/types\/page"}],"author":[{"embeddable":true,"href":"https:\/\/winsysgroup.com\/es\/wp-json\/wp\/v2\/users\/1"}],"replies":[{"embeddable":true,"href":"https:\/\/winsysgroup.com\/es\/wp-json\/wp\/v2\/comments?post=65"}],"version-history":[{"count":0,"href":"https:\/\/winsysgroup.com\/es\/wp-json\/wp\/v2\/pages\/65\/revisions"}],"wp:attachment":[{"href":"https:\/\/winsysgroup.com\/es\/wp-json\/wp\/v2\/media?parent=65"}],"curies":[{"name":"wp","href":"https:\/\/api.w.org\/{rel}","templated":true}]}}