{"id":33,"date":"2017-05-29T20:08:19","date_gmt":"2017-05-29T20:08:19","guid":{"rendered":"http:\/\/winsysgroup.com-wp\/en\/?page_id=33"},"modified":"2024-03-21T11:04:34","modified_gmt":"2024-03-21T11:04:34","slug":"electronic-roulette","status":"publish","type":"page","link":"https:\/\/winsysgroup.com\/es\/electronic-roulette\/","title":{"rendered":"Ruletas electr\u00f3nicas"},"content":{"rendered":"<h2 style=\"text-align: center\">LA RULETA ELECTR\u00d3NICA M\u00c1S COMPACTA E INNOVADORA DEL MERCADO<\/h2>\n<p style=\"text-align: center\">El proceso de desarrollo de las ruletas electr\u00f3nicas <strong>Gold Club\u2122<\/strong> se basa en el principio 3E de Eficiencia, Ergonom\u00eda y Eficacia. Su dise\u00f1o moderno, compacto y ergon\u00f3mico atrae la atenci\u00f3n de los jugadores a la vez que garantiza su confort durante el juego. Asimismo, la Tecnolog\u00eda de Iluminaci\u00f3n Adaptable crea una experiencia de juego \u00fanica.<\/p>\n<p style=\"text-align: center\">El car\u00e1cter exclusivo de <strong>Gold Club<\/strong>\u2122 se refleja en la amplia gama de <a href=\"http:\/\/winsysgroup.com\/es\/jackpot-systems\/\">Jackpots<\/a> WAP y LAP. Las ruletas electr\u00f3nicas <strong>Gold Club\u2122<\/strong> se dise\u00f1an mediante los procesos m\u00e1s sofisticados, y en su fabricaci\u00f3n solo se utilizan los mejores materiales para garantizar una larga vida y una inmejorable presentaci\u00f3n.<\/p>\n<p style=\"text-align: center\"><strong>Gold Club<\/strong>\u2122 utiliza procesos de dise\u00f1o de \u00faltima generaci\u00f3n y los mejores materiales para garantizar una vida \u00fatil larga y la mejor calidad.\u00a0 Todas las m\u00e1quinas est\u00e1n dise\u00f1adas para que sean de uso f\u00e1cil e intuitivo, y con un \u00f3ptimo rendimiento.<\/p>\n","protected":false},"excerpt":{"rendered":"<p>LA RULETA ELECTR\u00d3NICA M\u00c1S COMPACTA E INNOVADORA DEL MERCADO El proceso de desarrollo de las ruletas electr\u00f3nicas Gold Club\u2122 se basa en el principio 3E de Eficiencia, Ergonom\u00eda y Eficacia. Su dise\u00f1o moderno, compacto y ergon\u00f3mico atrae la atenci\u00f3n de los jugadores a la vez que garantiza su confort durante el juego. Asimismo, la Tecnolog\u00eda [&hellip;]<\/p>\n","protected":false},"author":1,"featured_media":0,"parent":0,"menu_order":6,"comment_status":"closed","ping_status":"closed","template":"page-product-list-black.php","meta":[],"yoast_head":"<!-- This site is optimized with the Yoast SEO plugin v20.8 - https:\/\/yoast.com\/wordpress\/plugins\/seo\/ -->\n<title>Software de ruleta electr\u00f3nica optimizado con Big Data | Win Systems<\/title>\n<meta name=\"description\" content=\"El principio de las 3E, eficiencia, ergonom\u00eda y efectividad es nuestra meta en el dise\u00f1o de nuestras ruletas electr\u00f3nicas. Est\u00e1n dise\u00f1adas para la comodidad y placer para tus jugadores, con facilidad de uso.\" \/>\n<meta name=\"robots\" content=\"index, follow, max-snippet:-1, max-image-preview:large, max-video-preview:-1\" \/>\n<link rel=\"canonical\" href=\"http:\/\/winsysgroup.com\/es\/electronic-roulette\/\" \/>\n<meta property=\"og:locale\" content=\"es_ES\" \/>\n<meta property=\"og:type\" content=\"article\" \/>\n<meta property=\"og:title\" content=\"Software de ruleta electr\u00f3nica optimizado con Big Data | Win Systems\" \/>\n<meta property=\"og:description\" content=\"El principio de las 3E, eficiencia, ergonom\u00eda y efectividad es nuestra meta en el dise\u00f1o de nuestras ruletas electr\u00f3nicas. Est\u00e1n dise\u00f1adas para la comodidad y placer para tus jugadores, con facilidad de uso.\" \/>\n<meta property=\"og:url\" content=\"http:\/\/winsysgroup.com\/es\/electronic-roulette\/\" \/>\n<meta property=\"og:site_name\" content=\"Win Systems Espa\u00f1ol\" \/>\n<meta property=\"article:modified_time\" content=\"2024-03-21T11:04:34+00:00\" \/>\n<meta name=\"twitter:card\" content=\"summary_large_image\" \/>\n<meta name=\"twitter:label1\" content=\"Tiempo de lectura\" \/>\n\t<meta name=\"twitter:data1\" content=\"1 minuto\" \/>\n<script type=\"application\/ld+json\" class=\"yoast-schema-graph\">{\"@context\":\"https:\/\/schema.org\",\"@graph\":[{\"@type\":\"WebPage\",\"@id\":\"http:\/\/winsysgroup.com\/es\/electronic-roulette\/\",\"url\":\"http:\/\/winsysgroup.com\/es\/electronic-roulette\/\",\"name\":\"Software de ruleta electr\u00f3nica optimizado con Big Data | Win Systems\",\"isPartOf\":{\"@id\":\"http:\/\/winsysgroup.com\/es\/#website\"},\"datePublished\":\"2017-05-29T20:08:19+00:00\",\"dateModified\":\"2024-03-21T11:04:34+00:00\",\"description\":\"El principio de las 3E, eficiencia, ergonom\u00eda y efectividad es nuestra meta en el dise\u00f1o de nuestras ruletas electr\u00f3nicas. Est\u00e1n dise\u00f1adas para la comodidad y placer para tus jugadores, con facilidad de uso.\",\"breadcrumb\":{\"@id\":\"http:\/\/winsysgroup.com\/es\/electronic-roulette\/#breadcrumb\"},\"inLanguage\":\"es\",\"potentialAction\":[{\"@type\":\"ReadAction\",\"target\":[\"http:\/\/winsysgroup.com\/es\/electronic-roulette\/\"]}]},{\"@type\":\"BreadcrumbList\",\"@id\":\"http:\/\/winsysgroup.com\/es\/electronic-roulette\/#breadcrumb\",\"itemListElement\":[{\"@type\":\"ListItem\",\"position\":1,\"name\":\"Home\",\"item\":\"http:\/\/winsysgroup.com\/es\/\"},{\"@type\":\"ListItem\",\"position\":2,\"name\":\"Ruletas electr\u00f3nicas\"}]},{\"@type\":\"WebSite\",\"@id\":\"http:\/\/winsysgroup.com\/es\/#website\",\"url\":\"http:\/\/winsysgroup.com\/es\/\",\"name\":\"Win Systems Espa\u00f1ol\",\"description\":\"Win Systems Website\",\"potentialAction\":[{\"@type\":\"SearchAction\",\"target\":{\"@type\":\"EntryPoint\",\"urlTemplate\":\"http:\/\/winsysgroup.com\/es\/?s={search_term_string}\"},\"query-input\":\"required name=search_term_string\"}],\"inLanguage\":\"es\"}]}<\/script>\n<!-- \/ Yoast SEO plugin. -->","yoast_head_json":{"title":"Software de ruleta electr\u00f3nica optimizado con Big Data | Win Systems","description":"El principio de las 3E, eficiencia, ergonom\u00eda y efectividad es nuestra meta en el dise\u00f1o de nuestras ruletas electr\u00f3nicas. Est\u00e1n dise\u00f1adas para la comodidad y placer para tus jugadores, con facilidad de uso.","robots":{"index":"index","follow":"follow","max-snippet":"max-snippet:-1","max-image-preview":"max-image-preview:large","max-video-preview":"max-video-preview:-1"},"canonical":"http:\/\/winsysgroup.com\/es\/electronic-roulette\/","og_locale":"es_ES","og_type":"article","og_title":"Software de ruleta electr\u00f3nica optimizado con Big Data | Win Systems","og_description":"El principio de las 3E, eficiencia, ergonom\u00eda y efectividad es nuestra meta en el dise\u00f1o de nuestras ruletas electr\u00f3nicas. Est\u00e1n dise\u00f1adas para la comodidad y placer para tus jugadores, con facilidad de uso.","og_url":"http:\/\/winsysgroup.com\/es\/electronic-roulette\/","og_site_name":"Win Systems Espa\u00f1ol","article_modified_time":"2024-03-21T11:04:34+00:00","twitter_card":"summary_large_image","twitter_misc":{"Tiempo de lectura":"1 minuto"},"schema":{"@context":"https:\/\/schema.org","@graph":[{"@type":"WebPage","@id":"http:\/\/winsysgroup.com\/es\/electronic-roulette\/","url":"http:\/\/winsysgroup.com\/es\/electronic-roulette\/","name":"Software de ruleta electr\u00f3nica optimizado con Big Data | Win Systems","isPartOf":{"@id":"http:\/\/winsysgroup.com\/es\/#website"},"datePublished":"2017-05-29T20:08:19+00:00","dateModified":"2024-03-21T11:04:34+00:00","description":"El principio de las 3E, eficiencia, ergonom\u00eda y efectividad es nuestra meta en el dise\u00f1o de nuestras ruletas electr\u00f3nicas. Est\u00e1n dise\u00f1adas para la comodidad y placer para tus jugadores, con facilidad de uso.","breadcrumb":{"@id":"http:\/\/winsysgroup.com\/es\/electronic-roulette\/#breadcrumb"},"inLanguage":"es","potentialAction":[{"@type":"ReadAction","target":["http:\/\/winsysgroup.com\/es\/electronic-roulette\/"]}]},{"@type":"BreadcrumbList","@id":"http:\/\/winsysgroup.com\/es\/electronic-roulette\/#breadcrumb","itemListElement":[{"@type":"ListItem","position":1,"name":"Home","item":"http:\/\/winsysgroup.com\/es\/"},{"@type":"ListItem","position":2,"name":"Ruletas electr\u00f3nicas"}]},{"@type":"WebSite","@id":"http:\/\/winsysgroup.com\/es\/#website","url":"http:\/\/winsysgroup.com\/es\/","name":"Win Systems Espa\u00f1ol","description":"Win Systems Website","potentialAction":[{"@type":"SearchAction","target":{"@type":"EntryPoint","urlTemplate":"http:\/\/winsysgroup.com\/es\/?s={search_term_string}"},"query-input":"required name=search_term_string"}],"inLanguage":"es"}]}},"_links":{"self":[{"href":"https:\/\/winsysgroup.com\/es\/wp-json\/wp\/v2\/pages\/33"}],"collection":[{"href":"https:\/\/winsysgroup.com\/es\/wp-json\/wp\/v2\/pages"}],"about":[{"href":"https:\/\/winsysgroup.com\/es\/wp-json\/wp\/v2\/types\/page"}],"author":[{"embeddable":true,"href":"https:\/\/winsysgroup.com\/es\/wp-json\/wp\/v2\/users\/1"}],"replies":[{"embeddable":true,"href":"https:\/\/winsysgroup.com\/es\/wp-json\/wp\/v2\/comments?post=33"}],"version-history":[{"count":0,"href":"https:\/\/winsysgroup.com\/es\/wp-json\/wp\/v2\/pages\/33\/revisions"}],"wp:attachment":[{"href":"https:\/\/winsysgroup.com\/es\/wp-json\/wp\/v2\/media?parent=33"}],"curies":[{"name":"wp","href":"https:\/\/api.w.org\/{rel}","templated":true}]}}