{"id":2935,"date":"2023-07-07T10:52:53","date_gmt":"2023-07-07T10:52:53","guid":{"rendered":"https:\/\/winsysgroup.com\/es\/?page_id=2935"},"modified":"2024-07-31T11:07:13","modified_gmt":"2024-07-31T11:07:13","slug":"clausula-de-consentimiento-para-el-tratamiento-de-cv","status":"publish","type":"page","link":"https:\/\/winsysgroup.com\/es\/clausula-de-consentimiento-para-el-tratamiento-de-cv\/","title":{"rendered":"CL\u00c1USULA DE INFORMACI\u00d3N SOBRE EL TRATAMIENTO DE DATOS PERSONALES DE CV"},"content":{"rendered":"<p>Le informamos que la recogida de sus datos se realiza con base en la normativa vigente sobre la materia: Ley 3\/2018, de 5 de diciembre, de Protecci\u00f3n de Datos Personales y Garant\u00eda de los Derechos Digitales, y Reglamento (UE) 2016\/679 del Parlamento Europeo y del Consejo, de 27 de abril de 2016, relativo a la protecci\u00f3n de las personas f\u00edsicas en lo que respecta al tratamiento de datos personales y a la libre circulaci\u00f3n de estos datos. A continuaci\u00f3n, se le proporciona la informaci\u00f3n referente al tratamiento de sus datos personales.<\/p>\n<p><strong><u>Responsable del Tratamiento:<\/u><\/strong><\/p>\n<p>Win Systems Solutions, S.L. (en adelante \u201cWin Systems\u201d)<\/p>\n<p>CIF: B64682362<\/p>\n<p>Domicilio: Paseo de la Castellana 93, 28046, Madrid, Espa\u00f1a<\/p>\n<p>Contacto: legal@winsysgroup.com; humanresources@winsysgroup.com<\/p>\n<p><strong><u>Datos solicitados:<\/u><\/strong><\/p>\n<p>Para evaluar su candidatura para la vacante a la que haya aplicado es necesario que proporcione los siguientes datos: nombre y apellidos, domicilio, curr\u00edculo, acreditaci\u00f3n de la titulaci\u00f3n y experiencia indicada. En cualquier caso, durante el proceso de selecci\u00f3n, Win Systems podr\u00e1 solicitarle por cualquier v\u00eda (telef\u00f3nica, e-mail, entrevista personal) informaci\u00f3n adicional que se considere necesaria, proporcionada, pertinente e id\u00f3nea para los fines del tratamiento que se describen en el siguiente apartado.<\/p>\n<p><strong><u>Finalidad del Tratamiento:<\/u><\/strong><\/p>\n<p>Los datos personales facilitados y recogidos en esta solicitud de empleo o curriculum vitae, sera\u0301n tratados e incluidos en los ficheros de datos personales bajo responsabilidad de Win Systems Solutions, S.L. La finalidad exclusiva del tratamiento de los datos es evaluar su idoneidad para ocupar una posici\u00f3n de empleo dentro de la organizaci\u00f3n. Win Systems Solutions, S.L., garantiza el buen uso de la informacio\u0301n, y en especial, la plena confidencialidad de los datos de cara\u0301cter personal contenidos en nuestros ficheros, asi\u0301 como el pleno cumplimiento de las obligaciones en materia de proteccio\u0301n de datos de cara\u0301cter personal.<\/p>\n<p><u><strong>Conservaci\u00f3n<\/strong>:<\/u><\/p>\n<p>Sus datos personales ser\u00e1n bloqueados cuando hayan dejado de ser necesarios para la finalidad para la cual fueron recabados, y en todo caso ser\u00e1n borrados en un plazo m\u00e1ximo de dos a\u00f1os desde que se inscribi\u00f3 en la oferta en el caso de que no se haya incorporado a la plantilla de Win Systems y otorgue consentimiento expreso para ello.<\/p>\n<p>Win Systems se compromete a respetar su confidencialidad en el tratamiento de sus datos personales, y le informa que Usted tiene derecho a obtener informaci\u00f3n sobre si en Win Systems estamos tratando sus datos personales, por lo que puede ejercer sus derechos de acceso, rectificaci\u00f3n, supresi\u00f3n y portabilidad de datos y oposici\u00f3n y limitaci\u00f3n a su tratamiento ante Win Systems Solutions SL, Paseo de la Castellana 93 Madrid o a siguiente direcci\u00f3n: <a href=\"mailto:legal@winsysgroup.com\">legal@winsysgroup.com<\/a> y\/o <a href=\"mailto:humanresources@winsysgroup.com\">humanresources@winsysgroup.com<\/a>; e identific\u00e1ndose suficientemente en su solicitud por medios electr\u00f3nicos o, en su defecto, mediante solicitud debidamente firmada. No obstante, si tuvi\u00e9semos dudas razonables en relaci\u00f3n con la identidad de la persona f\u00edsica que cursa la solicitud, se podr\u00e1 solicitar que se facilite informaci\u00f3n adicional necesaria para confirmar su identidad. Asimismo, y especialmente si considera que no ha obtenido satisfacci\u00f3n plena en el ejercicio de sus derechos, podr\u00e1 presentar una reclamaci\u00f3n ante la autoridad nacional de control, dirigi\u00e9ndose a estos efectos a la Agencia Espa\u00f1ola de Protecci\u00f3n de Datos, C\/ Jorge Juan, 6 \u2013 28001 Madrid.<\/p>\n","protected":false},"excerpt":{"rendered":"<p>Le informamos que la recogida de sus datos se realiza con base en la normativa vigente sobre la materia: Ley 3\/2018, de 5 de diciembre, de Protecci\u00f3n de Datos Personales y Garant\u00eda de los Derechos Digitales, y Reglamento (UE) 2016\/679 del Parlamento Europeo y del Consejo, de 27 de abril de 2016, relativo a la [&hellip;]<\/p>\n","protected":false},"author":1,"featured_media":0,"parent":0,"menu_order":0,"comment_status":"closed","ping_status":"closed","template":"","meta":[],"yoast_head":"<!-- This site is optimized with the Yoast SEO plugin v20.8 - https:\/\/yoast.com\/wordpress\/plugins\/seo\/ -->\n<title>CL\u00c1USULA DE INFORMACI\u00d3N SOBRE EL TRATAMIENTO DE DATOS PERSONALES DE CV - Win Systems Espa\u00f1ol<\/title>\n<meta name=\"robots\" content=\"index, follow, max-snippet:-1, max-image-preview:large, max-video-preview:-1\" \/>\n<link rel=\"canonical\" href=\"https:\/\/winsysgroup.com\/es\/clausula-de-consentimiento-para-el-tratamiento-de-cv\/\" \/>\n<meta property=\"og:locale\" content=\"es_ES\" \/>\n<meta property=\"og:type\" content=\"article\" \/>\n<meta property=\"og:title\" content=\"CL\u00c1USULA DE INFORMACI\u00d3N SOBRE EL TRATAMIENTO DE DATOS PERSONALES DE CV - Win Systems Espa\u00f1ol\" \/>\n<meta property=\"og:description\" content=\"Le informamos que la recogida de sus datos se realiza con base en la normativa vigente sobre la materia: Ley 3\/2018, de 5 de diciembre, de Protecci\u00f3n de Datos Personales y Garant\u00eda de los Derechos Digitales, y Reglamento (UE) 2016\/679 del Parlamento Europeo y del Consejo, de 27 de abril de 2016, relativo a la [&hellip;]\" \/>\n<meta property=\"og:url\" content=\"https:\/\/winsysgroup.com\/es\/clausula-de-consentimiento-para-el-tratamiento-de-cv\/\" \/>\n<meta property=\"og:site_name\" content=\"Win Systems Espa\u00f1ol\" \/>\n<meta property=\"article:modified_time\" content=\"2024-07-31T11:07:13+00:00\" \/>\n<meta name=\"twitter:card\" content=\"summary_large_image\" \/>\n<meta name=\"twitter:label1\" content=\"Tiempo de lectura\" \/>\n\t<meta name=\"twitter:data1\" content=\"3 minutos\" \/>\n<script type=\"application\/ld+json\" class=\"yoast-schema-graph\">{\"@context\":\"https:\/\/schema.org\",\"@graph\":[{\"@type\":\"WebPage\",\"@id\":\"https:\/\/winsysgroup.com\/es\/clausula-de-consentimiento-para-el-tratamiento-de-cv\/\",\"url\":\"https:\/\/winsysgroup.com\/es\/clausula-de-consentimiento-para-el-tratamiento-de-cv\/\",\"name\":\"CL\u00c1USULA DE INFORMACI\u00d3N SOBRE EL TRATAMIENTO DE DATOS PERSONALES DE CV - Win Systems Espa\u00f1ol\",\"isPartOf\":{\"@id\":\"https:\/\/winsysgroup.com\/es\/#website\"},\"datePublished\":\"2023-07-07T10:52:53+00:00\",\"dateModified\":\"2024-07-31T11:07:13+00:00\",\"breadcrumb\":{\"@id\":\"https:\/\/winsysgroup.com\/es\/clausula-de-consentimiento-para-el-tratamiento-de-cv\/#breadcrumb\"},\"inLanguage\":\"es\",\"potentialAction\":[{\"@type\":\"ReadAction\",\"target\":[\"https:\/\/winsysgroup.com\/es\/clausula-de-consentimiento-para-el-tratamiento-de-cv\/\"]}]},{\"@type\":\"BreadcrumbList\",\"@id\":\"https:\/\/winsysgroup.com\/es\/clausula-de-consentimiento-para-el-tratamiento-de-cv\/#breadcrumb\",\"itemListElement\":[{\"@type\":\"ListItem\",\"position\":1,\"name\":\"Home\",\"item\":\"https:\/\/winsysgroup.com\/es\/\"},{\"@type\":\"ListItem\",\"position\":2,\"name\":\"CL\u00c1USULA DE INFORMACI\u00d3N SOBRE EL TRATAMIENTO DE DATOS PERSONALES DE CV\"}]},{\"@type\":\"WebSite\",\"@id\":\"https:\/\/winsysgroup.com\/es\/#website\",\"url\":\"https:\/\/winsysgroup.com\/es\/\",\"name\":\"Win Systems Espa\u00f1ol\",\"description\":\"Win Systems Website\",\"potentialAction\":[{\"@type\":\"SearchAction\",\"target\":{\"@type\":\"EntryPoint\",\"urlTemplate\":\"https:\/\/winsysgroup.com\/es\/?s={search_term_string}\"},\"query-input\":\"required name=search_term_string\"}],\"inLanguage\":\"es\"}]}<\/script>\n<!-- \/ Yoast SEO plugin. -->","yoast_head_json":{"title":"CL\u00c1USULA DE INFORMACI\u00d3N SOBRE EL TRATAMIENTO DE DATOS PERSONALES DE CV - Win Systems Espa\u00f1ol","robots":{"index":"index","follow":"follow","max-snippet":"max-snippet:-1","max-image-preview":"max-image-preview:large","max-video-preview":"max-video-preview:-1"},"canonical":"https:\/\/winsysgroup.com\/es\/clausula-de-consentimiento-para-el-tratamiento-de-cv\/","og_locale":"es_ES","og_type":"article","og_title":"CL\u00c1USULA DE INFORMACI\u00d3N SOBRE EL TRATAMIENTO DE DATOS PERSONALES DE CV - Win Systems Espa\u00f1ol","og_description":"Le informamos que la recogida de sus datos se realiza con base en la normativa vigente sobre la materia: Ley 3\/2018, de 5 de diciembre, de Protecci\u00f3n de Datos Personales y Garant\u00eda de los Derechos Digitales, y Reglamento (UE) 2016\/679 del Parlamento Europeo y del Consejo, de 27 de abril de 2016, relativo a la [&hellip;]","og_url":"https:\/\/winsysgroup.com\/es\/clausula-de-consentimiento-para-el-tratamiento-de-cv\/","og_site_name":"Win Systems Espa\u00f1ol","article_modified_time":"2024-07-31T11:07:13+00:00","twitter_card":"summary_large_image","twitter_misc":{"Tiempo de lectura":"3 minutos"},"schema":{"@context":"https:\/\/schema.org","@graph":[{"@type":"WebPage","@id":"https:\/\/winsysgroup.com\/es\/clausula-de-consentimiento-para-el-tratamiento-de-cv\/","url":"https:\/\/winsysgroup.com\/es\/clausula-de-consentimiento-para-el-tratamiento-de-cv\/","name":"CL\u00c1USULA DE INFORMACI\u00d3N SOBRE EL TRATAMIENTO DE DATOS PERSONALES DE CV - Win Systems Espa\u00f1ol","isPartOf":{"@id":"https:\/\/winsysgroup.com\/es\/#website"},"datePublished":"2023-07-07T10:52:53+00:00","dateModified":"2024-07-31T11:07:13+00:00","breadcrumb":{"@id":"https:\/\/winsysgroup.com\/es\/clausula-de-consentimiento-para-el-tratamiento-de-cv\/#breadcrumb"},"inLanguage":"es","potentialAction":[{"@type":"ReadAction","target":["https:\/\/winsysgroup.com\/es\/clausula-de-consentimiento-para-el-tratamiento-de-cv\/"]}]},{"@type":"BreadcrumbList","@id":"https:\/\/winsysgroup.com\/es\/clausula-de-consentimiento-para-el-tratamiento-de-cv\/#breadcrumb","itemListElement":[{"@type":"ListItem","position":1,"name":"Home","item":"https:\/\/winsysgroup.com\/es\/"},{"@type":"ListItem","position":2,"name":"CL\u00c1USULA DE INFORMACI\u00d3N SOBRE EL TRATAMIENTO DE DATOS PERSONALES DE CV"}]},{"@type":"WebSite","@id":"https:\/\/winsysgroup.com\/es\/#website","url":"https:\/\/winsysgroup.com\/es\/","name":"Win Systems Espa\u00f1ol","description":"Win Systems Website","potentialAction":[{"@type":"SearchAction","target":{"@type":"EntryPoint","urlTemplate":"https:\/\/winsysgroup.com\/es\/?s={search_term_string}"},"query-input":"required name=search_term_string"}],"inLanguage":"es"}]}},"_links":{"self":[{"href":"https:\/\/winsysgroup.com\/es\/wp-json\/wp\/v2\/pages\/2935"}],"collection":[{"href":"https:\/\/winsysgroup.com\/es\/wp-json\/wp\/v2\/pages"}],"about":[{"href":"https:\/\/winsysgroup.com\/es\/wp-json\/wp\/v2\/types\/page"}],"author":[{"embeddable":true,"href":"https:\/\/winsysgroup.com\/es\/wp-json\/wp\/v2\/users\/1"}],"replies":[{"embeddable":true,"href":"https:\/\/winsysgroup.com\/es\/wp-json\/wp\/v2\/comments?post=2935"}],"version-history":[{"count":0,"href":"https:\/\/winsysgroup.com\/es\/wp-json\/wp\/v2\/pages\/2935\/revisions"}],"wp:attachment":[{"href":"https:\/\/winsysgroup.com\/es\/wp-json\/wp\/v2\/media?parent=2935"}],"curies":[{"name":"wp","href":"https:\/\/api.w.org\/{rel}","templated":true}]}}