{"id":13,"date":"2017-05-29T19:40:23","date_gmt":"2017-05-29T19:40:23","guid":{"rendered":"http:\/\/winsysgroup.com-wp\/en\/?page_id=13"},"modified":"2023-11-06T15:20:56","modified_gmt":"2023-11-06T15:20:56","slug":"home","status":"publish","type":"page","link":"https:\/\/winsysgroup.com\/es\/","title":{"rendered":"Home"},"content":{"rendered":"","protected":false},"excerpt":{"rendered":"","protected":false},"author":1,"featured_media":0,"parent":0,"menu_order":8,"comment_status":"closed","ping_status":"closed","template":"","meta":[],"yoast_head":"<!-- This site is optimized with the Yoast SEO plugin v20.8 - https:\/\/yoast.com\/wordpress\/plugins\/seo\/ -->\n<title>Software de Casino con m\u00e1s de 20 a\u00f1os de experiencia | Win Systems<\/title>\n<meta name=\"description\" content=\"Win Systems es un proveedor destacado de tecnolog\u00eda proveyendo software de casino, software para ruleta electr\u00f3nica y slot machines para casino management systems. Tenemos m\u00e1s de 20 a\u00f1os de experiencia con atenci\u00f3n al cliente 24\/7.\" \/>\n<meta name=\"robots\" content=\"index, follow, max-snippet:-1, max-image-preview:large, max-video-preview:-1\" \/>\n<link rel=\"canonical\" href=\"http:\/\/winsysgroup.com\/es\/\" \/>\n<meta property=\"og:locale\" content=\"es_ES\" \/>\n<meta property=\"og:type\" content=\"article\" \/>\n<meta property=\"og:title\" content=\"Software de Casino con m\u00e1s de 20 a\u00f1os de experiencia | Win Systems\" \/>\n<meta property=\"og:description\" content=\"Win Systems es un proveedor destacado de tecnolog\u00eda proveyendo software de casino, software para ruleta electr\u00f3nica y slot machines para casino management systems. Tenemos m\u00e1s de 20 a\u00f1os de experiencia con atenci\u00f3n al cliente 24\/7.\" \/>\n<meta property=\"og:url\" content=\"http:\/\/winsysgroup.com\/es\/\" \/>\n<meta property=\"og:site_name\" content=\"Win Systems Espa\u00f1ol\" \/>\n<meta property=\"article:modified_time\" content=\"2023-11-06T15:20:56+00:00\" \/>\n<meta name=\"twitter:card\" content=\"summary_large_image\" \/>\n<script type=\"application\/ld+json\" class=\"yoast-schema-graph\">{\"@context\":\"https:\/\/schema.org\",\"@graph\":[{\"@type\":\"WebPage\",\"@id\":\"http:\/\/winsysgroup.com\/es\/\",\"url\":\"http:\/\/winsysgroup.com\/es\/\",\"name\":\"Software de Casino con m\u00e1s de 20 a\u00f1os de experiencia | Win Systems\",\"isPartOf\":{\"@id\":\"http:\/\/winsysgroup.com\/es\/#website\"},\"datePublished\":\"2017-05-29T19:40:23+00:00\",\"dateModified\":\"2023-11-06T15:20:56+00:00\",\"description\":\"Win Systems es un proveedor destacado de tecnolog\u00eda proveyendo software de casino, software para ruleta electr\u00f3nica y slot machines para casino management systems. Tenemos m\u00e1s de 20 a\u00f1os de experiencia con atenci\u00f3n al cliente 24\/7.\",\"breadcrumb\":{\"@id\":\"http:\/\/winsysgroup.com\/es\/#breadcrumb\"},\"inLanguage\":\"es\",\"potentialAction\":[{\"@type\":\"ReadAction\",\"target\":[\"http:\/\/winsysgroup.com\/es\/\"]}]},{\"@type\":\"BreadcrumbList\",\"@id\":\"http:\/\/winsysgroup.com\/es\/#breadcrumb\",\"itemListElement\":[{\"@type\":\"ListItem\",\"position\":1,\"name\":\"Home\",\"item\":\"http:\/\/winsysgroup.com\/es\/\"},{\"@type\":\"ListItem\",\"position\":2,\"name\":\"Home\"}]},{\"@type\":\"WebSite\",\"@id\":\"http:\/\/winsysgroup.com\/es\/#website\",\"url\":\"http:\/\/winsysgroup.com\/es\/\",\"name\":\"Win Systems Espa\u00f1ol\",\"description\":\"Win Systems Website\",\"potentialAction\":[{\"@type\":\"SearchAction\",\"target\":{\"@type\":\"EntryPoint\",\"urlTemplate\":\"http:\/\/winsysgroup.com\/es\/?s={search_term_string}\"},\"query-input\":\"required name=search_term_string\"}],\"inLanguage\":\"es\"}]}<\/script>\n<!-- \/ Yoast SEO plugin. -->","yoast_head_json":{"title":"Software de Casino con m\u00e1s de 20 a\u00f1os de experiencia | Win Systems","description":"Win Systems es un proveedor destacado de tecnolog\u00eda proveyendo software de casino, software para ruleta electr\u00f3nica y slot machines para casino management systems. Tenemos m\u00e1s de 20 a\u00f1os de experiencia con atenci\u00f3n al cliente 24\/7.","robots":{"index":"index","follow":"follow","max-snippet":"max-snippet:-1","max-image-preview":"max-image-preview:large","max-video-preview":"max-video-preview:-1"},"canonical":"http:\/\/winsysgroup.com\/es\/","og_locale":"es_ES","og_type":"article","og_title":"Software de Casino con m\u00e1s de 20 a\u00f1os de experiencia | Win Systems","og_description":"Win Systems es un proveedor destacado de tecnolog\u00eda proveyendo software de casino, software para ruleta electr\u00f3nica y slot machines para casino management systems. Tenemos m\u00e1s de 20 a\u00f1os de experiencia con atenci\u00f3n al cliente 24\/7.","og_url":"http:\/\/winsysgroup.com\/es\/","og_site_name":"Win Systems Espa\u00f1ol","article_modified_time":"2023-11-06T15:20:56+00:00","twitter_card":"summary_large_image","schema":{"@context":"https:\/\/schema.org","@graph":[{"@type":"WebPage","@id":"http:\/\/winsysgroup.com\/es\/","url":"http:\/\/winsysgroup.com\/es\/","name":"Software de Casino con m\u00e1s de 20 a\u00f1os de experiencia | Win Systems","isPartOf":{"@id":"http:\/\/winsysgroup.com\/es\/#website"},"datePublished":"2017-05-29T19:40:23+00:00","dateModified":"2023-11-06T15:20:56+00:00","description":"Win Systems es un proveedor destacado de tecnolog\u00eda proveyendo software de casino, software para ruleta electr\u00f3nica y slot machines para casino management systems. Tenemos m\u00e1s de 20 a\u00f1os de experiencia con atenci\u00f3n al cliente 24\/7.","breadcrumb":{"@id":"http:\/\/winsysgroup.com\/es\/#breadcrumb"},"inLanguage":"es","potentialAction":[{"@type":"ReadAction","target":["http:\/\/winsysgroup.com\/es\/"]}]},{"@type":"BreadcrumbList","@id":"http:\/\/winsysgroup.com\/es\/#breadcrumb","itemListElement":[{"@type":"ListItem","position":1,"name":"Home","item":"http:\/\/winsysgroup.com\/es\/"},{"@type":"ListItem","position":2,"name":"Home"}]},{"@type":"WebSite","@id":"http:\/\/winsysgroup.com\/es\/#website","url":"http:\/\/winsysgroup.com\/es\/","name":"Win Systems Espa\u00f1ol","description":"Win Systems Website","potentialAction":[{"@type":"SearchAction","target":{"@type":"EntryPoint","urlTemplate":"http:\/\/winsysgroup.com\/es\/?s={search_term_string}"},"query-input":"required name=search_term_string"}],"inLanguage":"es"}]}},"_links":{"self":[{"href":"https:\/\/winsysgroup.com\/es\/wp-json\/wp\/v2\/pages\/13"}],"collection":[{"href":"https:\/\/winsysgroup.com\/es\/wp-json\/wp\/v2\/pages"}],"about":[{"href":"https:\/\/winsysgroup.com\/es\/wp-json\/wp\/v2\/types\/page"}],"author":[{"embeddable":true,"href":"https:\/\/winsysgroup.com\/es\/wp-json\/wp\/v2\/users\/1"}],"replies":[{"embeddable":true,"href":"https:\/\/winsysgroup.com\/es\/wp-json\/wp\/v2\/comments?post=13"}],"version-history":[{"count":0,"href":"https:\/\/winsysgroup.com\/es\/wp-json\/wp\/v2\/pages\/13\/revisions"}],"wp:attachment":[{"href":"https:\/\/winsysgroup.com\/es\/wp-json\/wp\/v2\/media?parent=13"}],"curies":[{"name":"wp","href":"https:\/\/api.w.org\/{rel}","templated":true}]}}