{"id":89,"date":"2017-05-30T14:32:15","date_gmt":"2017-05-30T14:32:15","guid":{"rendered":"http:\/\/winsysgroup.com-wp\/en\/?page_id=89"},"modified":"2018-06-06T15:59:21","modified_gmt":"2018-06-06T15:59:21","slug":"innovacion-en-sistemas","status":"publish","type":"page","link":"http:\/\/winsysgroup.com\/es\/innovacion-en-sistemas\/","title":{"rendered":"Innovaci\u00f3n en Sistemas"},"content":{"rendered":"<h2 style=\"text-align: center;\">ENFOQUE EN INTERACTIVIDAD Y FUNCIONALIDAD<\/h2>\n<p style=\"text-align: center;\">Nuestro compromiso con la innovaci\u00f3n de productos y la b\u00fasqueda de las \u00faltimas tecnolog\u00edas nos lleva a poder ofrecer las mejores soluciones. Seguimos evolucionando, perfeccionando y ampliando nuestra gama de productos, con el foco en la interactividad y funcionalidad de nuestras soluciones.<br \/>\n<strong>Win Systems<\/strong> tiene una larga trayectoria desarrollando sistemas innovadores del m\u00e1s alto nivel, que pueden procesar grandes cantidades de datos en tiempo real e interactuar en varios dispositivos.<\/p>\n","protected":false},"excerpt":{"rendered":"<p>ENFOQUE EN INTERACTIVIDAD Y FUNCIONALIDAD Nuestro compromiso con la innovaci\u00f3n de productos y la b\u00fasqueda de las \u00faltimas tecnolog\u00edas nos lleva a poder ofrecer las mejores soluciones. Seguimos evolucionando, perfeccionando y ampliando nuestra gama de productos, con el foco en la interactividad y funcionalidad de nuestras soluciones. Win Systems tiene una larga trayectoria desarrollando sistemas [&hellip;]<\/p>\n","protected":false},"author":1,"featured_media":0,"parent":0,"menu_order":12,"comment_status":"closed","ping_status":"closed","template":"page-product-list.php","meta":[],"yoast_head":"<!-- This site is optimized with the Yoast SEO plugin v20.8 - https:\/\/yoast.com\/wordpress\/plugins\/seo\/ -->\n<title>Innovaci\u00f3n en Sistemas - Win Systems Espa\u00f1ol<\/title>\n<meta name=\"robots\" content=\"index, follow, max-snippet:-1, max-image-preview:large, max-video-preview:-1\" \/>\n<link rel=\"canonical\" href=\"http:\/\/winsysgroup.com\/es\/innovacion-en-sistemas\/\" \/>\n<meta property=\"og:locale\" content=\"es_ES\" \/>\n<meta property=\"og:type\" content=\"article\" \/>\n<meta property=\"og:title\" content=\"Innovaci\u00f3n en Sistemas - Win Systems Espa\u00f1ol\" \/>\n<meta property=\"og:description\" content=\"ENFOQUE EN INTERACTIVIDAD Y FUNCIONALIDAD Nuestro compromiso con la innovaci\u00f3n de productos y la b\u00fasqueda de las \u00faltimas tecnolog\u00edas nos lleva a poder ofrecer las mejores soluciones. Seguimos evolucionando, perfeccionando y ampliando nuestra gama de productos, con el foco en la interactividad y funcionalidad de nuestras soluciones. Win Systems tiene una larga trayectoria desarrollando sistemas [&hellip;]\" \/>\n<meta property=\"og:url\" content=\"http:\/\/winsysgroup.com\/es\/innovacion-en-sistemas\/\" \/>\n<meta property=\"og:site_name\" content=\"Win Systems Espa\u00f1ol\" \/>\n<meta property=\"article:modified_time\" content=\"2018-06-06T15:59:21+00:00\" \/>\n<meta name=\"twitter:card\" content=\"summary_large_image\" \/>\n<script type=\"application\/ld+json\" class=\"yoast-schema-graph\">{\"@context\":\"https:\/\/schema.org\",\"@graph\":[{\"@type\":\"WebPage\",\"@id\":\"http:\/\/winsysgroup.com\/es\/innovacion-en-sistemas\/\",\"url\":\"http:\/\/winsysgroup.com\/es\/innovacion-en-sistemas\/\",\"name\":\"Innovaci\u00f3n en Sistemas - Win Systems Espa\u00f1ol\",\"isPartOf\":{\"@id\":\"https:\/\/winsysgroup.com\/es\/#website\"},\"datePublished\":\"2017-05-30T14:32:15+00:00\",\"dateModified\":\"2018-06-06T15:59:21+00:00\",\"breadcrumb\":{\"@id\":\"http:\/\/winsysgroup.com\/es\/innovacion-en-sistemas\/#breadcrumb\"},\"inLanguage\":\"es\",\"potentialAction\":[{\"@type\":\"ReadAction\",\"target\":[\"http:\/\/winsysgroup.com\/es\/innovacion-en-sistemas\/\"]}]},{\"@type\":\"BreadcrumbList\",\"@id\":\"http:\/\/winsysgroup.com\/es\/innovacion-en-sistemas\/#breadcrumb\",\"itemListElement\":[{\"@type\":\"ListItem\",\"position\":1,\"name\":\"Home\",\"item\":\"https:\/\/winsysgroup.com\/es\/\"},{\"@type\":\"ListItem\",\"position\":2,\"name\":\"Innovaci\u00f3n en Sistemas\"}]},{\"@type\":\"WebSite\",\"@id\":\"https:\/\/winsysgroup.com\/es\/#website\",\"url\":\"https:\/\/winsysgroup.com\/es\/\",\"name\":\"Win Systems Espa\u00f1ol\",\"description\":\"Win Systems Website\",\"potentialAction\":[{\"@type\":\"SearchAction\",\"target\":{\"@type\":\"EntryPoint\",\"urlTemplate\":\"https:\/\/winsysgroup.com\/es\/?s={search_term_string}\"},\"query-input\":\"required name=search_term_string\"}],\"inLanguage\":\"es\"}]}<\/script>\n<!-- \/ Yoast SEO plugin. -->","yoast_head_json":{"title":"Innovaci\u00f3n en Sistemas - Win Systems Espa\u00f1ol","robots":{"index":"index","follow":"follow","max-snippet":"max-snippet:-1","max-image-preview":"max-image-preview:large","max-video-preview":"max-video-preview:-1"},"canonical":"http:\/\/winsysgroup.com\/es\/innovacion-en-sistemas\/","og_locale":"es_ES","og_type":"article","og_title":"Innovaci\u00f3n en Sistemas - Win Systems Espa\u00f1ol","og_description":"ENFOQUE EN INTERACTIVIDAD Y FUNCIONALIDAD Nuestro compromiso con la innovaci\u00f3n de productos y la b\u00fasqueda de las \u00faltimas tecnolog\u00edas nos lleva a poder ofrecer las mejores soluciones. Seguimos evolucionando, perfeccionando y ampliando nuestra gama de productos, con el foco en la interactividad y funcionalidad de nuestras soluciones. Win Systems tiene una larga trayectoria desarrollando sistemas [&hellip;]","og_url":"http:\/\/winsysgroup.com\/es\/innovacion-en-sistemas\/","og_site_name":"Win Systems Espa\u00f1ol","article_modified_time":"2018-06-06T15:59:21+00:00","twitter_card":"summary_large_image","schema":{"@context":"https:\/\/schema.org","@graph":[{"@type":"WebPage","@id":"http:\/\/winsysgroup.com\/es\/innovacion-en-sistemas\/","url":"http:\/\/winsysgroup.com\/es\/innovacion-en-sistemas\/","name":"Innovaci\u00f3n en Sistemas - Win Systems Espa\u00f1ol","isPartOf":{"@id":"https:\/\/winsysgroup.com\/es\/#website"},"datePublished":"2017-05-30T14:32:15+00:00","dateModified":"2018-06-06T15:59:21+00:00","breadcrumb":{"@id":"http:\/\/winsysgroup.com\/es\/innovacion-en-sistemas\/#breadcrumb"},"inLanguage":"es","potentialAction":[{"@type":"ReadAction","target":["http:\/\/winsysgroup.com\/es\/innovacion-en-sistemas\/"]}]},{"@type":"BreadcrumbList","@id":"http:\/\/winsysgroup.com\/es\/innovacion-en-sistemas\/#breadcrumb","itemListElement":[{"@type":"ListItem","position":1,"name":"Home","item":"https:\/\/winsysgroup.com\/es\/"},{"@type":"ListItem","position":2,"name":"Innovaci\u00f3n en Sistemas"}]},{"@type":"WebSite","@id":"https:\/\/winsysgroup.com\/es\/#website","url":"https:\/\/winsysgroup.com\/es\/","name":"Win Systems Espa\u00f1ol","description":"Win Systems Website","potentialAction":[{"@type":"SearchAction","target":{"@type":"EntryPoint","urlTemplate":"https:\/\/winsysgroup.com\/es\/?s={search_term_string}"},"query-input":"required name=search_term_string"}],"inLanguage":"es"}]}},"_links":{"self":[{"href":"http:\/\/winsysgroup.com\/es\/wp-json\/wp\/v2\/pages\/89"}],"collection":[{"href":"http:\/\/winsysgroup.com\/es\/wp-json\/wp\/v2\/pages"}],"about":[{"href":"http:\/\/winsysgroup.com\/es\/wp-json\/wp\/v2\/types\/page"}],"author":[{"embeddable":true,"href":"http:\/\/winsysgroup.com\/es\/wp-json\/wp\/v2\/users\/1"}],"replies":[{"embeddable":true,"href":"http:\/\/winsysgroup.com\/es\/wp-json\/wp\/v2\/comments?post=89"}],"version-history":[{"count":0,"href":"http:\/\/winsysgroup.com\/es\/wp-json\/wp\/v2\/pages\/89\/revisions"}],"wp:attachment":[{"href":"http:\/\/winsysgroup.com\/es\/wp-json\/wp\/v2\/media?parent=89"}],"curies":[{"name":"wp","href":"https:\/\/api.w.org\/{rel}","templated":true}]}}