{"id":76,"date":"2017-05-29T20:37:59","date_gmt":"2017-05-29T20:37:59","guid":{"rendered":"http:\/\/winsysgroup.com-wp\/en\/?page_id=76"},"modified":"2026-03-26T10:11:22","modified_gmt":"2026-03-26T10:11:22","slug":"customer-care","status":"publish","type":"page","link":"http:\/\/winsysgroup.com\/es\/customer-care\/","title":{"rendered":"Customer Care 24\/7"},"content":{"rendered":"<h2 style=\"text-align: center\">\u00bfC\u00d3MO PODEMOS AYUDARLE?<\/h2>\n<p style=\"text-align: center\"><\/p><div class=\"button-links\"><a href=\"http:\/\/customercare.winsysgroup.com\/en\/login\" target=\"_blank\" rel=\"noopener noreferrer\">Customer Care Systems<\/a>\u00a0 <a href=\"mailto:GamingSupport@winsysgroup.com\">Customer Care Gaming<\/a> <a href=\"mailto:gsupportamericas@winsysgroup.com\" target=\"_blank\" rel=\"noopener noreferrer\">Customer Care Gaming M\u00e9xico<\/a><\/div><p><\/p>\n<p style=\"text-align: center\">En <strong>Win Systems<\/strong> nos enorgullecemos de ofrecer un servicio l\u00edder en el sector para todos nuestros clientes y todos nuestros productos. Nuestro departamento de <strong>Customer Care<\/strong> opera bajo los m\u00e1s altos est\u00e1ndares de calidad al tratar con cada una de las consultas que recibe.<\/p>\n<p style=\"text-align: center\">A lo largo de estos a\u00f1os, nos hemos ganado una excelente reputaci\u00f3n dando un servicio r\u00e1pido y eficaz a nuestros clientes, ya que nuestros expertos est\u00e1n capacitados para dar respuesta a temas relacionados tanto con sistemas como con hardware.<\/p>\n<p style=\"text-align: center\">La satisfacci\u00f3n del cliente es nuestra prioridad, con el objetivo de desarrollar relaciones sostenibles con todos los operadores para garantizar procesos eficientes, con respuestas a medida para cualquier situaci\u00f3n o necesidades de nuestros clientes.<\/p>\n<p style=\"text-align: center\">Con varias oficinas regionales, <strong>Customer Care<\/strong> puede dar respuesta a cada situaci\u00f3n con un especialista dedicado a cada caso para garantizar la m\u00e1xima calidad en las respuestas.<\/p>\n<p style=\"text-align: center\"><strong>Win Systems<\/strong> tiene como objetivo ofrecer una experiencia transparente y efectiva, permitiendo a los operadores dedicarse plenamente al \u00e9xito de sus operaciones.<\/p>\n<p style=\"text-align: center\">\n","protected":false},"excerpt":{"rendered":"<p>Respuesta inmediata garantizada<\/p>\n","protected":false},"author":1,"featured_media":0,"parent":0,"menu_order":4,"comment_status":"closed","ping_status":"closed","template":"page-customer-care.php","meta":[],"yoast_head":"<!-- This site is optimized with the Yoast SEO plugin v20.8 - https:\/\/yoast.com\/wordpress\/plugins\/seo\/ -->\n<title>Customer Care 24\/7 - Win Systems Espa\u00f1ol<\/title>\n<meta name=\"robots\" content=\"index, follow, max-snippet:-1, max-image-preview:large, max-video-preview:-1\" \/>\n<link rel=\"canonical\" href=\"http:\/\/winsysgroup.com\/es\/customer-care\/\" \/>\n<meta property=\"og:locale\" content=\"es_ES\" \/>\n<meta property=\"og:type\" content=\"article\" \/>\n<meta property=\"og:title\" content=\"Customer Care 24\/7 - Win Systems Espa\u00f1ol\" \/>\n<meta property=\"og:description\" content=\"Respuesta inmediata garantizada\" \/>\n<meta property=\"og:url\" content=\"http:\/\/winsysgroup.com\/es\/customer-care\/\" \/>\n<meta property=\"og:site_name\" content=\"Win Systems Espa\u00f1ol\" \/>\n<meta property=\"article:modified_time\" content=\"2026-03-26T10:11:22+00:00\" \/>\n<meta name=\"twitter:card\" content=\"summary_large_image\" \/>\n<meta name=\"twitter:label1\" content=\"Tiempo de lectura\" \/>\n\t<meta name=\"twitter:data1\" content=\"1 minuto\" \/>\n<script type=\"application\/ld+json\" class=\"yoast-schema-graph\">{\"@context\":\"https:\/\/schema.org\",\"@graph\":[{\"@type\":\"WebPage\",\"@id\":\"http:\/\/winsysgroup.com\/es\/customer-care\/\",\"url\":\"http:\/\/winsysgroup.com\/es\/customer-care\/\",\"name\":\"Customer Care 24\/7 - Win Systems Espa\u00f1ol\",\"isPartOf\":{\"@id\":\"https:\/\/winsysgroup.com\/es\/#website\"},\"datePublished\":\"2017-05-29T20:37:59+00:00\",\"dateModified\":\"2026-03-26T10:11:22+00:00\",\"breadcrumb\":{\"@id\":\"http:\/\/winsysgroup.com\/es\/customer-care\/#breadcrumb\"},\"inLanguage\":\"es\",\"potentialAction\":[{\"@type\":\"ReadAction\",\"target\":[\"http:\/\/winsysgroup.com\/es\/customer-care\/\"]}]},{\"@type\":\"BreadcrumbList\",\"@id\":\"http:\/\/winsysgroup.com\/es\/customer-care\/#breadcrumb\",\"itemListElement\":[{\"@type\":\"ListItem\",\"position\":1,\"name\":\"Home\",\"item\":\"https:\/\/winsysgroup.com\/es\/\"},{\"@type\":\"ListItem\",\"position\":2,\"name\":\"Customer Care 24\/7\"}]},{\"@type\":\"WebSite\",\"@id\":\"https:\/\/winsysgroup.com\/es\/#website\",\"url\":\"https:\/\/winsysgroup.com\/es\/\",\"name\":\"Win Systems Espa\u00f1ol\",\"description\":\"Win Systems Website\",\"potentialAction\":[{\"@type\":\"SearchAction\",\"target\":{\"@type\":\"EntryPoint\",\"urlTemplate\":\"https:\/\/winsysgroup.com\/es\/?s={search_term_string}\"},\"query-input\":\"required name=search_term_string\"}],\"inLanguage\":\"es\"}]}<\/script>\n<!-- \/ Yoast SEO plugin. -->","yoast_head_json":{"title":"Customer Care 24\/7 - Win Systems Espa\u00f1ol","robots":{"index":"index","follow":"follow","max-snippet":"max-snippet:-1","max-image-preview":"max-image-preview:large","max-video-preview":"max-video-preview:-1"},"canonical":"http:\/\/winsysgroup.com\/es\/customer-care\/","og_locale":"es_ES","og_type":"article","og_title":"Customer Care 24\/7 - Win Systems Espa\u00f1ol","og_description":"Respuesta inmediata garantizada","og_url":"http:\/\/winsysgroup.com\/es\/customer-care\/","og_site_name":"Win Systems Espa\u00f1ol","article_modified_time":"2026-03-26T10:11:22+00:00","twitter_card":"summary_large_image","twitter_misc":{"Tiempo de lectura":"1 minuto"},"schema":{"@context":"https:\/\/schema.org","@graph":[{"@type":"WebPage","@id":"http:\/\/winsysgroup.com\/es\/customer-care\/","url":"http:\/\/winsysgroup.com\/es\/customer-care\/","name":"Customer Care 24\/7 - Win Systems Espa\u00f1ol","isPartOf":{"@id":"https:\/\/winsysgroup.com\/es\/#website"},"datePublished":"2017-05-29T20:37:59+00:00","dateModified":"2026-03-26T10:11:22+00:00","breadcrumb":{"@id":"http:\/\/winsysgroup.com\/es\/customer-care\/#breadcrumb"},"inLanguage":"es","potentialAction":[{"@type":"ReadAction","target":["http:\/\/winsysgroup.com\/es\/customer-care\/"]}]},{"@type":"BreadcrumbList","@id":"http:\/\/winsysgroup.com\/es\/customer-care\/#breadcrumb","itemListElement":[{"@type":"ListItem","position":1,"name":"Home","item":"https:\/\/winsysgroup.com\/es\/"},{"@type":"ListItem","position":2,"name":"Customer Care 24\/7"}]},{"@type":"WebSite","@id":"https:\/\/winsysgroup.com\/es\/#website","url":"https:\/\/winsysgroup.com\/es\/","name":"Win Systems Espa\u00f1ol","description":"Win Systems Website","potentialAction":[{"@type":"SearchAction","target":{"@type":"EntryPoint","urlTemplate":"https:\/\/winsysgroup.com\/es\/?s={search_term_string}"},"query-input":"required name=search_term_string"}],"inLanguage":"es"}]}},"_links":{"self":[{"href":"http:\/\/winsysgroup.com\/es\/wp-json\/wp\/v2\/pages\/76"}],"collection":[{"href":"http:\/\/winsysgroup.com\/es\/wp-json\/wp\/v2\/pages"}],"about":[{"href":"http:\/\/winsysgroup.com\/es\/wp-json\/wp\/v2\/types\/page"}],"author":[{"embeddable":true,"href":"http:\/\/winsysgroup.com\/es\/wp-json\/wp\/v2\/users\/1"}],"replies":[{"embeddable":true,"href":"http:\/\/winsysgroup.com\/es\/wp-json\/wp\/v2\/comments?post=76"}],"version-history":[{"count":0,"href":"http:\/\/winsysgroup.com\/es\/wp-json\/wp\/v2\/pages\/76\/revisions"}],"wp:attachment":[{"href":"http:\/\/winsysgroup.com\/es\/wp-json\/wp\/v2\/media?parent=76"}],"curies":[{"name":"wp","href":"https:\/\/api.w.org\/{rel}","templated":true}]}}