{"id":74,"date":"2017-05-29T20:37:29","date_gmt":"2017-05-29T20:37:29","guid":{"rendered":"http:\/\/winsysgroup.com-wp\/en\/?page_id=74"},"modified":"2023-11-06T16:24:58","modified_gmt":"2023-11-06T16:24:58","slug":"employee-journey","status":"publish","type":"page","link":"http:\/\/winsysgroup.com\/es\/employee-journey\/","title":{"rendered":"Nuestro equipo"},"content":{"rendered":"<h2 style=\"text-align: center\">NUESTRA CULTURA<\/h2>\n<p style=\"text-align: center\">Somos un equipo de alto rendimiento. Todos damos lo mejor y m\u00e1s positivo de nosotros mismos para crear sinergias que nos lleven a superar nuestros objetivos. El rol de cada uno de nosotros es cr\u00edtico para el logro de nuestras metas globales.<\/p>\n<p style=\"text-align: center\">En l\u00ednea con nuestros valores, promovemos una comunicaci\u00f3n abierta, as\u00ed como la creatividad y la innovaci\u00f3n. Fomentamos en nuestros colaboradores el desarrollo de nuevas ideas que agreguen valor a los procesos, m\u00e9todos y productos, a la vez que buscamos mejorar las condiciones de trabajo y de calidad de vida.<\/p>\n","protected":false},"excerpt":{"rendered":"<p>Nuestra gente, el activo m\u00e1s valioso<\/p>\n","protected":false},"author":1,"featured_media":0,"parent":0,"menu_order":7,"comment_status":"closed","ping_status":"closed","template":"page-employee-journey.php","meta":[],"yoast_head":"<!-- This site is optimized with the Yoast SEO plugin v20.8 - https:\/\/yoast.com\/wordpress\/plugins\/seo\/ -->\n<title>Nuestro equipo - Win Systems Espa\u00f1ol<\/title>\n<meta name=\"robots\" content=\"index, follow, max-snippet:-1, max-image-preview:large, max-video-preview:-1\" \/>\n<link rel=\"canonical\" href=\"http:\/\/winsysgroup.com\/es\/employee-journey\/\" \/>\n<meta property=\"og:locale\" content=\"es_ES\" \/>\n<meta property=\"og:type\" content=\"article\" \/>\n<meta property=\"og:title\" content=\"Nuestro equipo - Win Systems Espa\u00f1ol\" \/>\n<meta property=\"og:description\" content=\"Nuestra gente, el activo m\u00e1s valioso\" \/>\n<meta property=\"og:url\" content=\"http:\/\/winsysgroup.com\/es\/employee-journey\/\" \/>\n<meta property=\"og:site_name\" content=\"Win Systems Espa\u00f1ol\" \/>\n<meta property=\"article:modified_time\" content=\"2023-11-06T16:24:58+00:00\" \/>\n<meta name=\"twitter:card\" content=\"summary_large_image\" \/>\n<meta name=\"twitter:label1\" content=\"Tiempo de lectura\" \/>\n\t<meta name=\"twitter:data1\" content=\"1 minuto\" \/>\n<script type=\"application\/ld+json\" class=\"yoast-schema-graph\">{\"@context\":\"https:\/\/schema.org\",\"@graph\":[{\"@type\":\"WebPage\",\"@id\":\"http:\/\/winsysgroup.com\/es\/employee-journey\/\",\"url\":\"http:\/\/winsysgroup.com\/es\/employee-journey\/\",\"name\":\"Nuestro equipo - Win Systems Espa\u00f1ol\",\"isPartOf\":{\"@id\":\"https:\/\/winsysgroup.com\/es\/#website\"},\"datePublished\":\"2017-05-29T20:37:29+00:00\",\"dateModified\":\"2023-11-06T16:24:58+00:00\",\"breadcrumb\":{\"@id\":\"http:\/\/winsysgroup.com\/es\/employee-journey\/#breadcrumb\"},\"inLanguage\":\"es\",\"potentialAction\":[{\"@type\":\"ReadAction\",\"target\":[\"http:\/\/winsysgroup.com\/es\/employee-journey\/\"]}]},{\"@type\":\"BreadcrumbList\",\"@id\":\"http:\/\/winsysgroup.com\/es\/employee-journey\/#breadcrumb\",\"itemListElement\":[{\"@type\":\"ListItem\",\"position\":1,\"name\":\"Home\",\"item\":\"https:\/\/winsysgroup.com\/es\/\"},{\"@type\":\"ListItem\",\"position\":2,\"name\":\"Nuestro equipo\"}]},{\"@type\":\"WebSite\",\"@id\":\"https:\/\/winsysgroup.com\/es\/#website\",\"url\":\"https:\/\/winsysgroup.com\/es\/\",\"name\":\"Win Systems Espa\u00f1ol\",\"description\":\"Win Systems Website\",\"potentialAction\":[{\"@type\":\"SearchAction\",\"target\":{\"@type\":\"EntryPoint\",\"urlTemplate\":\"https:\/\/winsysgroup.com\/es\/?s={search_term_string}\"},\"query-input\":\"required name=search_term_string\"}],\"inLanguage\":\"es\"}]}<\/script>\n<!-- \/ Yoast SEO plugin. -->","yoast_head_json":{"title":"Nuestro equipo - Win Systems Espa\u00f1ol","robots":{"index":"index","follow":"follow","max-snippet":"max-snippet:-1","max-image-preview":"max-image-preview:large","max-video-preview":"max-video-preview:-1"},"canonical":"http:\/\/winsysgroup.com\/es\/employee-journey\/","og_locale":"es_ES","og_type":"article","og_title":"Nuestro equipo - Win Systems Espa\u00f1ol","og_description":"Nuestra gente, el activo m\u00e1s valioso","og_url":"http:\/\/winsysgroup.com\/es\/employee-journey\/","og_site_name":"Win Systems Espa\u00f1ol","article_modified_time":"2023-11-06T16:24:58+00:00","twitter_card":"summary_large_image","twitter_misc":{"Tiempo de lectura":"1 minuto"},"schema":{"@context":"https:\/\/schema.org","@graph":[{"@type":"WebPage","@id":"http:\/\/winsysgroup.com\/es\/employee-journey\/","url":"http:\/\/winsysgroup.com\/es\/employee-journey\/","name":"Nuestro equipo - Win Systems Espa\u00f1ol","isPartOf":{"@id":"https:\/\/winsysgroup.com\/es\/#website"},"datePublished":"2017-05-29T20:37:29+00:00","dateModified":"2023-11-06T16:24:58+00:00","breadcrumb":{"@id":"http:\/\/winsysgroup.com\/es\/employee-journey\/#breadcrumb"},"inLanguage":"es","potentialAction":[{"@type":"ReadAction","target":["http:\/\/winsysgroup.com\/es\/employee-journey\/"]}]},{"@type":"BreadcrumbList","@id":"http:\/\/winsysgroup.com\/es\/employee-journey\/#breadcrumb","itemListElement":[{"@type":"ListItem","position":1,"name":"Home","item":"https:\/\/winsysgroup.com\/es\/"},{"@type":"ListItem","position":2,"name":"Nuestro equipo"}]},{"@type":"WebSite","@id":"https:\/\/winsysgroup.com\/es\/#website","url":"https:\/\/winsysgroup.com\/es\/","name":"Win Systems Espa\u00f1ol","description":"Win Systems Website","potentialAction":[{"@type":"SearchAction","target":{"@type":"EntryPoint","urlTemplate":"https:\/\/winsysgroup.com\/es\/?s={search_term_string}"},"query-input":"required name=search_term_string"}],"inLanguage":"es"}]}},"_links":{"self":[{"href":"http:\/\/winsysgroup.com\/es\/wp-json\/wp\/v2\/pages\/74"}],"collection":[{"href":"http:\/\/winsysgroup.com\/es\/wp-json\/wp\/v2\/pages"}],"about":[{"href":"http:\/\/winsysgroup.com\/es\/wp-json\/wp\/v2\/types\/page"}],"author":[{"embeddable":true,"href":"http:\/\/winsysgroup.com\/es\/wp-json\/wp\/v2\/users\/1"}],"replies":[{"embeddable":true,"href":"http:\/\/winsysgroup.com\/es\/wp-json\/wp\/v2\/comments?post=74"}],"version-history":[{"count":0,"href":"http:\/\/winsysgroup.com\/es\/wp-json\/wp\/v2\/pages\/74\/revisions"}],"wp:attachment":[{"href":"http:\/\/winsysgroup.com\/es\/wp-json\/wp\/v2\/media?parent=74"}],"curies":[{"name":"wp","href":"https:\/\/api.w.org\/{rel}","templated":true}]}}