{"id":68,"date":"2017-05-29T20:36:22","date_gmt":"2017-05-29T20:36:22","guid":{"rendered":"http:\/\/winsysgroup.com-wp\/en\/?page_id=68"},"modified":"2023-07-14T13:35:20","modified_gmt":"2023-07-14T13:35:20","slug":"casino-solutions","status":"publish","type":"page","link":"http:\/\/winsysgroup.com\/es\/casino-solutions\/","title":{"rendered":"Soluciones para el casino"},"content":{"rendered":"<h2 style=\"text-align: center\">INNOVADORAS SOLUCIONES INTEGRALES PARA CASINOS<\/h2>\n<p style=\"text-align: center\">Nuestra amplia gama de productos ofrece soluciones integrales para cubrir todas las necesidades del casino, independientemente de su tama\u00f1o.<\/p>\n<p style=\"text-align: center\"><strong>WIGOS<\/strong>\u2122, el sistema de gesti\u00f3n de casinos l\u00edder en el mercado, las ruletas electr\u00f3nicas de \u00faltima generaci\u00f3n <strong>Gold Club<\/strong>\u2122 y las innovadoras m\u00e1quinas de juego <strong>GameStar<\/strong>\u2122 permiten integrar una oferta rentable y flexible para su casino.<\/p>\n","protected":false},"excerpt":{"rendered":"<p>INNOVADORAS SOLUCIONES INTEGRALES PARA CASINOS Nuestra amplia gama de productos ofrece soluciones integrales para cubrir todas las necesidades del casino, independientemente de su tama\u00f1o. WIGOS\u2122, el sistema de gesti\u00f3n de casinos l\u00edder en el mercado, las ruletas electr\u00f3nicas de \u00faltima generaci\u00f3n Gold Club\u2122 y las innovadoras m\u00e1quinas de juego GameStar\u2122 permiten integrar una oferta rentable [&hellip;]<\/p>\n","protected":false},"author":1,"featured_media":0,"parent":0,"menu_order":5,"comment_status":"closed","ping_status":"closed","template":"page-casino-solutions.php","meta":[],"yoast_head":"<!-- This site is optimized with the Yoast SEO plugin v20.8 - https:\/\/yoast.com\/wordpress\/plugins\/seo\/ -->\n<title>Proveedores de software de casino | Win Systems<\/title>\n<meta name=\"description\" content=\"Nuestro rango de software de casino entregan soluciones integrales para cubrir todas las necesidades en tu casino, sin importar su tama\u00f1o. Vis\u00edtanos y conoce todo lo que ofrecemos: Business Intelligence para casino management system, software de ruleta electr\u00f3nica, slot machine software y m\u00e1s.\" \/>\n<meta name=\"robots\" content=\"index, follow, max-snippet:-1, max-image-preview:large, max-video-preview:-1\" \/>\n<link rel=\"canonical\" href=\"http:\/\/winsysgroup.com\/es\/casino-solutions\/\" \/>\n<meta property=\"og:locale\" content=\"es_ES\" \/>\n<meta property=\"og:type\" content=\"article\" \/>\n<meta property=\"og:title\" content=\"Proveedores de software de casino | Win Systems\" \/>\n<meta property=\"og:description\" content=\"Nuestro rango de software de casino entregan soluciones integrales para cubrir todas las necesidades en tu casino, sin importar su tama\u00f1o. Vis\u00edtanos y conoce todo lo que ofrecemos: Business Intelligence para casino management system, software de ruleta electr\u00f3nica, slot machine software y m\u00e1s.\" \/>\n<meta property=\"og:url\" content=\"http:\/\/winsysgroup.com\/es\/casino-solutions\/\" \/>\n<meta property=\"og:site_name\" content=\"Win Systems Espa\u00f1ol\" \/>\n<meta property=\"article:modified_time\" content=\"2023-07-14T13:35:20+00:00\" \/>\n<meta name=\"twitter:card\" content=\"summary_large_image\" \/>\n<meta name=\"twitter:label1\" content=\"Tiempo de lectura\" \/>\n\t<meta name=\"twitter:data1\" content=\"1 minuto\" \/>\n<script type=\"application\/ld+json\" class=\"yoast-schema-graph\">{\"@context\":\"https:\/\/schema.org\",\"@graph\":[{\"@type\":\"WebPage\",\"@id\":\"http:\/\/winsysgroup.com\/es\/casino-solutions\/\",\"url\":\"http:\/\/winsysgroup.com\/es\/casino-solutions\/\",\"name\":\"Proveedores de software de casino | Win Systems\",\"isPartOf\":{\"@id\":\"https:\/\/winsysgroup.com\/es\/#website\"},\"datePublished\":\"2017-05-29T20:36:22+00:00\",\"dateModified\":\"2023-07-14T13:35:20+00:00\",\"description\":\"Nuestro rango de software de casino entregan soluciones integrales para cubrir todas las necesidades en tu casino, sin importar su tama\u00f1o. Vis\u00edtanos y conoce todo lo que ofrecemos: Business Intelligence para casino management system, software de ruleta electr\u00f3nica, slot machine software y m\u00e1s.\",\"breadcrumb\":{\"@id\":\"http:\/\/winsysgroup.com\/es\/casino-solutions\/#breadcrumb\"},\"inLanguage\":\"es\",\"potentialAction\":[{\"@type\":\"ReadAction\",\"target\":[\"http:\/\/winsysgroup.com\/es\/casino-solutions\/\"]}]},{\"@type\":\"BreadcrumbList\",\"@id\":\"http:\/\/winsysgroup.com\/es\/casino-solutions\/#breadcrumb\",\"itemListElement\":[{\"@type\":\"ListItem\",\"position\":1,\"name\":\"Home\",\"item\":\"https:\/\/winsysgroup.com\/es\/\"},{\"@type\":\"ListItem\",\"position\":2,\"name\":\"Soluciones para el casino\"}]},{\"@type\":\"WebSite\",\"@id\":\"https:\/\/winsysgroup.com\/es\/#website\",\"url\":\"https:\/\/winsysgroup.com\/es\/\",\"name\":\"Win Systems Espa\u00f1ol\",\"description\":\"Win Systems Website\",\"potentialAction\":[{\"@type\":\"SearchAction\",\"target\":{\"@type\":\"EntryPoint\",\"urlTemplate\":\"https:\/\/winsysgroup.com\/es\/?s={search_term_string}\"},\"query-input\":\"required name=search_term_string\"}],\"inLanguage\":\"es\"}]}<\/script>\n<!-- \/ Yoast SEO plugin. -->","yoast_head_json":{"title":"Proveedores de software de casino | Win Systems","description":"Nuestro rango de software de casino entregan soluciones integrales para cubrir todas las necesidades en tu casino, sin importar su tama\u00f1o. Vis\u00edtanos y conoce todo lo que ofrecemos: Business Intelligence para casino management system, software de ruleta electr\u00f3nica, slot machine software y m\u00e1s.","robots":{"index":"index","follow":"follow","max-snippet":"max-snippet:-1","max-image-preview":"max-image-preview:large","max-video-preview":"max-video-preview:-1"},"canonical":"http:\/\/winsysgroup.com\/es\/casino-solutions\/","og_locale":"es_ES","og_type":"article","og_title":"Proveedores de software de casino | Win Systems","og_description":"Nuestro rango de software de casino entregan soluciones integrales para cubrir todas las necesidades en tu casino, sin importar su tama\u00f1o. Vis\u00edtanos y conoce todo lo que ofrecemos: Business Intelligence para casino management system, software de ruleta electr\u00f3nica, slot machine software y m\u00e1s.","og_url":"http:\/\/winsysgroup.com\/es\/casino-solutions\/","og_site_name":"Win Systems Espa\u00f1ol","article_modified_time":"2023-07-14T13:35:20+00:00","twitter_card":"summary_large_image","twitter_misc":{"Tiempo de lectura":"1 minuto"},"schema":{"@context":"https:\/\/schema.org","@graph":[{"@type":"WebPage","@id":"http:\/\/winsysgroup.com\/es\/casino-solutions\/","url":"http:\/\/winsysgroup.com\/es\/casino-solutions\/","name":"Proveedores de software de casino | Win Systems","isPartOf":{"@id":"https:\/\/winsysgroup.com\/es\/#website"},"datePublished":"2017-05-29T20:36:22+00:00","dateModified":"2023-07-14T13:35:20+00:00","description":"Nuestro rango de software de casino entregan soluciones integrales para cubrir todas las necesidades en tu casino, sin importar su tama\u00f1o. Vis\u00edtanos y conoce todo lo que ofrecemos: Business Intelligence para casino management system, software de ruleta electr\u00f3nica, slot machine software y m\u00e1s.","breadcrumb":{"@id":"http:\/\/winsysgroup.com\/es\/casino-solutions\/#breadcrumb"},"inLanguage":"es","potentialAction":[{"@type":"ReadAction","target":["http:\/\/winsysgroup.com\/es\/casino-solutions\/"]}]},{"@type":"BreadcrumbList","@id":"http:\/\/winsysgroup.com\/es\/casino-solutions\/#breadcrumb","itemListElement":[{"@type":"ListItem","position":1,"name":"Home","item":"https:\/\/winsysgroup.com\/es\/"},{"@type":"ListItem","position":2,"name":"Soluciones para el casino"}]},{"@type":"WebSite","@id":"https:\/\/winsysgroup.com\/es\/#website","url":"https:\/\/winsysgroup.com\/es\/","name":"Win Systems Espa\u00f1ol","description":"Win Systems Website","potentialAction":[{"@type":"SearchAction","target":{"@type":"EntryPoint","urlTemplate":"https:\/\/winsysgroup.com\/es\/?s={search_term_string}"},"query-input":"required name=search_term_string"}],"inLanguage":"es"}]}},"_links":{"self":[{"href":"http:\/\/winsysgroup.com\/es\/wp-json\/wp\/v2\/pages\/68"}],"collection":[{"href":"http:\/\/winsysgroup.com\/es\/wp-json\/wp\/v2\/pages"}],"about":[{"href":"http:\/\/winsysgroup.com\/es\/wp-json\/wp\/v2\/types\/page"}],"author":[{"embeddable":true,"href":"http:\/\/winsysgroup.com\/es\/wp-json\/wp\/v2\/users\/1"}],"replies":[{"embeddable":true,"href":"http:\/\/winsysgroup.com\/es\/wp-json\/wp\/v2\/comments?post=68"}],"version-history":[{"count":0,"href":"http:\/\/winsysgroup.com\/es\/wp-json\/wp\/v2\/pages\/68\/revisions"}],"wp:attachment":[{"href":"http:\/\/winsysgroup.com\/es\/wp-json\/wp\/v2\/media?parent=68"}],"curies":[{"name":"wp","href":"https:\/\/api.w.org\/{rel}","templated":true}]}}