{"id":62,"date":"2017-05-29T20:27:44","date_gmt":"2017-05-29T20:27:44","guid":{"rendered":"http:\/\/winsysgroup.com-wp\/en\/?page_id=62"},"modified":"2025-01-02T09:53:33","modified_gmt":"2025-01-02T09:53:33","slug":"slot-games","status":"publish","type":"page","link":"http:\/\/winsysgroup.com\/es\/slot-games\/","title":{"rendered":"Juegos"},"content":{"rendered":"<h2 style=\"text-align: center\"><strong>\u00a1DESCUBRA NUESTRA AMPLIA COLECCI\u00d3N DE JUEGOS!<\/strong><\/h2>\n<p style=\"text-align: center\">Nuestros juegos est\u00e1n dise\u00f1ados con los mejores gr\u00e1ficos, incre\u00edbles efectos de sonido y animaci\u00f3n para garantizar una extraordinaria inmersi\u00f3n y entretenimiento. Los jugadores pueden elegir entre una extensa variedad de t\u00edtulos, disfrutando de una experiencia \u00fanica sin tener que dejar la comodidad de su asiento.<\/p>\n<p style=\"text-align: center\"><strong>\u00a1Descubra nuestros nuevos lanzamientos!<\/strong><\/p>\n","protected":false},"excerpt":{"rendered":"<p>\u00a1DESCUBRA NUESTRA AMPLIA COLECCI\u00d3N DE JUEGOS! Nuestros juegos est\u00e1n dise\u00f1ados con los mejores gr\u00e1ficos, incre\u00edbles efectos de sonido y animaci\u00f3n para garantizar una extraordinaria inmersi\u00f3n y entretenimiento. Los jugadores pueden elegir entre una extensa variedad de t\u00edtulos, disfrutando de una experiencia \u00fanica sin tener que dejar la comodidad de su asiento. \u00a1Descubra nuestros nuevos lanzamientos!<\/p>\n","protected":false},"author":1,"featured_media":0,"parent":0,"menu_order":19,"comment_status":"closed","ping_status":"closed","template":"page-product-list.php","meta":[],"yoast_head":"<!-- This site is optimized with the Yoast SEO plugin v20.8 - https:\/\/yoast.com\/wordpress\/plugins\/seo\/ -->\n<title>Juegos para casino y casino software | Win System<\/title>\n<meta name=\"description\" content=\"Nuestros juegos est\u00e1n dise\u00f1ados con los mejores gr\u00e1ficos, incre\u00edbles efectos de sonido y animaci\u00f3n. Los jugadores pueden elegir entre una extensa variedad de t\u00edtulos, disfrutando de una experiencia \u00fanica sin tener que dejar la comodidad de su asiento.\" \/>\n<meta name=\"robots\" content=\"index, follow, max-snippet:-1, max-image-preview:large, max-video-preview:-1\" \/>\n<link rel=\"canonical\" href=\"https:\/\/winsysgroup.com\/es\/slot-games\/\" \/>\n<meta property=\"og:locale\" content=\"es_ES\" \/>\n<meta property=\"og:type\" content=\"article\" \/>\n<meta property=\"og:title\" content=\"Juegos para casino y casino software | Win System\" \/>\n<meta property=\"og:description\" content=\"Nuestros juegos est\u00e1n dise\u00f1ados con los mejores gr\u00e1ficos, incre\u00edbles efectos de sonido y animaci\u00f3n. Los jugadores pueden elegir entre una extensa variedad de t\u00edtulos, disfrutando de una experiencia \u00fanica sin tener que dejar la comodidad de su asiento.\" \/>\n<meta property=\"og:url\" content=\"https:\/\/winsysgroup.com\/es\/slot-games\/\" \/>\n<meta property=\"og:site_name\" content=\"Win Systems Espa\u00f1ol\" \/>\n<meta property=\"article:modified_time\" content=\"2025-01-02T09:53:33+00:00\" \/>\n<meta name=\"twitter:card\" content=\"summary_large_image\" \/>\n<meta name=\"twitter:label1\" content=\"Tiempo de lectura\" \/>\n\t<meta name=\"twitter:data1\" content=\"1 minuto\" \/>\n<script type=\"application\/ld+json\" class=\"yoast-schema-graph\">{\"@context\":\"https:\/\/schema.org\",\"@graph\":[{\"@type\":\"WebPage\",\"@id\":\"https:\/\/winsysgroup.com\/es\/slot-games\/\",\"url\":\"https:\/\/winsysgroup.com\/es\/slot-games\/\",\"name\":\"Juegos para casino y casino software | Win System\",\"isPartOf\":{\"@id\":\"http:\/\/winsysgroup.com\/es\/#website\"},\"datePublished\":\"2017-05-29T20:27:44+00:00\",\"dateModified\":\"2025-01-02T09:53:33+00:00\",\"description\":\"Nuestros juegos est\u00e1n dise\u00f1ados con los mejores gr\u00e1ficos, incre\u00edbles efectos de sonido y animaci\u00f3n. Los jugadores pueden elegir entre una extensa variedad de t\u00edtulos, disfrutando de una experiencia \u00fanica sin tener que dejar la comodidad de su asiento.\",\"breadcrumb\":{\"@id\":\"https:\/\/winsysgroup.com\/es\/slot-games\/#breadcrumb\"},\"inLanguage\":\"es\",\"potentialAction\":[{\"@type\":\"ReadAction\",\"target\":[\"https:\/\/winsysgroup.com\/es\/slot-games\/\"]}]},{\"@type\":\"BreadcrumbList\",\"@id\":\"https:\/\/winsysgroup.com\/es\/slot-games\/#breadcrumb\",\"itemListElement\":[{\"@type\":\"ListItem\",\"position\":1,\"name\":\"Home\",\"item\":\"http:\/\/winsysgroup.com\/es\/\"},{\"@type\":\"ListItem\",\"position\":2,\"name\":\"Juegos\"}]},{\"@type\":\"WebSite\",\"@id\":\"http:\/\/winsysgroup.com\/es\/#website\",\"url\":\"http:\/\/winsysgroup.com\/es\/\",\"name\":\"Win Systems Espa\u00f1ol\",\"description\":\"Win Systems Website\",\"potentialAction\":[{\"@type\":\"SearchAction\",\"target\":{\"@type\":\"EntryPoint\",\"urlTemplate\":\"http:\/\/winsysgroup.com\/es\/?s={search_term_string}\"},\"query-input\":\"required name=search_term_string\"}],\"inLanguage\":\"es\"}]}<\/script>\n<!-- \/ Yoast SEO plugin. -->","yoast_head_json":{"title":"Juegos para casino y casino software | Win System","description":"Nuestros juegos est\u00e1n dise\u00f1ados con los mejores gr\u00e1ficos, incre\u00edbles efectos de sonido y animaci\u00f3n. Los jugadores pueden elegir entre una extensa variedad de t\u00edtulos, disfrutando de una experiencia \u00fanica sin tener que dejar la comodidad de su asiento.","robots":{"index":"index","follow":"follow","max-snippet":"max-snippet:-1","max-image-preview":"max-image-preview:large","max-video-preview":"max-video-preview:-1"},"canonical":"https:\/\/winsysgroup.com\/es\/slot-games\/","og_locale":"es_ES","og_type":"article","og_title":"Juegos para casino y casino software | Win System","og_description":"Nuestros juegos est\u00e1n dise\u00f1ados con los mejores gr\u00e1ficos, incre\u00edbles efectos de sonido y animaci\u00f3n. Los jugadores pueden elegir entre una extensa variedad de t\u00edtulos, disfrutando de una experiencia \u00fanica sin tener que dejar la comodidad de su asiento.","og_url":"https:\/\/winsysgroup.com\/es\/slot-games\/","og_site_name":"Win Systems Espa\u00f1ol","article_modified_time":"2025-01-02T09:53:33+00:00","twitter_card":"summary_large_image","twitter_misc":{"Tiempo de lectura":"1 minuto"},"schema":{"@context":"https:\/\/schema.org","@graph":[{"@type":"WebPage","@id":"https:\/\/winsysgroup.com\/es\/slot-games\/","url":"https:\/\/winsysgroup.com\/es\/slot-games\/","name":"Juegos para casino y casino software | Win System","isPartOf":{"@id":"http:\/\/winsysgroup.com\/es\/#website"},"datePublished":"2017-05-29T20:27:44+00:00","dateModified":"2025-01-02T09:53:33+00:00","description":"Nuestros juegos est\u00e1n dise\u00f1ados con los mejores gr\u00e1ficos, incre\u00edbles efectos de sonido y animaci\u00f3n. Los jugadores pueden elegir entre una extensa variedad de t\u00edtulos, disfrutando de una experiencia \u00fanica sin tener que dejar la comodidad de su asiento.","breadcrumb":{"@id":"https:\/\/winsysgroup.com\/es\/slot-games\/#breadcrumb"},"inLanguage":"es","potentialAction":[{"@type":"ReadAction","target":["https:\/\/winsysgroup.com\/es\/slot-games\/"]}]},{"@type":"BreadcrumbList","@id":"https:\/\/winsysgroup.com\/es\/slot-games\/#breadcrumb","itemListElement":[{"@type":"ListItem","position":1,"name":"Home","item":"http:\/\/winsysgroup.com\/es\/"},{"@type":"ListItem","position":2,"name":"Juegos"}]},{"@type":"WebSite","@id":"http:\/\/winsysgroup.com\/es\/#website","url":"http:\/\/winsysgroup.com\/es\/","name":"Win Systems Espa\u00f1ol","description":"Win Systems Website","potentialAction":[{"@type":"SearchAction","target":{"@type":"EntryPoint","urlTemplate":"http:\/\/winsysgroup.com\/es\/?s={search_term_string}"},"query-input":"required name=search_term_string"}],"inLanguage":"es"}]}},"_links":{"self":[{"href":"http:\/\/winsysgroup.com\/es\/wp-json\/wp\/v2\/pages\/62"}],"collection":[{"href":"http:\/\/winsysgroup.com\/es\/wp-json\/wp\/v2\/pages"}],"about":[{"href":"http:\/\/winsysgroup.com\/es\/wp-json\/wp\/v2\/types\/page"}],"author":[{"embeddable":true,"href":"http:\/\/winsysgroup.com\/es\/wp-json\/wp\/v2\/users\/1"}],"replies":[{"embeddable":true,"href":"http:\/\/winsysgroup.com\/es\/wp-json\/wp\/v2\/comments?post=62"}],"version-history":[{"count":0,"href":"http:\/\/winsysgroup.com\/es\/wp-json\/wp\/v2\/pages\/62\/revisions"}],"wp:attachment":[{"href":"http:\/\/winsysgroup.com\/es\/wp-json\/wp\/v2\/media?parent=62"}],"curies":[{"name":"wp","href":"https:\/\/api.w.org\/{rel}","templated":true}]}}