{"id":3378,"date":"2025-05-29T10:34:39","date_gmt":"2025-05-29T10:34:39","guid":{"rendered":"https:\/\/winsysgroup.com\/es\/?page_id=3378"},"modified":"2025-05-29T14:57:18","modified_gmt":"2025-05-29T14:57:18","slug":"gold-club-colors","status":"publish","type":"page","link":"http:\/\/winsysgroup.com\/es\/gold-club-colors\/","title":{"rendered":""},"content":{"rendered":"\n<h2 class=\"wp-block-heading has-text-align-center\">Personalizaci\u00f3n y tecnolog\u00eda en una ruleta \u00fanica<\/h2>\n","protected":false},"excerpt":{"rendered":"<p>Personalizaci\u00f3n y tecnolog\u00eda en una ruleta \u00fanica<\/p>\n","protected":false},"author":8,"featured_media":0,"parent":0,"menu_order":0,"comment_status":"closed","ping_status":"closed","template":"page-product-list.php","meta":[],"yoast_head":"<!-- This site is optimized with the Yoast SEO plugin v20.8 - https:\/\/yoast.com\/wordpress\/plugins\/seo\/ -->\n<title>- Win Systems Espa\u00f1ol<\/title>\n<meta name=\"robots\" content=\"index, follow, max-snippet:-1, max-image-preview:large, max-video-preview:-1\" \/>\n<link rel=\"canonical\" href=\"http:\/\/winsysgroup.com\/es\/gold-club-colors\/\" \/>\n<meta property=\"og:locale\" content=\"es_ES\" \/>\n<meta property=\"og:type\" content=\"article\" \/>\n<meta property=\"og:title\" content=\"- Win Systems Espa\u00f1ol\" \/>\n<meta property=\"og:description\" content=\"Personalizaci\u00f3n y tecnolog\u00eda en una ruleta \u00fanica\" \/>\n<meta property=\"og:url\" content=\"http:\/\/winsysgroup.com\/es\/gold-club-colors\/\" \/>\n<meta property=\"og:site_name\" content=\"Win Systems Espa\u00f1ol\" \/>\n<meta property=\"article:modified_time\" content=\"2025-05-29T14:57:18+00:00\" \/>\n<meta name=\"twitter:card\" content=\"summary_large_image\" \/>\n<meta name=\"twitter:label1\" content=\"Tiempo de lectura\" \/>\n\t<meta name=\"twitter:data1\" content=\"1 minuto\" \/>\n<script type=\"application\/ld+json\" class=\"yoast-schema-graph\">{\"@context\":\"https:\/\/schema.org\",\"@graph\":[{\"@type\":\"WebPage\",\"@id\":\"http:\/\/winsysgroup.com\/es\/gold-club-colors\/\",\"url\":\"http:\/\/winsysgroup.com\/es\/gold-club-colors\/\",\"name\":\"- Win Systems Espa\u00f1ol\",\"isPartOf\":{\"@id\":\"http:\/\/winsysgroup.com\/es\/#website\"},\"datePublished\":\"2025-05-29T10:34:39+00:00\",\"dateModified\":\"2025-05-29T14:57:18+00:00\",\"inLanguage\":\"es\",\"potentialAction\":[{\"@type\":\"ReadAction\",\"target\":[\"http:\/\/winsysgroup.com\/es\/gold-club-colors\/\"]}]},{\"@type\":\"WebSite\",\"@id\":\"http:\/\/winsysgroup.com\/es\/#website\",\"url\":\"http:\/\/winsysgroup.com\/es\/\",\"name\":\"Win Systems Espa\u00f1ol\",\"description\":\"Win Systems Website\",\"potentialAction\":[{\"@type\":\"SearchAction\",\"target\":{\"@type\":\"EntryPoint\",\"urlTemplate\":\"http:\/\/winsysgroup.com\/es\/?s={search_term_string}\"},\"query-input\":\"required name=search_term_string\"}],\"inLanguage\":\"es\"}]}<\/script>\n<!-- \/ Yoast SEO plugin. -->","yoast_head_json":{"title":"- Win Systems Espa\u00f1ol","robots":{"index":"index","follow":"follow","max-snippet":"max-snippet:-1","max-image-preview":"max-image-preview:large","max-video-preview":"max-video-preview:-1"},"canonical":"http:\/\/winsysgroup.com\/es\/gold-club-colors\/","og_locale":"es_ES","og_type":"article","og_title":"- Win Systems Espa\u00f1ol","og_description":"Personalizaci\u00f3n y tecnolog\u00eda en una ruleta \u00fanica","og_url":"http:\/\/winsysgroup.com\/es\/gold-club-colors\/","og_site_name":"Win Systems Espa\u00f1ol","article_modified_time":"2025-05-29T14:57:18+00:00","twitter_card":"summary_large_image","twitter_misc":{"Tiempo de lectura":"1 minuto"},"schema":{"@context":"https:\/\/schema.org","@graph":[{"@type":"WebPage","@id":"http:\/\/winsysgroup.com\/es\/gold-club-colors\/","url":"http:\/\/winsysgroup.com\/es\/gold-club-colors\/","name":"- Win Systems Espa\u00f1ol","isPartOf":{"@id":"http:\/\/winsysgroup.com\/es\/#website"},"datePublished":"2025-05-29T10:34:39+00:00","dateModified":"2025-05-29T14:57:18+00:00","inLanguage":"es","potentialAction":[{"@type":"ReadAction","target":["http:\/\/winsysgroup.com\/es\/gold-club-colors\/"]}]},{"@type":"WebSite","@id":"http:\/\/winsysgroup.com\/es\/#website","url":"http:\/\/winsysgroup.com\/es\/","name":"Win Systems Espa\u00f1ol","description":"Win Systems Website","potentialAction":[{"@type":"SearchAction","target":{"@type":"EntryPoint","urlTemplate":"http:\/\/winsysgroup.com\/es\/?s={search_term_string}"},"query-input":"required name=search_term_string"}],"inLanguage":"es"}]}},"_links":{"self":[{"href":"http:\/\/winsysgroup.com\/es\/wp-json\/wp\/v2\/pages\/3378"}],"collection":[{"href":"http:\/\/winsysgroup.com\/es\/wp-json\/wp\/v2\/pages"}],"about":[{"href":"http:\/\/winsysgroup.com\/es\/wp-json\/wp\/v2\/types\/page"}],"author":[{"embeddable":true,"href":"http:\/\/winsysgroup.com\/es\/wp-json\/wp\/v2\/users\/8"}],"replies":[{"embeddable":true,"href":"http:\/\/winsysgroup.com\/es\/wp-json\/wp\/v2\/comments?post=3378"}],"version-history":[{"count":0,"href":"http:\/\/winsysgroup.com\/es\/wp-json\/wp\/v2\/pages\/3378\/revisions"}],"wp:attachment":[{"href":"http:\/\/winsysgroup.com\/es\/wp-json\/wp\/v2\/media?parent=3378"}],"curies":[{"name":"wp","href":"https:\/\/api.w.org\/{rel}","templated":true}]}}