{"id":3195,"date":"2024-11-14T16:11:40","date_gmt":"2024-11-14T16:11:40","guid":{"rendered":"https:\/\/winsysgroup.com\/es\/?page_id=3195"},"modified":"2025-04-01T08:57:49","modified_gmt":"2025-04-01T08:57:49","slug":"prueba-jackpot","status":"publish","type":"page","link":"http:\/\/winsysgroup.com\/es\/prueba-jackpot\/","title":{"rendered":"Jackpots"},"content":{"rendered":"\n<h2 class=\"wp-block-heading has-text-align-center\">Descubra nuestra amplia gama de Jackpots\u00a0y lleve la emoci\u00f3n del juego al siguiente nivel.<\/h2>\n\n\n\n<p>Nuestros incre\u00edbles&nbsp;<strong>Jackpots progresivos multi-nivel WAP y LAP<\/strong>&nbsp;est\u00e1n disponibles para todas nuestras ruletas y m\u00e1quinas de juego, ofreciendo opciones vers\u00e1tiles y atractivas para operadores y jugadores.<\/p>\n\n\n\n<p>Los&nbsp;<strong>Jackpots Progresivos Misteriosos&nbsp;<\/strong>para m\u00e1quinas&nbsp;de juego&nbsp;son multi-nivel y multi-juego, y pueden complementarse con el&nbsp;<strong>Jackpot PlusGame<\/strong>, brindando a\u00fan m\u00e1s posibilidades de ganar.<\/p>\n\n\n\n<p>Para las ruletas, el exclusivo&nbsp;<strong>Mistery Lucky Number Jackpot<\/strong>&nbsp;para&nbsp;<strong>Gold Club\u2122<\/strong>&nbsp;a\u00f1ade a\u00fan m\u00e1s emoci\u00f3n al juego, con un fant\u00e1stico sistema multi-nivel WAP o LAP.<\/p>\n\n\n\n<p>Adem\u00e1s, presentamos nuestra gama<strong> de jackpots de sistemas<\/strong>, que eleva la experiencia del jugador a otro nivel.<\/p>\n","protected":false},"excerpt":{"rendered":"<p>Descubra nuestra amplia gama de Jackpots\u00a0y lleve la emoci\u00f3n del juego al siguiente nivel. Nuestros incre\u00edbles&nbsp;Jackpots progresivos multi-nivel WAP y LAP&nbsp;est\u00e1n disponibles para todas nuestras ruletas y m\u00e1quinas de juego, ofreciendo opciones vers\u00e1tiles y atractivas para operadores y jugadores. Los&nbsp;Jackpots Progresivos Misteriosos&nbsp;para m\u00e1quinas&nbsp;de juego&nbsp;son multi-nivel y multi-juego, y pueden complementarse con el&nbsp;Jackpot PlusGame, brindando a\u00fan [&hellip;]<\/p>\n","protected":false},"author":8,"featured_media":0,"parent":0,"menu_order":0,"comment_status":"closed","ping_status":"closed","template":"page-casino-solutions.php","meta":[],"yoast_head":"<!-- This site is optimized with the Yoast SEO plugin v20.8 - https:\/\/yoast.com\/wordpress\/plugins\/seo\/ -->\n<title>Jackpots - Win Systems Espa\u00f1ol<\/title>\n<meta name=\"robots\" content=\"index, follow, max-snippet:-1, max-image-preview:large, max-video-preview:-1\" \/>\n<link rel=\"canonical\" href=\"https:\/\/winsysgroup.com\/es\/prueba-jackpot\/\" \/>\n<meta property=\"og:locale\" content=\"es_ES\" \/>\n<meta property=\"og:type\" content=\"article\" \/>\n<meta property=\"og:title\" content=\"Jackpots - Win Systems Espa\u00f1ol\" \/>\n<meta property=\"og:description\" content=\"Descubra nuestra amplia gama de Jackpots\u00a0y lleve la emoci\u00f3n del juego al siguiente nivel. Nuestros incre\u00edbles&nbsp;Jackpots progresivos multi-nivel WAP y LAP&nbsp;est\u00e1n disponibles para todas nuestras ruletas y m\u00e1quinas de juego, ofreciendo opciones vers\u00e1tiles y atractivas para operadores y jugadores. Los&nbsp;Jackpots Progresivos Misteriosos&nbsp;para m\u00e1quinas&nbsp;de juego&nbsp;son multi-nivel y multi-juego, y pueden complementarse con el&nbsp;Jackpot PlusGame, brindando a\u00fan [&hellip;]\" \/>\n<meta property=\"og:url\" content=\"https:\/\/winsysgroup.com\/es\/prueba-jackpot\/\" \/>\n<meta property=\"og:site_name\" content=\"Win Systems Espa\u00f1ol\" \/>\n<meta property=\"article:modified_time\" content=\"2025-04-01T08:57:49+00:00\" \/>\n<meta name=\"twitter:card\" content=\"summary_large_image\" \/>\n<meta name=\"twitter:label1\" content=\"Tiempo de lectura\" \/>\n\t<meta name=\"twitter:data1\" content=\"1 minuto\" \/>\n<script type=\"application\/ld+json\" class=\"yoast-schema-graph\">{\"@context\":\"https:\/\/schema.org\",\"@graph\":[{\"@type\":\"WebPage\",\"@id\":\"https:\/\/winsysgroup.com\/es\/prueba-jackpot\/\",\"url\":\"https:\/\/winsysgroup.com\/es\/prueba-jackpot\/\",\"name\":\"Jackpots - Win Systems Espa\u00f1ol\",\"isPartOf\":{\"@id\":\"http:\/\/winsysgroup.com\/es\/#website\"},\"datePublished\":\"2024-11-14T16:11:40+00:00\",\"dateModified\":\"2025-04-01T08:57:49+00:00\",\"breadcrumb\":{\"@id\":\"https:\/\/winsysgroup.com\/es\/prueba-jackpot\/#breadcrumb\"},\"inLanguage\":\"es\",\"potentialAction\":[{\"@type\":\"ReadAction\",\"target\":[\"https:\/\/winsysgroup.com\/es\/prueba-jackpot\/\"]}]},{\"@type\":\"BreadcrumbList\",\"@id\":\"https:\/\/winsysgroup.com\/es\/prueba-jackpot\/#breadcrumb\",\"itemListElement\":[{\"@type\":\"ListItem\",\"position\":1,\"name\":\"Home\",\"item\":\"http:\/\/winsysgroup.com\/es\/\"},{\"@type\":\"ListItem\",\"position\":2,\"name\":\"Jackpots\"}]},{\"@type\":\"WebSite\",\"@id\":\"http:\/\/winsysgroup.com\/es\/#website\",\"url\":\"http:\/\/winsysgroup.com\/es\/\",\"name\":\"Win Systems Espa\u00f1ol\",\"description\":\"Win Systems Website\",\"potentialAction\":[{\"@type\":\"SearchAction\",\"target\":{\"@type\":\"EntryPoint\",\"urlTemplate\":\"http:\/\/winsysgroup.com\/es\/?s={search_term_string}\"},\"query-input\":\"required name=search_term_string\"}],\"inLanguage\":\"es\"}]}<\/script>\n<!-- \/ Yoast SEO plugin. -->","yoast_head_json":{"title":"Jackpots - Win Systems Espa\u00f1ol","robots":{"index":"index","follow":"follow","max-snippet":"max-snippet:-1","max-image-preview":"max-image-preview:large","max-video-preview":"max-video-preview:-1"},"canonical":"https:\/\/winsysgroup.com\/es\/prueba-jackpot\/","og_locale":"es_ES","og_type":"article","og_title":"Jackpots - Win Systems Espa\u00f1ol","og_description":"Descubra nuestra amplia gama de Jackpots\u00a0y lleve la emoci\u00f3n del juego al siguiente nivel. Nuestros incre\u00edbles&nbsp;Jackpots progresivos multi-nivel WAP y LAP&nbsp;est\u00e1n disponibles para todas nuestras ruletas y m\u00e1quinas de juego, ofreciendo opciones vers\u00e1tiles y atractivas para operadores y jugadores. Los&nbsp;Jackpots Progresivos Misteriosos&nbsp;para m\u00e1quinas&nbsp;de juego&nbsp;son multi-nivel y multi-juego, y pueden complementarse con el&nbsp;Jackpot PlusGame, brindando a\u00fan [&hellip;]","og_url":"https:\/\/winsysgroup.com\/es\/prueba-jackpot\/","og_site_name":"Win Systems Espa\u00f1ol","article_modified_time":"2025-04-01T08:57:49+00:00","twitter_card":"summary_large_image","twitter_misc":{"Tiempo de lectura":"1 minuto"},"schema":{"@context":"https:\/\/schema.org","@graph":[{"@type":"WebPage","@id":"https:\/\/winsysgroup.com\/es\/prueba-jackpot\/","url":"https:\/\/winsysgroup.com\/es\/prueba-jackpot\/","name":"Jackpots - Win Systems Espa\u00f1ol","isPartOf":{"@id":"http:\/\/winsysgroup.com\/es\/#website"},"datePublished":"2024-11-14T16:11:40+00:00","dateModified":"2025-04-01T08:57:49+00:00","breadcrumb":{"@id":"https:\/\/winsysgroup.com\/es\/prueba-jackpot\/#breadcrumb"},"inLanguage":"es","potentialAction":[{"@type":"ReadAction","target":["https:\/\/winsysgroup.com\/es\/prueba-jackpot\/"]}]},{"@type":"BreadcrumbList","@id":"https:\/\/winsysgroup.com\/es\/prueba-jackpot\/#breadcrumb","itemListElement":[{"@type":"ListItem","position":1,"name":"Home","item":"http:\/\/winsysgroup.com\/es\/"},{"@type":"ListItem","position":2,"name":"Jackpots"}]},{"@type":"WebSite","@id":"http:\/\/winsysgroup.com\/es\/#website","url":"http:\/\/winsysgroup.com\/es\/","name":"Win Systems Espa\u00f1ol","description":"Win Systems Website","potentialAction":[{"@type":"SearchAction","target":{"@type":"EntryPoint","urlTemplate":"http:\/\/winsysgroup.com\/es\/?s={search_term_string}"},"query-input":"required name=search_term_string"}],"inLanguage":"es"}]}},"_links":{"self":[{"href":"http:\/\/winsysgroup.com\/es\/wp-json\/wp\/v2\/pages\/3195"}],"collection":[{"href":"http:\/\/winsysgroup.com\/es\/wp-json\/wp\/v2\/pages"}],"about":[{"href":"http:\/\/winsysgroup.com\/es\/wp-json\/wp\/v2\/types\/page"}],"author":[{"embeddable":true,"href":"http:\/\/winsysgroup.com\/es\/wp-json\/wp\/v2\/users\/8"}],"replies":[{"embeddable":true,"href":"http:\/\/winsysgroup.com\/es\/wp-json\/wp\/v2\/comments?post=3195"}],"version-history":[{"count":0,"href":"http:\/\/winsysgroup.com\/es\/wp-json\/wp\/v2\/pages\/3195\/revisions"}],"wp:attachment":[{"href":"http:\/\/winsysgroup.com\/es\/wp-json\/wp\/v2\/media?parent=3195"}],"curies":[{"name":"wp","href":"https:\/\/api.w.org\/{rel}","templated":true}]}}