{"id":197,"date":"2017-06-15T19:41:54","date_gmt":"2017-06-15T19:41:54","guid":{"rendered":"http:\/\/winsysgroup.com-wp\/en\/?page_id=197"},"modified":"2024-11-14T16:21:33","modified_gmt":"2024-11-14T16:21:33","slug":"jackpot-systems","status":"publish","type":"page","link":"http:\/\/winsysgroup.com\/es\/jackpot-systems\/","title":{"rendered":"Jackpots"},"content":{"rendered":"<h2 style=\"text-align: center\">HAGA EL JUEGO TODAV\u00cdA M\u00c1S DIVERTIDO Y EMOCIONANTE<\/h2>\n<p style=\"text-align: center\">Nuestros incre\u00edbles Jackpots progresivos multi-nivel WAP y LAP est\u00e1n disponibles para todos nuestras ruletas y m\u00e1quinas de juego.<\/p>\n<p style=\"text-align: center\">Los<strong> Jackpots Progresivos Misteriosos y de S\u00edmbolos para m\u00e1quinas GameStar\u2122<\/strong> son multi-nivel y multi-juego, y pueden complementarse con el <strong>Jackpot PlusGame<\/strong>. Nuestros jackpots le permiten elegir entre una amplia gama LAP y WAP.<\/p>\n<p style=\"text-align: center\">El exclusivo <strong>Mistery Lucky Number Jackpot para ruleta Gold Club\u2122<\/strong> a\u00f1adir\u00e1 todav\u00eda mayor diversi\u00f3n al juego, un fant\u00e1stico sistema multi-nivel WAP o LAP.<\/p>\n","protected":false},"excerpt":{"rendered":"<p>HAGA EL JUEGO TODAV\u00cdA M\u00c1S DIVERTIDO Y EMOCIONANTE Nuestros incre\u00edbles Jackpots progresivos multi-nivel WAP y LAP est\u00e1n disponibles para todos nuestras ruletas y m\u00e1quinas de juego. Los Jackpots Progresivos Misteriosos y de S\u00edmbolos para m\u00e1quinas GameStar\u2122 son multi-nivel y multi-juego, y pueden complementarse con el Jackpot PlusGame. Nuestros jackpots le permiten elegir entre una amplia [&hellip;]<\/p>\n","protected":false},"author":1,"featured_media":0,"parent":0,"menu_order":2,"comment_status":"closed","ping_status":"closed","template":"page-jackpot-systems.php","meta":[],"yoast_head":"<!-- This site is optimized with the Yoast SEO plugin v20.8 - https:\/\/yoast.com\/wordpress\/plugins\/seo\/ -->\n<title>Jackpot Systems to boost game performance | Win Systems<\/title>\n<meta name=\"description\" content=\"Nuestros incre\u00edbles Jackpots progresivos multi-nivel WAP y LAP est\u00e1n disponibles para todos nuestras ruletas y m\u00e1quinas de juego. Son multi-nivel y multi-juego, Nuestros jackpots le permiten elegir entre una amplia gama LAP y WAP.\" \/>\n<meta name=\"robots\" content=\"index, follow, max-snippet:-1, max-image-preview:large, max-video-preview:-1\" \/>\n<link rel=\"canonical\" href=\"http:\/\/winsysgroup.com\/es\/jackpot-systems\/\" \/>\n<meta property=\"og:locale\" content=\"es_ES\" \/>\n<meta property=\"og:type\" content=\"article\" \/>\n<meta property=\"og:title\" content=\"Jackpot Systems to boost game performance | Win Systems\" \/>\n<meta property=\"og:description\" content=\"Nuestros incre\u00edbles Jackpots progresivos multi-nivel WAP y LAP est\u00e1n disponibles para todos nuestras ruletas y m\u00e1quinas de juego. Son multi-nivel y multi-juego, Nuestros jackpots le permiten elegir entre una amplia gama LAP y WAP.\" \/>\n<meta property=\"og:url\" content=\"http:\/\/winsysgroup.com\/es\/jackpot-systems\/\" \/>\n<meta property=\"og:site_name\" content=\"Win Systems Espa\u00f1ol\" \/>\n<meta property=\"article:modified_time\" content=\"2024-11-14T16:21:33+00:00\" \/>\n<meta name=\"twitter:card\" content=\"summary_large_image\" \/>\n<meta name=\"twitter:label1\" content=\"Tiempo de lectura\" \/>\n\t<meta name=\"twitter:data1\" content=\"1 minuto\" \/>\n<script type=\"application\/ld+json\" class=\"yoast-schema-graph\">{\"@context\":\"https:\/\/schema.org\",\"@graph\":[{\"@type\":\"WebPage\",\"@id\":\"http:\/\/winsysgroup.com\/es\/jackpot-systems\/\",\"url\":\"http:\/\/winsysgroup.com\/es\/jackpot-systems\/\",\"name\":\"Jackpot Systems to boost game performance | Win Systems\",\"isPartOf\":{\"@id\":\"https:\/\/winsysgroup.com\/es\/#website\"},\"datePublished\":\"2017-06-15T19:41:54+00:00\",\"dateModified\":\"2024-11-14T16:21:33+00:00\",\"description\":\"Nuestros incre\u00edbles Jackpots progresivos multi-nivel WAP y LAP est\u00e1n disponibles para todos nuestras ruletas y m\u00e1quinas de juego. Son multi-nivel y multi-juego, Nuestros jackpots le permiten elegir entre una amplia gama LAP y WAP.\",\"breadcrumb\":{\"@id\":\"http:\/\/winsysgroup.com\/es\/jackpot-systems\/#breadcrumb\"},\"inLanguage\":\"es\",\"potentialAction\":[{\"@type\":\"ReadAction\",\"target\":[\"http:\/\/winsysgroup.com\/es\/jackpot-systems\/\"]}]},{\"@type\":\"BreadcrumbList\",\"@id\":\"http:\/\/winsysgroup.com\/es\/jackpot-systems\/#breadcrumb\",\"itemListElement\":[{\"@type\":\"ListItem\",\"position\":1,\"name\":\"Home\",\"item\":\"https:\/\/winsysgroup.com\/es\/\"},{\"@type\":\"ListItem\",\"position\":2,\"name\":\"Jackpots\"}]},{\"@type\":\"WebSite\",\"@id\":\"https:\/\/winsysgroup.com\/es\/#website\",\"url\":\"https:\/\/winsysgroup.com\/es\/\",\"name\":\"Win Systems Espa\u00f1ol\",\"description\":\"Win Systems Website\",\"potentialAction\":[{\"@type\":\"SearchAction\",\"target\":{\"@type\":\"EntryPoint\",\"urlTemplate\":\"https:\/\/winsysgroup.com\/es\/?s={search_term_string}\"},\"query-input\":\"required name=search_term_string\"}],\"inLanguage\":\"es\"}]}<\/script>\n<!-- \/ Yoast SEO plugin. -->","yoast_head_json":{"title":"Jackpot Systems to boost game performance | Win Systems","description":"Nuestros incre\u00edbles Jackpots progresivos multi-nivel WAP y LAP est\u00e1n disponibles para todos nuestras ruletas y m\u00e1quinas de juego. Son multi-nivel y multi-juego, Nuestros jackpots le permiten elegir entre una amplia gama LAP y WAP.","robots":{"index":"index","follow":"follow","max-snippet":"max-snippet:-1","max-image-preview":"max-image-preview:large","max-video-preview":"max-video-preview:-1"},"canonical":"http:\/\/winsysgroup.com\/es\/jackpot-systems\/","og_locale":"es_ES","og_type":"article","og_title":"Jackpot Systems to boost game performance | Win Systems","og_description":"Nuestros incre\u00edbles Jackpots progresivos multi-nivel WAP y LAP est\u00e1n disponibles para todos nuestras ruletas y m\u00e1quinas de juego. Son multi-nivel y multi-juego, Nuestros jackpots le permiten elegir entre una amplia gama LAP y WAP.","og_url":"http:\/\/winsysgroup.com\/es\/jackpot-systems\/","og_site_name":"Win Systems Espa\u00f1ol","article_modified_time":"2024-11-14T16:21:33+00:00","twitter_card":"summary_large_image","twitter_misc":{"Tiempo de lectura":"1 minuto"},"schema":{"@context":"https:\/\/schema.org","@graph":[{"@type":"WebPage","@id":"http:\/\/winsysgroup.com\/es\/jackpot-systems\/","url":"http:\/\/winsysgroup.com\/es\/jackpot-systems\/","name":"Jackpot Systems to boost game performance | Win Systems","isPartOf":{"@id":"https:\/\/winsysgroup.com\/es\/#website"},"datePublished":"2017-06-15T19:41:54+00:00","dateModified":"2024-11-14T16:21:33+00:00","description":"Nuestros incre\u00edbles Jackpots progresivos multi-nivel WAP y LAP est\u00e1n disponibles para todos nuestras ruletas y m\u00e1quinas de juego. Son multi-nivel y multi-juego, Nuestros jackpots le permiten elegir entre una amplia gama LAP y WAP.","breadcrumb":{"@id":"http:\/\/winsysgroup.com\/es\/jackpot-systems\/#breadcrumb"},"inLanguage":"es","potentialAction":[{"@type":"ReadAction","target":["http:\/\/winsysgroup.com\/es\/jackpot-systems\/"]}]},{"@type":"BreadcrumbList","@id":"http:\/\/winsysgroup.com\/es\/jackpot-systems\/#breadcrumb","itemListElement":[{"@type":"ListItem","position":1,"name":"Home","item":"https:\/\/winsysgroup.com\/es\/"},{"@type":"ListItem","position":2,"name":"Jackpots"}]},{"@type":"WebSite","@id":"https:\/\/winsysgroup.com\/es\/#website","url":"https:\/\/winsysgroup.com\/es\/","name":"Win Systems Espa\u00f1ol","description":"Win Systems Website","potentialAction":[{"@type":"SearchAction","target":{"@type":"EntryPoint","urlTemplate":"https:\/\/winsysgroup.com\/es\/?s={search_term_string}"},"query-input":"required name=search_term_string"}],"inLanguage":"es"}]}},"_links":{"self":[{"href":"http:\/\/winsysgroup.com\/es\/wp-json\/wp\/v2\/pages\/197"}],"collection":[{"href":"http:\/\/winsysgroup.com\/es\/wp-json\/wp\/v2\/pages"}],"about":[{"href":"http:\/\/winsysgroup.com\/es\/wp-json\/wp\/v2\/types\/page"}],"author":[{"embeddable":true,"href":"http:\/\/winsysgroup.com\/es\/wp-json\/wp\/v2\/users\/1"}],"replies":[{"embeddable":true,"href":"http:\/\/winsysgroup.com\/es\/wp-json\/wp\/v2\/comments?post=197"}],"version-history":[{"count":0,"href":"http:\/\/winsysgroup.com\/es\/wp-json\/wp\/v2\/pages\/197\/revisions"}],"wp:attachment":[{"href":"http:\/\/winsysgroup.com\/es\/wp-json\/wp\/v2\/media?parent=197"}],"curies":[{"name":"wp","href":"https:\/\/api.w.org\/{rel}","templated":true}]}}