{"id":15,"date":"2017-05-29T19:47:15","date_gmt":"2017-05-29T19:47:15","guid":{"rendered":"http:\/\/winsysgroup.com-wp\/en\/?page_id=15"},"modified":"2023-07-14T10:12:34","modified_gmt":"2023-07-14T10:12:34","slug":"about-us","status":"publish","type":"page","link":"http:\/\/winsysgroup.com\/es\/about-us\/","title":{"rendered":"Acerca de Win Systems"},"content":{"rendered":"<h2 style=\"text-align: center\">WIN SYSTEMS, PROVEEDOR L\u00cdDER EN TECNOLOG\u00cdA, OFRECE SOLUCIONES EN SISTEMAS DE GESTI\u00d3N, RULETAS ELECTR\u00d3NICAS Y M\u00c1QUINAS DE JUEGO PARA LA INDUSTRIA DEL JUEGO Y EL ENTRETENIMIENTO<\/h2>\n<p style=\"text-align: center\">Con sus soluciones avanzadas en sistemas de gesti\u00f3n de casino y m\u00e1quinas de juego, y un servicio integral, Win Systems es el proveedor id\u00f3neo para cualquier requerimiento de la industria del juego.<\/p>\n<p style=\"text-align: center\">Win Systems opera en m\u00e1s de 60 pa\u00edses en todo el mundo, con una oferta de servicios muticanal para cientos de clientes de diferentes tama\u00f1os operando en m\u00faltiples jurisdicciones.<\/p>\n<p style=\"text-align: center\">El objetivo de Win Systems es convertirse en el referente en tecnolog\u00eda para el sector del juego, y estamos seguros de que nuestras soluciones marcar\u00e1n tendencia en el futuro de la industria.<\/p>\n","protected":false},"excerpt":{"rendered":"<p>WIN SYSTEMS, PROVEEDOR L\u00cdDER EN TECNOLOG\u00cdA, OFRECE SOLUCIONES EN SISTEMAS DE GESTI\u00d3N, RULETAS ELECTR\u00d3NICAS Y M\u00c1QUINAS DE JUEGO PARA LA INDUSTRIA DEL JUEGO Y EL ENTRETENIMIENTO Con sus soluciones avanzadas en sistemas de gesti\u00f3n de casino y m\u00e1quinas de juego, y un servicio integral, Win Systems es el proveedor id\u00f3neo para cualquier requerimiento de la [&hellip;]<\/p>\n","protected":false},"author":1,"featured_media":0,"parent":0,"menu_order":3,"comment_status":"closed","ping_status":"closed","template":"page-about-us.php","meta":[],"yoast_head":"<!-- This site is optimized with the Yoast SEO plugin v20.8 - https:\/\/yoast.com\/wordpress\/plugins\/seo\/ -->\n<title>Compa\u00f1\u00eda de software de casino con +25 a\u00f1os de experiencia | Win System<\/title>\n<meta name=\"description\" content=\"Win systems, compa\u00f1\u00eda de software de casino l\u00edder en tecnolog\u00eda, ofrece soluciones en sistemas de gesti\u00f3n, ruletas electr\u00f3nicas y m\u00e1quinas de juego para la industria del juego. Win Systems es el proveedor id\u00f3neo para cualquier requerimiento de la industria del juego.\" \/>\n<meta name=\"robots\" content=\"index, follow, max-snippet:-1, max-image-preview:large, max-video-preview:-1\" \/>\n<link rel=\"canonical\" href=\"http:\/\/winsysgroup.com\/es\/about-us\/\" \/>\n<meta property=\"og:locale\" content=\"es_ES\" \/>\n<meta property=\"og:type\" content=\"article\" \/>\n<meta property=\"og:title\" content=\"Compa\u00f1\u00eda de software de casino con +25 a\u00f1os de experiencia | Win System\" \/>\n<meta property=\"og:description\" content=\"Win systems, compa\u00f1\u00eda de software de casino l\u00edder en tecnolog\u00eda, ofrece soluciones en sistemas de gesti\u00f3n, ruletas electr\u00f3nicas y m\u00e1quinas de juego para la industria del juego. Win Systems es el proveedor id\u00f3neo para cualquier requerimiento de la industria del juego.\" \/>\n<meta property=\"og:url\" content=\"http:\/\/winsysgroup.com\/es\/about-us\/\" \/>\n<meta property=\"og:site_name\" content=\"Win Systems Espa\u00f1ol\" \/>\n<meta property=\"article:modified_time\" content=\"2023-07-14T10:12:34+00:00\" \/>\n<meta name=\"twitter:card\" content=\"summary_large_image\" \/>\n<meta name=\"twitter:label1\" content=\"Tiempo de lectura\" \/>\n\t<meta name=\"twitter:data1\" content=\"1 minuto\" \/>\n<script type=\"application\/ld+json\" class=\"yoast-schema-graph\">{\"@context\":\"https:\/\/schema.org\",\"@graph\":[{\"@type\":\"WebPage\",\"@id\":\"http:\/\/winsysgroup.com\/es\/about-us\/\",\"url\":\"http:\/\/winsysgroup.com\/es\/about-us\/\",\"name\":\"Compa\u00f1\u00eda de software de casino con +25 a\u00f1os de experiencia | Win System\",\"isPartOf\":{\"@id\":\"https:\/\/winsysgroup.com\/es\/#website\"},\"datePublished\":\"2017-05-29T19:47:15+00:00\",\"dateModified\":\"2023-07-14T10:12:34+00:00\",\"description\":\"Win systems, compa\u00f1\u00eda de software de casino l\u00edder en tecnolog\u00eda, ofrece soluciones en sistemas de gesti\u00f3n, ruletas electr\u00f3nicas y m\u00e1quinas de juego para la industria del juego. Win Systems es el proveedor id\u00f3neo para cualquier requerimiento de la industria del juego.\",\"breadcrumb\":{\"@id\":\"http:\/\/winsysgroup.com\/es\/about-us\/#breadcrumb\"},\"inLanguage\":\"es\",\"potentialAction\":[{\"@type\":\"ReadAction\",\"target\":[\"http:\/\/winsysgroup.com\/es\/about-us\/\"]}]},{\"@type\":\"BreadcrumbList\",\"@id\":\"http:\/\/winsysgroup.com\/es\/about-us\/#breadcrumb\",\"itemListElement\":[{\"@type\":\"ListItem\",\"position\":1,\"name\":\"Home\",\"item\":\"https:\/\/winsysgroup.com\/es\/\"},{\"@type\":\"ListItem\",\"position\":2,\"name\":\"Acerca de Win Systems\"}]},{\"@type\":\"WebSite\",\"@id\":\"https:\/\/winsysgroup.com\/es\/#website\",\"url\":\"https:\/\/winsysgroup.com\/es\/\",\"name\":\"Win Systems Espa\u00f1ol\",\"description\":\"Win Systems Website\",\"potentialAction\":[{\"@type\":\"SearchAction\",\"target\":{\"@type\":\"EntryPoint\",\"urlTemplate\":\"https:\/\/winsysgroup.com\/es\/?s={search_term_string}\"},\"query-input\":\"required name=search_term_string\"}],\"inLanguage\":\"es\"}]}<\/script>\n<!-- \/ Yoast SEO plugin. -->","yoast_head_json":{"title":"Compa\u00f1\u00eda de software de casino con +25 a\u00f1os de experiencia | Win System","description":"Win systems, compa\u00f1\u00eda de software de casino l\u00edder en tecnolog\u00eda, ofrece soluciones en sistemas de gesti\u00f3n, ruletas electr\u00f3nicas y m\u00e1quinas de juego para la industria del juego. Win Systems es el proveedor id\u00f3neo para cualquier requerimiento de la industria del juego.","robots":{"index":"index","follow":"follow","max-snippet":"max-snippet:-1","max-image-preview":"max-image-preview:large","max-video-preview":"max-video-preview:-1"},"canonical":"http:\/\/winsysgroup.com\/es\/about-us\/","og_locale":"es_ES","og_type":"article","og_title":"Compa\u00f1\u00eda de software de casino con +25 a\u00f1os de experiencia | Win System","og_description":"Win systems, compa\u00f1\u00eda de software de casino l\u00edder en tecnolog\u00eda, ofrece soluciones en sistemas de gesti\u00f3n, ruletas electr\u00f3nicas y m\u00e1quinas de juego para la industria del juego. Win Systems es el proveedor id\u00f3neo para cualquier requerimiento de la industria del juego.","og_url":"http:\/\/winsysgroup.com\/es\/about-us\/","og_site_name":"Win Systems Espa\u00f1ol","article_modified_time":"2023-07-14T10:12:34+00:00","twitter_card":"summary_large_image","twitter_misc":{"Tiempo de lectura":"1 minuto"},"schema":{"@context":"https:\/\/schema.org","@graph":[{"@type":"WebPage","@id":"http:\/\/winsysgroup.com\/es\/about-us\/","url":"http:\/\/winsysgroup.com\/es\/about-us\/","name":"Compa\u00f1\u00eda de software de casino con +25 a\u00f1os de experiencia | Win System","isPartOf":{"@id":"https:\/\/winsysgroup.com\/es\/#website"},"datePublished":"2017-05-29T19:47:15+00:00","dateModified":"2023-07-14T10:12:34+00:00","description":"Win systems, compa\u00f1\u00eda de software de casino l\u00edder en tecnolog\u00eda, ofrece soluciones en sistemas de gesti\u00f3n, ruletas electr\u00f3nicas y m\u00e1quinas de juego para la industria del juego. Win Systems es el proveedor id\u00f3neo para cualquier requerimiento de la industria del juego.","breadcrumb":{"@id":"http:\/\/winsysgroup.com\/es\/about-us\/#breadcrumb"},"inLanguage":"es","potentialAction":[{"@type":"ReadAction","target":["http:\/\/winsysgroup.com\/es\/about-us\/"]}]},{"@type":"BreadcrumbList","@id":"http:\/\/winsysgroup.com\/es\/about-us\/#breadcrumb","itemListElement":[{"@type":"ListItem","position":1,"name":"Home","item":"https:\/\/winsysgroup.com\/es\/"},{"@type":"ListItem","position":2,"name":"Acerca de Win Systems"}]},{"@type":"WebSite","@id":"https:\/\/winsysgroup.com\/es\/#website","url":"https:\/\/winsysgroup.com\/es\/","name":"Win Systems Espa\u00f1ol","description":"Win Systems Website","potentialAction":[{"@type":"SearchAction","target":{"@type":"EntryPoint","urlTemplate":"https:\/\/winsysgroup.com\/es\/?s={search_term_string}"},"query-input":"required name=search_term_string"}],"inLanguage":"es"}]}},"_links":{"self":[{"href":"http:\/\/winsysgroup.com\/es\/wp-json\/wp\/v2\/pages\/15"}],"collection":[{"href":"http:\/\/winsysgroup.com\/es\/wp-json\/wp\/v2\/pages"}],"about":[{"href":"http:\/\/winsysgroup.com\/es\/wp-json\/wp\/v2\/types\/page"}],"author":[{"embeddable":true,"href":"http:\/\/winsysgroup.com\/es\/wp-json\/wp\/v2\/users\/1"}],"replies":[{"embeddable":true,"href":"http:\/\/winsysgroup.com\/es\/wp-json\/wp\/v2\/comments?post=15"}],"version-history":[{"count":0,"href":"http:\/\/winsysgroup.com\/es\/wp-json\/wp\/v2\/pages\/15\/revisions"}],"wp:attachment":[{"href":"http:\/\/winsysgroup.com\/es\/wp-json\/wp\/v2\/media?parent=15"}],"curies":[{"name":"wp","href":"https:\/\/api.w.org\/{rel}","templated":true}]}}