{"id":140,"date":"2017-05-31T15:57:31","date_gmt":"2017-05-31T15:57:31","guid":{"rendered":"http:\/\/winsysgroup.com-wp\/en\/?page_id=140"},"modified":"2018-06-18T16:36:50","modified_gmt":"2018-06-18T16:36:50","slug":"adaptive-illumination","status":"publish","type":"page","link":"http:\/\/winsysgroup.com\/es\/innovacion-en-gaming\/adaptive-illumination\/","title":{"rendered":"TECNOLOG\u00cdA DE ILUMINACI\u00d3N ADAPTABLE"},"content":{"rendered":"<h2 style=\"text-align: center\">\u00daNICAS E INNOVADORAS M\u00c1QUINAS DE JUEGO CON ILUMINACI\u00d3N ADAPTABLE<\/h2>\n<h3 style=\"text-align: center\">Plena inmersi\u00f3n en la experiencia de juego, capaz de atraer hasta 4x jugadores al juego.<\/h3>\n<p>La Tecnolog\u00eda de Iluminaci\u00f3n Adaptable es un sistema de iluminaci\u00f3n que ajusta activamente el brillo y el color en funci\u00f3n del contenido de la imagen. Nuestra tecnolog\u00eda se basa en la \u00f3ptima aplicaci\u00f3n de la luz para ofrecer una experiencia de juego \u00fanica.<\/p>\n<p>La Tecnolog\u00eda de Iluminaci\u00f3n Adaptable permite al jugador captar m\u00e1s detalles de la imagen, contraste y color, al tiempo que elimina los reflejos en la pantalla; y permite cambiar los colores, creando una atm\u00f3sfera \u00fanica en el casino.<\/p>\n<p>Perzonaliza tu colecci\u00f3n de juegos con la Tecnolog\u00eda de Iluminaci\u00f3n Adaptable y disfruta de la vista.<\/p>\n","protected":false},"excerpt":{"rendered":"<p>\u00daNICAS E INNOVADORAS M\u00c1QUINAS DE JUEGO CON ILUMINACI\u00d3N ADAPTABLE Plena inmersi\u00f3n en la experiencia de juego, capaz de atraer hasta 4x jugadores al juego. La Tecnolog\u00eda de Iluminaci\u00f3n Adaptable es un sistema de iluminaci\u00f3n que ajusta activamente el brillo y el color en funci\u00f3n del contenido de la imagen. Nuestra tecnolog\u00eda se basa en la [&hellip;]<\/p>\n","protected":false},"author":1,"featured_media":2167,"parent":134,"menu_order":11,"comment_status":"closed","ping_status":"closed","template":"","meta":[],"yoast_head":"<!-- This site is optimized with the Yoast SEO plugin v20.8 - https:\/\/yoast.com\/wordpress\/plugins\/seo\/ -->\n<title>TECNOLOG\u00cdA DE ILUMINACI\u00d3N ADAPTABLE - Win Systems Espa\u00f1ol<\/title>\n<meta name=\"robots\" content=\"index, follow, max-snippet:-1, max-image-preview:large, max-video-preview:-1\" \/>\n<link rel=\"canonical\" href=\"http:\/\/winsysgroup.com\/es\/innovacion-en-gaming\/adaptive-illumination\/\" \/>\n<meta property=\"og:locale\" content=\"es_ES\" \/>\n<meta property=\"og:type\" content=\"article\" \/>\n<meta property=\"og:title\" content=\"TECNOLOG\u00cdA DE ILUMINACI\u00d3N ADAPTABLE - Win Systems Espa\u00f1ol\" \/>\n<meta property=\"og:description\" content=\"\u00daNICAS E INNOVADORAS M\u00c1QUINAS DE JUEGO CON ILUMINACI\u00d3N ADAPTABLE Plena inmersi\u00f3n en la experiencia de juego, capaz de atraer hasta 4x jugadores al juego. La Tecnolog\u00eda de Iluminaci\u00f3n Adaptable es un sistema de iluminaci\u00f3n que ajusta activamente el brillo y el color en funci\u00f3n del contenido de la imagen. Nuestra tecnolog\u00eda se basa en la [&hellip;]\" \/>\n<meta property=\"og:url\" content=\"http:\/\/winsysgroup.com\/es\/innovacion-en-gaming\/adaptive-illumination\/\" \/>\n<meta property=\"og:site_name\" content=\"Win Systems Espa\u00f1ol\" \/>\n<meta property=\"article:modified_time\" content=\"2018-06-18T16:36:50+00:00\" \/>\n<meta property=\"og:image\" content=\"http:\/\/winsysgroup.com\/es\/wp-content\/uploads\/sites\/4\/2018\/06\/ruleta-web_2018-002-3.png\" \/>\n\t<meta property=\"og:image:width\" content=\"400\" \/>\n\t<meta property=\"og:image:height\" content=\"274\" \/>\n\t<meta property=\"og:image:type\" content=\"image\/png\" \/>\n<meta name=\"twitter:card\" content=\"summary_large_image\" \/>\n<meta name=\"twitter:label1\" content=\"Tiempo de lectura\" \/>\n\t<meta name=\"twitter:data1\" content=\"1 minuto\" \/>\n<script type=\"application\/ld+json\" class=\"yoast-schema-graph\">{\"@context\":\"https:\/\/schema.org\",\"@graph\":[{\"@type\":\"WebPage\",\"@id\":\"http:\/\/winsysgroup.com\/es\/innovacion-en-gaming\/adaptive-illumination\/\",\"url\":\"http:\/\/winsysgroup.com\/es\/innovacion-en-gaming\/adaptive-illumination\/\",\"name\":\"TECNOLOG\u00cdA DE ILUMINACI\u00d3N ADAPTABLE - Win Systems Espa\u00f1ol\",\"isPartOf\":{\"@id\":\"https:\/\/winsysgroup.com\/es\/#website\"},\"datePublished\":\"2017-05-31T15:57:31+00:00\",\"dateModified\":\"2018-06-18T16:36:50+00:00\",\"breadcrumb\":{\"@id\":\"http:\/\/winsysgroup.com\/es\/innovacion-en-gaming\/adaptive-illumination\/#breadcrumb\"},\"inLanguage\":\"es\",\"potentialAction\":[{\"@type\":\"ReadAction\",\"target\":[\"http:\/\/winsysgroup.com\/es\/innovacion-en-gaming\/adaptive-illumination\/\"]}]},{\"@type\":\"BreadcrumbList\",\"@id\":\"http:\/\/winsysgroup.com\/es\/innovacion-en-gaming\/adaptive-illumination\/#breadcrumb\",\"itemListElement\":[{\"@type\":\"ListItem\",\"position\":1,\"name\":\"Home\",\"item\":\"https:\/\/winsysgroup.com\/es\/\"},{\"@type\":\"ListItem\",\"position\":2,\"name\":\"Innovaci\u00f3n en Gaming\",\"item\":\"http:\/\/winsysgroup.com\/es\/innovacion-en-gaming\/\"},{\"@type\":\"ListItem\",\"position\":3,\"name\":\"TECNOLOG\u00cdA DE ILUMINACI\u00d3N ADAPTABLE\"}]},{\"@type\":\"WebSite\",\"@id\":\"https:\/\/winsysgroup.com\/es\/#website\",\"url\":\"https:\/\/winsysgroup.com\/es\/\",\"name\":\"Win Systems Espa\u00f1ol\",\"description\":\"Win Systems Website\",\"potentialAction\":[{\"@type\":\"SearchAction\",\"target\":{\"@type\":\"EntryPoint\",\"urlTemplate\":\"https:\/\/winsysgroup.com\/es\/?s={search_term_string}\"},\"query-input\":\"required name=search_term_string\"}],\"inLanguage\":\"es\"}]}<\/script>\n<!-- \/ Yoast SEO plugin. -->","yoast_head_json":{"title":"TECNOLOG\u00cdA DE ILUMINACI\u00d3N ADAPTABLE - Win Systems Espa\u00f1ol","robots":{"index":"index","follow":"follow","max-snippet":"max-snippet:-1","max-image-preview":"max-image-preview:large","max-video-preview":"max-video-preview:-1"},"canonical":"http:\/\/winsysgroup.com\/es\/innovacion-en-gaming\/adaptive-illumination\/","og_locale":"es_ES","og_type":"article","og_title":"TECNOLOG\u00cdA DE ILUMINACI\u00d3N ADAPTABLE - Win Systems Espa\u00f1ol","og_description":"\u00daNICAS E INNOVADORAS M\u00c1QUINAS DE JUEGO CON ILUMINACI\u00d3N ADAPTABLE Plena inmersi\u00f3n en la experiencia de juego, capaz de atraer hasta 4x jugadores al juego. La Tecnolog\u00eda de Iluminaci\u00f3n Adaptable es un sistema de iluminaci\u00f3n que ajusta activamente el brillo y el color en funci\u00f3n del contenido de la imagen. Nuestra tecnolog\u00eda se basa en la [&hellip;]","og_url":"http:\/\/winsysgroup.com\/es\/innovacion-en-gaming\/adaptive-illumination\/","og_site_name":"Win Systems Espa\u00f1ol","article_modified_time":"2018-06-18T16:36:50+00:00","og_image":[{"width":400,"height":274,"url":"http:\/\/winsysgroup.com\/es\/wp-content\/uploads\/sites\/4\/2018\/06\/ruleta-web_2018-002-3.png","type":"image\/png"}],"twitter_card":"summary_large_image","twitter_misc":{"Tiempo de lectura":"1 minuto"},"schema":{"@context":"https:\/\/schema.org","@graph":[{"@type":"WebPage","@id":"http:\/\/winsysgroup.com\/es\/innovacion-en-gaming\/adaptive-illumination\/","url":"http:\/\/winsysgroup.com\/es\/innovacion-en-gaming\/adaptive-illumination\/","name":"TECNOLOG\u00cdA DE ILUMINACI\u00d3N ADAPTABLE - Win Systems Espa\u00f1ol","isPartOf":{"@id":"https:\/\/winsysgroup.com\/es\/#website"},"datePublished":"2017-05-31T15:57:31+00:00","dateModified":"2018-06-18T16:36:50+00:00","breadcrumb":{"@id":"http:\/\/winsysgroup.com\/es\/innovacion-en-gaming\/adaptive-illumination\/#breadcrumb"},"inLanguage":"es","potentialAction":[{"@type":"ReadAction","target":["http:\/\/winsysgroup.com\/es\/innovacion-en-gaming\/adaptive-illumination\/"]}]},{"@type":"BreadcrumbList","@id":"http:\/\/winsysgroup.com\/es\/innovacion-en-gaming\/adaptive-illumination\/#breadcrumb","itemListElement":[{"@type":"ListItem","position":1,"name":"Home","item":"https:\/\/winsysgroup.com\/es\/"},{"@type":"ListItem","position":2,"name":"Innovaci\u00f3n en Gaming","item":"http:\/\/winsysgroup.com\/es\/innovacion-en-gaming\/"},{"@type":"ListItem","position":3,"name":"TECNOLOG\u00cdA DE ILUMINACI\u00d3N ADAPTABLE"}]},{"@type":"WebSite","@id":"https:\/\/winsysgroup.com\/es\/#website","url":"https:\/\/winsysgroup.com\/es\/","name":"Win Systems Espa\u00f1ol","description":"Win Systems Website","potentialAction":[{"@type":"SearchAction","target":{"@type":"EntryPoint","urlTemplate":"https:\/\/winsysgroup.com\/es\/?s={search_term_string}"},"query-input":"required name=search_term_string"}],"inLanguage":"es"}]}},"_links":{"self":[{"href":"http:\/\/winsysgroup.com\/es\/wp-json\/wp\/v2\/pages\/140"}],"collection":[{"href":"http:\/\/winsysgroup.com\/es\/wp-json\/wp\/v2\/pages"}],"about":[{"href":"http:\/\/winsysgroup.com\/es\/wp-json\/wp\/v2\/types\/page"}],"author":[{"embeddable":true,"href":"http:\/\/winsysgroup.com\/es\/wp-json\/wp\/v2\/users\/1"}],"replies":[{"embeddable":true,"href":"http:\/\/winsysgroup.com\/es\/wp-json\/wp\/v2\/comments?post=140"}],"version-history":[{"count":0,"href":"http:\/\/winsysgroup.com\/es\/wp-json\/wp\/v2\/pages\/140\/revisions"}],"up":[{"embeddable":true,"href":"http:\/\/winsysgroup.com\/es\/wp-json\/wp\/v2\/pages\/134"}],"wp:featuredmedia":[{"embeddable":true,"href":"http:\/\/winsysgroup.com\/es\/wp-json\/wp\/v2\/media\/2167"}],"wp:attachment":[{"href":"http:\/\/winsysgroup.com\/es\/wp-json\/wp\/v2\/media?parent=140"}],"curies":[{"name":"wp","href":"https:\/\/api.w.org\/{rel}","templated":true}]}}