{"id":134,"date":"2017-05-31T15:43:31","date_gmt":"2017-05-31T15:43:31","guid":{"rendered":"http:\/\/winsysgroup.com-wp\/en\/?page_id=134"},"modified":"2021-10-28T11:08:42","modified_gmt":"2021-10-28T11:08:42","slug":"innovacion-en-gaming","status":"publish","type":"page","link":"http:\/\/winsysgroup.com\/es\/innovacion-en-gaming\/","title":{"rendered":"Innovaci\u00f3n en Gaming"},"content":{"rendered":"<h2 style=\"text-align: center\">NUESTRO COMPROMISO CON LA INNOVACI\u00d3N RESULTA EN PRODUCTOS TECNOL\u00d3GICAMENTE AVANZADOS DISE\u00d1ADOS PARA MEJORAR LA EXPERIENCIA DE LOS JUGADORES<\/h2>\n<p style=\"text-align: center\">Todos los productos son desarrollados internamente, utilizando los \u00faltimos procesos de dise\u00f1o y fabricaci\u00f3n a trav\u00e9s de la continua inversi\u00f3n en I+D. Nuestra ventaja competitiva est\u00e1 fuertemente relacionada con nuestra flexibilidad, r\u00e1pida adaptaci\u00f3n e innovaci\u00f3n tecnol\u00f3gica.<\/p>\n<p style=\"text-align: center\">Combinando un dise\u00f1o innovador y soluciones altamente funcionales, nuestras m\u00e1quinas de juego est\u00e1n a la vanguardia de la tecnolog\u00eda, de modo que podemos ofrecer soluciones de juegos ideales para todos los casinos.<\/p>\n<p style=\"text-align: center\">Nuestra gama de productos \u00e1gil y fiable, incluyendo las m\u00e1quinas de juego y las ruletas electr\u00f3nicas <strong>Gold Club<\/strong> \u2122, est\u00e1n basadas en dise\u00f1o de alto nivel, plena inmersi\u00f3n en la experiencia de juego y tecnolog\u00edas de vanguardia.<\/p>\n","protected":false},"excerpt":{"rendered":"<p>NUESTRO COMPROMISO CON LA INNOVACI\u00d3N RESULTA EN PRODUCTOS TECNOL\u00d3GICAMENTE AVANZADOS DISE\u00d1ADOS PARA MEJORAR LA EXPERIENCIA DE LOS JUGADORES Todos los productos son desarrollados internamente, utilizando los \u00faltimos procesos de dise\u00f1o y fabricaci\u00f3n a trav\u00e9s de la continua inversi\u00f3n en I+D. Nuestra ventaja competitiva est\u00e1 fuertemente relacionada con nuestra flexibilidad, r\u00e1pida adaptaci\u00f3n e innovaci\u00f3n tecnol\u00f3gica. Combinando [&hellip;]<\/p>\n","protected":false},"author":1,"featured_media":0,"parent":0,"menu_order":9,"comment_status":"closed","ping_status":"closed","template":"page-subpage-detail.php","meta":[],"yoast_head":"<!-- This site is optimized with the Yoast SEO plugin v20.8 - https:\/\/yoast.com\/wordpress\/plugins\/seo\/ -->\n<title>Innovaci\u00f3n en la industria de gaming | Win Systems<\/title>\n<meta name=\"description\" content=\"Ofrecemos a nuestros clientes soluciones y tecnolog\u00edas actuales en la industria gaming, aportando comodidad en la palma de tu mano. Herramientas avanzadas de an\u00e1lisis para casino managers, casino app en la mano de tus jugadores, casino loyalty MasterCard, y m\u00e1s soluciones para casinos.\" \/>\n<meta name=\"robots\" content=\"index, follow, max-snippet:-1, max-image-preview:large, max-video-preview:-1\" \/>\n<link rel=\"canonical\" href=\"http:\/\/winsysgroup.com\/es\/innovacion-en-gaming\/\" \/>\n<meta property=\"og:locale\" content=\"es_ES\" \/>\n<meta property=\"og:type\" content=\"article\" \/>\n<meta property=\"og:title\" content=\"Innovaci\u00f3n en la industria de gaming | Win Systems\" \/>\n<meta property=\"og:description\" content=\"Ofrecemos a nuestros clientes soluciones y tecnolog\u00edas actuales en la industria gaming, aportando comodidad en la palma de tu mano. Herramientas avanzadas de an\u00e1lisis para casino managers, casino app en la mano de tus jugadores, casino loyalty MasterCard, y m\u00e1s soluciones para casinos.\" \/>\n<meta property=\"og:url\" content=\"http:\/\/winsysgroup.com\/es\/innovacion-en-gaming\/\" \/>\n<meta property=\"og:site_name\" content=\"Win Systems Espa\u00f1ol\" \/>\n<meta property=\"article:modified_time\" content=\"2021-10-28T11:08:42+00:00\" \/>\n<meta name=\"twitter:card\" content=\"summary_large_image\" \/>\n<meta name=\"twitter:label1\" content=\"Tiempo de lectura\" \/>\n\t<meta name=\"twitter:data1\" content=\"1 minuto\" \/>\n<script type=\"application\/ld+json\" class=\"yoast-schema-graph\">{\"@context\":\"https:\/\/schema.org\",\"@graph\":[{\"@type\":\"WebPage\",\"@id\":\"http:\/\/winsysgroup.com\/es\/innovacion-en-gaming\/\",\"url\":\"http:\/\/winsysgroup.com\/es\/innovacion-en-gaming\/\",\"name\":\"Innovaci\u00f3n en la industria de gaming | Win Systems\",\"isPartOf\":{\"@id\":\"https:\/\/winsysgroup.com\/es\/#website\"},\"datePublished\":\"2017-05-31T15:43:31+00:00\",\"dateModified\":\"2021-10-28T11:08:42+00:00\",\"description\":\"Ofrecemos a nuestros clientes soluciones y tecnolog\u00edas actuales en la industria gaming, aportando comodidad en la palma de tu mano. Herramientas avanzadas de an\u00e1lisis para casino managers, casino app en la mano de tus jugadores, casino loyalty MasterCard, y m\u00e1s soluciones para casinos.\",\"breadcrumb\":{\"@id\":\"http:\/\/winsysgroup.com\/es\/innovacion-en-gaming\/#breadcrumb\"},\"inLanguage\":\"es\",\"potentialAction\":[{\"@type\":\"ReadAction\",\"target\":[\"http:\/\/winsysgroup.com\/es\/innovacion-en-gaming\/\"]}]},{\"@type\":\"BreadcrumbList\",\"@id\":\"http:\/\/winsysgroup.com\/es\/innovacion-en-gaming\/#breadcrumb\",\"itemListElement\":[{\"@type\":\"ListItem\",\"position\":1,\"name\":\"Home\",\"item\":\"https:\/\/winsysgroup.com\/es\/\"},{\"@type\":\"ListItem\",\"position\":2,\"name\":\"Innovaci\u00f3n en Gaming\"}]},{\"@type\":\"WebSite\",\"@id\":\"https:\/\/winsysgroup.com\/es\/#website\",\"url\":\"https:\/\/winsysgroup.com\/es\/\",\"name\":\"Win Systems Espa\u00f1ol\",\"description\":\"Win Systems Website\",\"potentialAction\":[{\"@type\":\"SearchAction\",\"target\":{\"@type\":\"EntryPoint\",\"urlTemplate\":\"https:\/\/winsysgroup.com\/es\/?s={search_term_string}\"},\"query-input\":\"required name=search_term_string\"}],\"inLanguage\":\"es\"}]}<\/script>\n<!-- \/ Yoast SEO plugin. -->","yoast_head_json":{"title":"Innovaci\u00f3n en la industria de gaming | Win Systems","description":"Ofrecemos a nuestros clientes soluciones y tecnolog\u00edas actuales en la industria gaming, aportando comodidad en la palma de tu mano. Herramientas avanzadas de an\u00e1lisis para casino managers, casino app en la mano de tus jugadores, casino loyalty MasterCard, y m\u00e1s soluciones para casinos.","robots":{"index":"index","follow":"follow","max-snippet":"max-snippet:-1","max-image-preview":"max-image-preview:large","max-video-preview":"max-video-preview:-1"},"canonical":"http:\/\/winsysgroup.com\/es\/innovacion-en-gaming\/","og_locale":"es_ES","og_type":"article","og_title":"Innovaci\u00f3n en la industria de gaming | Win Systems","og_description":"Ofrecemos a nuestros clientes soluciones y tecnolog\u00edas actuales en la industria gaming, aportando comodidad en la palma de tu mano. Herramientas avanzadas de an\u00e1lisis para casino managers, casino app en la mano de tus jugadores, casino loyalty MasterCard, y m\u00e1s soluciones para casinos.","og_url":"http:\/\/winsysgroup.com\/es\/innovacion-en-gaming\/","og_site_name":"Win Systems Espa\u00f1ol","article_modified_time":"2021-10-28T11:08:42+00:00","twitter_card":"summary_large_image","twitter_misc":{"Tiempo de lectura":"1 minuto"},"schema":{"@context":"https:\/\/schema.org","@graph":[{"@type":"WebPage","@id":"http:\/\/winsysgroup.com\/es\/innovacion-en-gaming\/","url":"http:\/\/winsysgroup.com\/es\/innovacion-en-gaming\/","name":"Innovaci\u00f3n en la industria de gaming | Win Systems","isPartOf":{"@id":"https:\/\/winsysgroup.com\/es\/#website"},"datePublished":"2017-05-31T15:43:31+00:00","dateModified":"2021-10-28T11:08:42+00:00","description":"Ofrecemos a nuestros clientes soluciones y tecnolog\u00edas actuales en la industria gaming, aportando comodidad en la palma de tu mano. Herramientas avanzadas de an\u00e1lisis para casino managers, casino app en la mano de tus jugadores, casino loyalty MasterCard, y m\u00e1s soluciones para casinos.","breadcrumb":{"@id":"http:\/\/winsysgroup.com\/es\/innovacion-en-gaming\/#breadcrumb"},"inLanguage":"es","potentialAction":[{"@type":"ReadAction","target":["http:\/\/winsysgroup.com\/es\/innovacion-en-gaming\/"]}]},{"@type":"BreadcrumbList","@id":"http:\/\/winsysgroup.com\/es\/innovacion-en-gaming\/#breadcrumb","itemListElement":[{"@type":"ListItem","position":1,"name":"Home","item":"https:\/\/winsysgroup.com\/es\/"},{"@type":"ListItem","position":2,"name":"Innovaci\u00f3n en Gaming"}]},{"@type":"WebSite","@id":"https:\/\/winsysgroup.com\/es\/#website","url":"https:\/\/winsysgroup.com\/es\/","name":"Win Systems Espa\u00f1ol","description":"Win Systems Website","potentialAction":[{"@type":"SearchAction","target":{"@type":"EntryPoint","urlTemplate":"https:\/\/winsysgroup.com\/es\/?s={search_term_string}"},"query-input":"required name=search_term_string"}],"inLanguage":"es"}]}},"_links":{"self":[{"href":"http:\/\/winsysgroup.com\/es\/wp-json\/wp\/v2\/pages\/134"}],"collection":[{"href":"http:\/\/winsysgroup.com\/es\/wp-json\/wp\/v2\/pages"}],"about":[{"href":"http:\/\/winsysgroup.com\/es\/wp-json\/wp\/v2\/types\/page"}],"author":[{"embeddable":true,"href":"http:\/\/winsysgroup.com\/es\/wp-json\/wp\/v2\/users\/1"}],"replies":[{"embeddable":true,"href":"http:\/\/winsysgroup.com\/es\/wp-json\/wp\/v2\/comments?post=134"}],"version-history":[{"count":0,"href":"http:\/\/winsysgroup.com\/es\/wp-json\/wp\/v2\/pages\/134\/revisions"}],"wp:attachment":[{"href":"http:\/\/winsysgroup.com\/es\/wp-json\/wp\/v2\/media?parent=134"}],"curies":[{"name":"wp","href":"https:\/\/api.w.org\/{rel}","templated":true}]}}