{"id":130,"date":"2017-05-31T15:33:22","date_gmt":"2017-05-31T15:33:22","guid":{"rendered":"http:\/\/winsysgroup.com-wp\/en\/?page_id=130"},"modified":"2025-06-30T09:54:05","modified_gmt":"2025-06-30T09:54:05","slug":"sistema-de-gestion-de-casinos","status":"publish","type":"page","link":"http:\/\/winsysgroup.com\/es\/sistemas\/sistema-de-gestion-de-casinos\/","title":{"rendered":"Sistema de gesti\u00f3n de casinos"},"content":{"rendered":"<h2 style=\"text-align: center\">LA GAMA M\u00c1S COMPLETA DE HERRAMIENTAS DE GESTI\u00d3N PARA TODO TIPO DE OPERACIONES DE CASINO<\/h2>\n<p style=\"text-align: center\"><strong>WIGOS\u2122<\/strong> ofrece las herramientas necesarias para gestionar mesas y m\u00e1quinas de juego en operaciones de casino de todo tipo.<\/p>\n<p style=\"text-align: center\"><strong>WIGOS\u2122<\/strong> incluye todas las funciones necesarias para gestionar las operaciones diarias, desde contabilidad, reportes y estad\u00edsticas, hasta herramientas de marketing y bonusing. <strong>WIGOS\u2122<\/strong> tambi\u00e9n incorpora herramientas de business intelligence para el \u00f3ptimo manejo de la sala de juego, con informaci\u00f3n en tiempo real y an\u00e1lisis de datos en profundidad.<\/p>\n<p style=\"text-align: center\">Nuestro Sistema de Gesti\u00f3n de Casinos abarca&nbsp;todas las operaciones en m\u00e1quinas de juego y mesas; Cashless, TITO y MICO.<\/p>\n<p style=\"text-align: center\">Los cientos de casinos alrededor del mundo que utilizan <strong>WIGOS\u2122<\/strong> dan testimonio de la fiabilidad del sistema, y nuestro servicio Customer Care 24\/7 est\u00e1 siempre disponible<br \/>\npara atender sus necesidades.<\/p>\n","protected":false},"excerpt":{"rendered":"<p>LA GAMA M\u00c1S COMPLETA DE HERRAMIENTAS DE GESTI\u00d3N PARA TODO TIPO DE OPERACIONES DE CASINO WIGOS\u2122 ofrece las herramientas necesarias para gestionar mesas y m\u00e1quinas de juego en operaciones de casino de todo tipo. WIGOS\u2122 incluye todas las funciones necesarias para gestionar las operaciones diarias, desde contabilidad, reportes y estad\u00edsticas, hasta herramientas de marketing y [&hellip;]<\/p>\n","protected":false},"author":1,"featured_media":0,"parent":114,"menu_order":22,"comment_status":"closed","ping_status":"closed","template":"page-casino-management-system.php","meta":[],"yoast_head":"<!-- This site is optimized with the Yoast SEO plugin v20.8 - https:\/\/yoast.com\/wordpress\/plugins\/seo\/ -->\n<title>Casino Management System con Business Intelligence<\/title>\n<meta name=\"description\" content=\"La m\u00e1s completa herramienta de casino management system para todas las operaciones de casino. Herramientas exclusivas para m\u00f3viles y tablet, player tracking, gesti\u00f3n de mesas,, bonus, jackpots, reportes y m\u00e1s.\" \/>\n<meta name=\"robots\" content=\"index, follow, max-snippet:-1, max-image-preview:large, max-video-preview:-1\" \/>\n<link rel=\"canonical\" href=\"https:\/\/winsysgroup.com\/es\/sistemas\/sistema-de-gestion-de-casinos\/\" \/>\n<meta property=\"og:locale\" content=\"es_ES\" \/>\n<meta property=\"og:type\" content=\"article\" \/>\n<meta property=\"og:title\" content=\"Casino Management System con Business Intelligence\" \/>\n<meta property=\"og:description\" content=\"La m\u00e1s completa herramienta de casino management system para todas las operaciones de casino. Herramientas exclusivas para m\u00f3viles y tablet, player tracking, gesti\u00f3n de mesas,, bonus, jackpots, reportes y m\u00e1s.\" \/>\n<meta property=\"og:url\" content=\"https:\/\/winsysgroup.com\/es\/sistemas\/sistema-de-gestion-de-casinos\/\" \/>\n<meta property=\"og:site_name\" content=\"Win Systems Espa\u00f1ol\" \/>\n<meta property=\"article:modified_time\" content=\"2025-06-30T09:54:05+00:00\" \/>\n<meta name=\"twitter:card\" content=\"summary_large_image\" \/>\n<meta name=\"twitter:label1\" content=\"Tiempo de lectura\" \/>\n\t<meta name=\"twitter:data1\" content=\"1 minuto\" \/>\n<script type=\"application\/ld+json\" class=\"yoast-schema-graph\">{\"@context\":\"https:\/\/schema.org\",\"@graph\":[{\"@type\":\"WebPage\",\"@id\":\"https:\/\/winsysgroup.com\/es\/sistemas\/sistema-de-gestion-de-casinos\/\",\"url\":\"https:\/\/winsysgroup.com\/es\/sistemas\/sistema-de-gestion-de-casinos\/\",\"name\":\"Casino Management System con Business Intelligence\",\"isPartOf\":{\"@id\":\"http:\/\/winsysgroup.com\/es\/#website\"},\"datePublished\":\"2017-05-31T15:33:22+00:00\",\"dateModified\":\"2025-06-30T09:54:05+00:00\",\"description\":\"La m\u00e1s completa herramienta de casino management system para todas las operaciones de casino. Herramientas exclusivas para m\u00f3viles y tablet, player tracking, gesti\u00f3n de mesas,, bonus, jackpots, reportes y m\u00e1s.\",\"breadcrumb\":{\"@id\":\"https:\/\/winsysgroup.com\/es\/sistemas\/sistema-de-gestion-de-casinos\/#breadcrumb\"},\"inLanguage\":\"es\",\"potentialAction\":[{\"@type\":\"ReadAction\",\"target\":[\"https:\/\/winsysgroup.com\/es\/sistemas\/sistema-de-gestion-de-casinos\/\"]}]},{\"@type\":\"BreadcrumbList\",\"@id\":\"https:\/\/winsysgroup.com\/es\/sistemas\/sistema-de-gestion-de-casinos\/#breadcrumb\",\"itemListElement\":[{\"@type\":\"ListItem\",\"position\":1,\"name\":\"Home\",\"item\":\"http:\/\/winsysgroup.com\/es\/\"},{\"@type\":\"ListItem\",\"position\":2,\"name\":\"Sistemas\",\"item\":\"https:\/\/winsysgroup.com\/es\/sistemas\/\"},{\"@type\":\"ListItem\",\"position\":3,\"name\":\"Sistema de gesti\u00f3n de casinos\"}]},{\"@type\":\"WebSite\",\"@id\":\"http:\/\/winsysgroup.com\/es\/#website\",\"url\":\"http:\/\/winsysgroup.com\/es\/\",\"name\":\"Win Systems Espa\u00f1ol\",\"description\":\"Win Systems Website\",\"potentialAction\":[{\"@type\":\"SearchAction\",\"target\":{\"@type\":\"EntryPoint\",\"urlTemplate\":\"http:\/\/winsysgroup.com\/es\/?s={search_term_string}\"},\"query-input\":\"required name=search_term_string\"}],\"inLanguage\":\"es\"}]}<\/script>\n<!-- \/ Yoast SEO plugin. -->","yoast_head_json":{"title":"Casino Management System con Business Intelligence","description":"La m\u00e1s completa herramienta de casino management system para todas las operaciones de casino. Herramientas exclusivas para m\u00f3viles y tablet, player tracking, gesti\u00f3n de mesas,, bonus, jackpots, reportes y m\u00e1s.","robots":{"index":"index","follow":"follow","max-snippet":"max-snippet:-1","max-image-preview":"max-image-preview:large","max-video-preview":"max-video-preview:-1"},"canonical":"https:\/\/winsysgroup.com\/es\/sistemas\/sistema-de-gestion-de-casinos\/","og_locale":"es_ES","og_type":"article","og_title":"Casino Management System con Business Intelligence","og_description":"La m\u00e1s completa herramienta de casino management system para todas las operaciones de casino. Herramientas exclusivas para m\u00f3viles y tablet, player tracking, gesti\u00f3n de mesas,, bonus, jackpots, reportes y m\u00e1s.","og_url":"https:\/\/winsysgroup.com\/es\/sistemas\/sistema-de-gestion-de-casinos\/","og_site_name":"Win Systems Espa\u00f1ol","article_modified_time":"2025-06-30T09:54:05+00:00","twitter_card":"summary_large_image","twitter_misc":{"Tiempo de lectura":"1 minuto"},"schema":{"@context":"https:\/\/schema.org","@graph":[{"@type":"WebPage","@id":"https:\/\/winsysgroup.com\/es\/sistemas\/sistema-de-gestion-de-casinos\/","url":"https:\/\/winsysgroup.com\/es\/sistemas\/sistema-de-gestion-de-casinos\/","name":"Casino Management System con Business Intelligence","isPartOf":{"@id":"http:\/\/winsysgroup.com\/es\/#website"},"datePublished":"2017-05-31T15:33:22+00:00","dateModified":"2025-06-30T09:54:05+00:00","description":"La m\u00e1s completa herramienta de casino management system para todas las operaciones de casino. Herramientas exclusivas para m\u00f3viles y tablet, player tracking, gesti\u00f3n de mesas,, bonus, jackpots, reportes y m\u00e1s.","breadcrumb":{"@id":"https:\/\/winsysgroup.com\/es\/sistemas\/sistema-de-gestion-de-casinos\/#breadcrumb"},"inLanguage":"es","potentialAction":[{"@type":"ReadAction","target":["https:\/\/winsysgroup.com\/es\/sistemas\/sistema-de-gestion-de-casinos\/"]}]},{"@type":"BreadcrumbList","@id":"https:\/\/winsysgroup.com\/es\/sistemas\/sistema-de-gestion-de-casinos\/#breadcrumb","itemListElement":[{"@type":"ListItem","position":1,"name":"Home","item":"http:\/\/winsysgroup.com\/es\/"},{"@type":"ListItem","position":2,"name":"Sistemas","item":"https:\/\/winsysgroup.com\/es\/sistemas\/"},{"@type":"ListItem","position":3,"name":"Sistema de gesti\u00f3n de casinos"}]},{"@type":"WebSite","@id":"http:\/\/winsysgroup.com\/es\/#website","url":"http:\/\/winsysgroup.com\/es\/","name":"Win Systems Espa\u00f1ol","description":"Win Systems Website","potentialAction":[{"@type":"SearchAction","target":{"@type":"EntryPoint","urlTemplate":"http:\/\/winsysgroup.com\/es\/?s={search_term_string}"},"query-input":"required name=search_term_string"}],"inLanguage":"es"}]}},"_links":{"self":[{"href":"http:\/\/winsysgroup.com\/es\/wp-json\/wp\/v2\/pages\/130"}],"collection":[{"href":"http:\/\/winsysgroup.com\/es\/wp-json\/wp\/v2\/pages"}],"about":[{"href":"http:\/\/winsysgroup.com\/es\/wp-json\/wp\/v2\/types\/page"}],"author":[{"embeddable":true,"href":"http:\/\/winsysgroup.com\/es\/wp-json\/wp\/v2\/users\/1"}],"replies":[{"embeddable":true,"href":"http:\/\/winsysgroup.com\/es\/wp-json\/wp\/v2\/comments?post=130"}],"version-history":[{"count":0,"href":"http:\/\/winsysgroup.com\/es\/wp-json\/wp\/v2\/pages\/130\/revisions"}],"up":[{"embeddable":true,"href":"http:\/\/winsysgroup.com\/es\/wp-json\/wp\/v2\/pages\/114"}],"wp:attachment":[{"href":"http:\/\/winsysgroup.com\/es\/wp-json\/wp\/v2\/media?parent=130"}],"curies":[{"name":"wp","href":"https:\/\/api.w.org\/{rel}","templated":true}]}}