{"id":126,"date":"2017-05-31T15:19:45","date_gmt":"2017-05-31T15:19:45","guid":{"rendered":"http:\/\/winsysgroup.com-wp\/en\/?page_id=126"},"modified":"2023-05-30T10:32:45","modified_gmt":"2023-05-30T10:32:45","slug":"routes-and-archades","status":"publish","type":"page","link":"http:\/\/winsysgroup.com\/es\/sistemas\/routes-and-archades\/","title":{"rendered":"Operaciones en Rutas y Salones"},"content":{"rendered":"<h2 style=\"text-align: center\">LA MEJOR SOLUCI\u00d3N PARA OPTIMIZAR LA GESTI\u00d3N DE DISTINTAS OPERACIONES DE JUEGO DESDE UN \u00daNICO SISTEMA<\/h2>\n<p>\u00a0<\/p>\n<p style=\"text-align: center\"><strong>Wigos One<\/strong>\u00a0es el \u00fanico sistema centralizado capaz de controlar m\u00faltiples operaciones de juego. Permite gestionar salones de juego, operaciones en ruta, hosteler\u00eda, bingos\u2026, a la vez que integra los datos del resto de l\u00edneas de negocio, como apuestas, loter\u00edas y juegos en l\u00ednea.<\/p>\n<p style=\"text-align: center\">Ofrece potentes herramientas de fidelizaci\u00f3n y seguimiento, optimizando la toma de decisiones y potenciando la experiencia de los jugadores.<\/p>\n<p style=\"text-align: center\"><strong>Wigos One<\/strong>\u00a0est\u00e1 dise\u00f1ado para cumplir con los requisitos regulatorios de diferentes pa\u00edses y adaptarse a sus entornos espec\u00edficos, proporcionando una soluci\u00f3n completa y segura.<\/p>\n<p>\u00a0<\/p>\n<h3 style=\"text-align: center\">\u00a0<\/h3>\n\n\n<figure class=\"wp-block-image size-full\"><img decoding=\"async\" loading=\"lazy\" width=\"1431\" height=\"671\" src=\"https:\/\/winsysgroup.com\/es\/wp-content\/uploads\/sites\/4\/2023\/05\/MicrosoftTeams-image-209-1.png\" alt=\"\" class=\"wp-image-2904\" \/><\/figure>\n","protected":false},"excerpt":{"rendered":"<p>LA MEJOR SOLUCI\u00d3N PARA OPTIMIZAR LA GESTI\u00d3N DE DISTINTAS OPERACIONES DE JUEGO DESDE UN \u00daNICO SISTEMA \u00a0 Wigos One\u00a0es el \u00fanico sistema centralizado capaz de controlar m\u00faltiples operaciones de juego. Permite gestionar salones de juego, operaciones en ruta, hosteler\u00eda, bingos\u2026, a la vez que integra los datos del resto de l\u00edneas de negocio, como apuestas, [&hellip;]<\/p>\n","protected":false},"author":1,"featured_media":0,"parent":114,"menu_order":23,"comment_status":"closed","ping_status":"closed","template":"page-routes-and-archades.php","meta":[],"yoast_head":"<!-- This site is optimized with the Yoast SEO plugin v20.8 - https:\/\/yoast.com\/wordpress\/plugins\/seo\/ -->\n<title>Operaciones en Rutas y Salones - Win Systems Espa\u00f1ol<\/title>\n<meta name=\"robots\" content=\"index, follow, max-snippet:-1, max-image-preview:large, max-video-preview:-1\" \/>\n<link rel=\"canonical\" href=\"http:\/\/winsysgroup.com\/es\/sistemas\/routes-and-archades\/\" \/>\n<meta property=\"og:locale\" content=\"es_ES\" \/>\n<meta property=\"og:type\" content=\"article\" \/>\n<meta property=\"og:title\" content=\"Operaciones en Rutas y Salones - Win Systems Espa\u00f1ol\" \/>\n<meta property=\"og:description\" content=\"LA MEJOR SOLUCI\u00d3N PARA OPTIMIZAR LA GESTI\u00d3N DE DISTINTAS OPERACIONES DE JUEGO DESDE UN \u00daNICO SISTEMA \u00a0 Wigos One\u00a0es el \u00fanico sistema centralizado capaz de controlar m\u00faltiples operaciones de juego. Permite gestionar salones de juego, operaciones en ruta, hosteler\u00eda, bingos\u2026, a la vez que integra los datos del resto de l\u00edneas de negocio, como apuestas, [&hellip;]\" \/>\n<meta property=\"og:url\" content=\"http:\/\/winsysgroup.com\/es\/sistemas\/routes-and-archades\/\" \/>\n<meta property=\"og:site_name\" content=\"Win Systems Espa\u00f1ol\" \/>\n<meta property=\"article:modified_time\" content=\"2023-05-30T10:32:45+00:00\" \/>\n<meta property=\"og:image\" content=\"https:\/\/winsysgroup.com\/es\/wp-content\/uploads\/sites\/4\/2023\/05\/MicrosoftTeams-image-209-1.png\" \/>\n<meta name=\"twitter:card\" content=\"summary_large_image\" \/>\n<meta name=\"twitter:label1\" content=\"Tiempo de lectura\" \/>\n\t<meta name=\"twitter:data1\" content=\"1 minuto\" \/>\n<script type=\"application\/ld+json\" class=\"yoast-schema-graph\">{\"@context\":\"https:\/\/schema.org\",\"@graph\":[{\"@type\":\"WebPage\",\"@id\":\"http:\/\/winsysgroup.com\/es\/sistemas\/routes-and-archades\/\",\"url\":\"http:\/\/winsysgroup.com\/es\/sistemas\/routes-and-archades\/\",\"name\":\"Operaciones en Rutas y Salones - Win Systems Espa\u00f1ol\",\"isPartOf\":{\"@id\":\"https:\/\/winsysgroup.com\/es\/#website\"},\"datePublished\":\"2017-05-31T15:19:45+00:00\",\"dateModified\":\"2023-05-30T10:32:45+00:00\",\"breadcrumb\":{\"@id\":\"http:\/\/winsysgroup.com\/es\/sistemas\/routes-and-archades\/#breadcrumb\"},\"inLanguage\":\"es\",\"potentialAction\":[{\"@type\":\"ReadAction\",\"target\":[\"http:\/\/winsysgroup.com\/es\/sistemas\/routes-and-archades\/\"]}]},{\"@type\":\"BreadcrumbList\",\"@id\":\"http:\/\/winsysgroup.com\/es\/sistemas\/routes-and-archades\/#breadcrumb\",\"itemListElement\":[{\"@type\":\"ListItem\",\"position\":1,\"name\":\"Home\",\"item\":\"https:\/\/winsysgroup.com\/es\/\"},{\"@type\":\"ListItem\",\"position\":2,\"name\":\"Sistemas\",\"item\":\"http:\/\/winsysgroup.com\/es\/sistemas\/\"},{\"@type\":\"ListItem\",\"position\":3,\"name\":\"Operaciones en Rutas y Salones\"}]},{\"@type\":\"WebSite\",\"@id\":\"https:\/\/winsysgroup.com\/es\/#website\",\"url\":\"https:\/\/winsysgroup.com\/es\/\",\"name\":\"Win Systems Espa\u00f1ol\",\"description\":\"Win Systems Website\",\"potentialAction\":[{\"@type\":\"SearchAction\",\"target\":{\"@type\":\"EntryPoint\",\"urlTemplate\":\"https:\/\/winsysgroup.com\/es\/?s={search_term_string}\"},\"query-input\":\"required name=search_term_string\"}],\"inLanguage\":\"es\"}]}<\/script>\n<!-- \/ Yoast SEO plugin. -->","yoast_head_json":{"title":"Operaciones en Rutas y Salones - Win Systems Espa\u00f1ol","robots":{"index":"index","follow":"follow","max-snippet":"max-snippet:-1","max-image-preview":"max-image-preview:large","max-video-preview":"max-video-preview:-1"},"canonical":"http:\/\/winsysgroup.com\/es\/sistemas\/routes-and-archades\/","og_locale":"es_ES","og_type":"article","og_title":"Operaciones en Rutas y Salones - Win Systems Espa\u00f1ol","og_description":"LA MEJOR SOLUCI\u00d3N PARA OPTIMIZAR LA GESTI\u00d3N DE DISTINTAS OPERACIONES DE JUEGO DESDE UN \u00daNICO SISTEMA \u00a0 Wigos One\u00a0es el \u00fanico sistema centralizado capaz de controlar m\u00faltiples operaciones de juego. Permite gestionar salones de juego, operaciones en ruta, hosteler\u00eda, bingos\u2026, a la vez que integra los datos del resto de l\u00edneas de negocio, como apuestas, [&hellip;]","og_url":"http:\/\/winsysgroup.com\/es\/sistemas\/routes-and-archades\/","og_site_name":"Win Systems Espa\u00f1ol","article_modified_time":"2023-05-30T10:32:45+00:00","og_image":[{"url":"https:\/\/winsysgroup.com\/es\/wp-content\/uploads\/sites\/4\/2023\/05\/MicrosoftTeams-image-209-1.png"}],"twitter_card":"summary_large_image","twitter_misc":{"Tiempo de lectura":"1 minuto"},"schema":{"@context":"https:\/\/schema.org","@graph":[{"@type":"WebPage","@id":"http:\/\/winsysgroup.com\/es\/sistemas\/routes-and-archades\/","url":"http:\/\/winsysgroup.com\/es\/sistemas\/routes-and-archades\/","name":"Operaciones en Rutas y Salones - Win Systems Espa\u00f1ol","isPartOf":{"@id":"https:\/\/winsysgroup.com\/es\/#website"},"datePublished":"2017-05-31T15:19:45+00:00","dateModified":"2023-05-30T10:32:45+00:00","breadcrumb":{"@id":"http:\/\/winsysgroup.com\/es\/sistemas\/routes-and-archades\/#breadcrumb"},"inLanguage":"es","potentialAction":[{"@type":"ReadAction","target":["http:\/\/winsysgroup.com\/es\/sistemas\/routes-and-archades\/"]}]},{"@type":"BreadcrumbList","@id":"http:\/\/winsysgroup.com\/es\/sistemas\/routes-and-archades\/#breadcrumb","itemListElement":[{"@type":"ListItem","position":1,"name":"Home","item":"https:\/\/winsysgroup.com\/es\/"},{"@type":"ListItem","position":2,"name":"Sistemas","item":"http:\/\/winsysgroup.com\/es\/sistemas\/"},{"@type":"ListItem","position":3,"name":"Operaciones en Rutas y Salones"}]},{"@type":"WebSite","@id":"https:\/\/winsysgroup.com\/es\/#website","url":"https:\/\/winsysgroup.com\/es\/","name":"Win Systems Espa\u00f1ol","description":"Win Systems Website","potentialAction":[{"@type":"SearchAction","target":{"@type":"EntryPoint","urlTemplate":"https:\/\/winsysgroup.com\/es\/?s={search_term_string}"},"query-input":"required name=search_term_string"}],"inLanguage":"es"}]}},"_links":{"self":[{"href":"http:\/\/winsysgroup.com\/es\/wp-json\/wp\/v2\/pages\/126"}],"collection":[{"href":"http:\/\/winsysgroup.com\/es\/wp-json\/wp\/v2\/pages"}],"about":[{"href":"http:\/\/winsysgroup.com\/es\/wp-json\/wp\/v2\/types\/page"}],"author":[{"embeddable":true,"href":"http:\/\/winsysgroup.com\/es\/wp-json\/wp\/v2\/users\/1"}],"replies":[{"embeddable":true,"href":"http:\/\/winsysgroup.com\/es\/wp-json\/wp\/v2\/comments?post=126"}],"version-history":[{"count":0,"href":"http:\/\/winsysgroup.com\/es\/wp-json\/wp\/v2\/pages\/126\/revisions"}],"up":[{"embeddable":true,"href":"http:\/\/winsysgroup.com\/es\/wp-json\/wp\/v2\/pages\/114"}],"wp:attachment":[{"href":"http:\/\/winsysgroup.com\/es\/wp-json\/wp\/v2\/media?parent=126"}],"curies":[{"name":"wp","href":"https:\/\/api.w.org\/{rel}","templated":true}]}}