{"id":114,"date":"2017-05-30T21:06:06","date_gmt":"2017-05-30T21:06:06","guid":{"rendered":"http:\/\/winsysgroup.com-wp\/en\/?page_id=114"},"modified":"2023-05-23T16:35:41","modified_gmt":"2023-05-23T16:35:41","slug":"sistemas","status":"publish","type":"page","link":"http:\/\/winsysgroup.com\/es\/sistemas\/","title":{"rendered":"Sistemas"},"content":{"rendered":"<h2 style=\"text-align: center\">AMPLIA GAMA DE SOLUCIONES PARA GARANTIZAR EL MEJOR SISTEMA PARA CADA OPERADOR<\/h2>\n<p style=\"text-align: center\">Nuestra extensa gama de productos ofrece soluciones integrales para cubrir todas las necesidades de los operadores de casinos. Gracias a nuestro equipo altamente cualificado y con amplia experiencia en la industria del juego, nuestros sistemas y soluciones son los m\u00e1s innovadores del mercado.<\/p>\n<p style=\"text-align: center\">Con m\u00e1s de 20 a\u00f1os de experiencia en operaciones de juego, hemos establecido altos est\u00e1ndares para la implementaci\u00f3n exitosa de sistemas para casinos, loter\u00edas y operaciones en ruta. Al mismo tiempo, continuamos desarrollando productos para garantizar las mejores soluciones a nuestros clientes.<\/p>\n","protected":false},"excerpt":{"rendered":"<p>AMPLIA GAMA DE SOLUCIONES PARA GARANTIZAR EL MEJOR SISTEMA PARA CADA OPERADOR Nuestra extensa gama de productos ofrece soluciones integrales para cubrir todas las necesidades de los operadores de casinos. Gracias a nuestro equipo altamente cualificado y con amplia experiencia en la industria del juego, nuestros sistemas y soluciones son los m\u00e1s innovadores del mercado. [&hellip;]<\/p>\n","protected":false},"author":1,"featured_media":0,"parent":0,"menu_order":21,"comment_status":"closed","ping_status":"closed","template":"page-subpage-thumbnail.php","meta":[],"yoast_head":"<!-- This site is optimized with the Yoast SEO plugin v20.8 - https:\/\/yoast.com\/wordpress\/plugins\/seo\/ -->\n<title>Sistemas - Win Systems Espa\u00f1ol<\/title>\n<meta name=\"robots\" content=\"index, follow, max-snippet:-1, max-image-preview:large, max-video-preview:-1\" \/>\n<link rel=\"canonical\" href=\"http:\/\/winsysgroup.com\/es\/sistemas\/\" \/>\n<meta property=\"og:locale\" content=\"es_ES\" \/>\n<meta property=\"og:type\" content=\"article\" \/>\n<meta property=\"og:title\" content=\"Sistemas - Win Systems Espa\u00f1ol\" \/>\n<meta property=\"og:description\" content=\"AMPLIA GAMA DE SOLUCIONES PARA GARANTIZAR EL MEJOR SISTEMA PARA CADA OPERADOR Nuestra extensa gama de productos ofrece soluciones integrales para cubrir todas las necesidades de los operadores de casinos. Gracias a nuestro equipo altamente cualificado y con amplia experiencia en la industria del juego, nuestros sistemas y soluciones son los m\u00e1s innovadores del mercado. [&hellip;]\" \/>\n<meta property=\"og:url\" content=\"http:\/\/winsysgroup.com\/es\/sistemas\/\" \/>\n<meta property=\"og:site_name\" content=\"Win Systems Espa\u00f1ol\" \/>\n<meta property=\"article:modified_time\" content=\"2023-05-23T16:35:41+00:00\" \/>\n<meta name=\"twitter:card\" content=\"summary_large_image\" \/>\n<meta name=\"twitter:label1\" content=\"Tiempo de lectura\" \/>\n\t<meta name=\"twitter:data1\" content=\"1 minuto\" \/>\n<script type=\"application\/ld+json\" class=\"yoast-schema-graph\">{\"@context\":\"https:\/\/schema.org\",\"@graph\":[{\"@type\":\"WebPage\",\"@id\":\"http:\/\/winsysgroup.com\/es\/sistemas\/\",\"url\":\"http:\/\/winsysgroup.com\/es\/sistemas\/\",\"name\":\"Sistemas - Win Systems Espa\u00f1ol\",\"isPartOf\":{\"@id\":\"https:\/\/winsysgroup.com\/es\/#website\"},\"datePublished\":\"2017-05-30T21:06:06+00:00\",\"dateModified\":\"2023-05-23T16:35:41+00:00\",\"breadcrumb\":{\"@id\":\"http:\/\/winsysgroup.com\/es\/sistemas\/#breadcrumb\"},\"inLanguage\":\"es\",\"potentialAction\":[{\"@type\":\"ReadAction\",\"target\":[\"http:\/\/winsysgroup.com\/es\/sistemas\/\"]}]},{\"@type\":\"BreadcrumbList\",\"@id\":\"http:\/\/winsysgroup.com\/es\/sistemas\/#breadcrumb\",\"itemListElement\":[{\"@type\":\"ListItem\",\"position\":1,\"name\":\"Home\",\"item\":\"https:\/\/winsysgroup.com\/es\/\"},{\"@type\":\"ListItem\",\"position\":2,\"name\":\"Sistemas\"}]},{\"@type\":\"WebSite\",\"@id\":\"https:\/\/winsysgroup.com\/es\/#website\",\"url\":\"https:\/\/winsysgroup.com\/es\/\",\"name\":\"Win Systems Espa\u00f1ol\",\"description\":\"Win Systems Website\",\"potentialAction\":[{\"@type\":\"SearchAction\",\"target\":{\"@type\":\"EntryPoint\",\"urlTemplate\":\"https:\/\/winsysgroup.com\/es\/?s={search_term_string}\"},\"query-input\":\"required name=search_term_string\"}],\"inLanguage\":\"es\"}]}<\/script>\n<!-- \/ Yoast SEO plugin. -->","yoast_head_json":{"title":"Sistemas - Win Systems Espa\u00f1ol","robots":{"index":"index","follow":"follow","max-snippet":"max-snippet:-1","max-image-preview":"max-image-preview:large","max-video-preview":"max-video-preview:-1"},"canonical":"http:\/\/winsysgroup.com\/es\/sistemas\/","og_locale":"es_ES","og_type":"article","og_title":"Sistemas - Win Systems Espa\u00f1ol","og_description":"AMPLIA GAMA DE SOLUCIONES PARA GARANTIZAR EL MEJOR SISTEMA PARA CADA OPERADOR Nuestra extensa gama de productos ofrece soluciones integrales para cubrir todas las necesidades de los operadores de casinos. Gracias a nuestro equipo altamente cualificado y con amplia experiencia en la industria del juego, nuestros sistemas y soluciones son los m\u00e1s innovadores del mercado. [&hellip;]","og_url":"http:\/\/winsysgroup.com\/es\/sistemas\/","og_site_name":"Win Systems Espa\u00f1ol","article_modified_time":"2023-05-23T16:35:41+00:00","twitter_card":"summary_large_image","twitter_misc":{"Tiempo de lectura":"1 minuto"},"schema":{"@context":"https:\/\/schema.org","@graph":[{"@type":"WebPage","@id":"http:\/\/winsysgroup.com\/es\/sistemas\/","url":"http:\/\/winsysgroup.com\/es\/sistemas\/","name":"Sistemas - Win Systems Espa\u00f1ol","isPartOf":{"@id":"https:\/\/winsysgroup.com\/es\/#website"},"datePublished":"2017-05-30T21:06:06+00:00","dateModified":"2023-05-23T16:35:41+00:00","breadcrumb":{"@id":"http:\/\/winsysgroup.com\/es\/sistemas\/#breadcrumb"},"inLanguage":"es","potentialAction":[{"@type":"ReadAction","target":["http:\/\/winsysgroup.com\/es\/sistemas\/"]}]},{"@type":"BreadcrumbList","@id":"http:\/\/winsysgroup.com\/es\/sistemas\/#breadcrumb","itemListElement":[{"@type":"ListItem","position":1,"name":"Home","item":"https:\/\/winsysgroup.com\/es\/"},{"@type":"ListItem","position":2,"name":"Sistemas"}]},{"@type":"WebSite","@id":"https:\/\/winsysgroup.com\/es\/#website","url":"https:\/\/winsysgroup.com\/es\/","name":"Win Systems Espa\u00f1ol","description":"Win Systems Website","potentialAction":[{"@type":"SearchAction","target":{"@type":"EntryPoint","urlTemplate":"https:\/\/winsysgroup.com\/es\/?s={search_term_string}"},"query-input":"required name=search_term_string"}],"inLanguage":"es"}]}},"_links":{"self":[{"href":"http:\/\/winsysgroup.com\/es\/wp-json\/wp\/v2\/pages\/114"}],"collection":[{"href":"http:\/\/winsysgroup.com\/es\/wp-json\/wp\/v2\/pages"}],"about":[{"href":"http:\/\/winsysgroup.com\/es\/wp-json\/wp\/v2\/types\/page"}],"author":[{"embeddable":true,"href":"http:\/\/winsysgroup.com\/es\/wp-json\/wp\/v2\/users\/1"}],"replies":[{"embeddable":true,"href":"http:\/\/winsysgroup.com\/es\/wp-json\/wp\/v2\/comments?post=114"}],"version-history":[{"count":0,"href":"http:\/\/winsysgroup.com\/es\/wp-json\/wp\/v2\/pages\/114\/revisions"}],"wp:attachment":[{"href":"http:\/\/winsysgroup.com\/es\/wp-json\/wp\/v2\/media?parent=114"}],"curies":[{"name":"wp","href":"https:\/\/api.w.org\/{rel}","templated":true}]}}