{"id":108,"date":"2017-05-30T20:37:53","date_gmt":"2017-05-30T20:37:53","guid":{"rendered":"http:\/\/winsysgroup.com-wp\/en\/?page_id=108"},"modified":"2023-10-30T16:35:33","modified_gmt":"2023-10-30T16:35:33","slug":"public-gaming-system","status":"publish","type":"page","link":"http:\/\/winsysgroup.com\/es\/sistemas\/public-gaming-system\/","title":{"rendered":"Monitorizaci\u00f3n y Control de Juego"},"content":{"rendered":"<h2><strong>RECOLECTAR, MONITOREAR, ALMACENAR Y REPORTAR LA ACTIVIDAD DE JUEGO DE TODAS LAS L\u00cdNEAS DE NEGOCIO<\/strong><\/h2>\n<p>Proporcionamos y administramos <strong>sistemas de monitoreo y reportes en tiempo real para operaciones de \u00e1mbito nacional<\/strong> en estricta conformidad con las regulaciones oficiales de juego de gobiernos de todo el mundo. Esto permite que los operadores de juegos cumplan con los requisitos de las Autoridades relacionados con informes de todas las l\u00edneas de negocio, tales como casinos y salas de juego, bingos, loter\u00edas, apuestas deportivas y juegos en l\u00ednea, entre otras.<\/p>\n<p>Gracias a nuestro sistema, las administraciones p\u00fablicas disponen de una amplia gama de funcionalidades para controlar y prevenir la adicci\u00f3n al juego e implementar pol\u00edticas contra el Blanqueo de Capitales, para garantizar que tanto las salas de juego como los jugadores cumplan con todos los requisitos reglamentarios.<\/p>\n<p><img decoding=\"async\" loading=\"lazy\" class=\" wp-image-3053 aligncenter\" src=\"http:\/\/winsysgroup.com\/es\/wp-content\/uploads\/sites\/4\/2023\/10\/MicrosoftTeams-image-423-300x147.png\" alt=\"\" width=\"633\" height=\"310\" srcset=\"http:\/\/winsysgroup.com\/es\/wp-content\/uploads\/sites\/4\/2023\/10\/MicrosoftTeams-image-423-300x147.png 300w, http:\/\/winsysgroup.com\/es\/wp-content\/uploads\/sites\/4\/2023\/10\/MicrosoftTeams-image-423-768x377.png 768w, http:\/\/winsysgroup.com\/es\/wp-content\/uploads\/sites\/4\/2023\/10\/MicrosoftTeams-image-423.png 940w\" sizes=\"(max-width: 633px) 100vw, 633px\" \/><\/p>\n","protected":false},"excerpt":{"rendered":"<p>RECOLECTAR, MONITOREAR, ALMACENAR Y REPORTAR LA ACTIVIDAD DE JUEGO DE TODAS LAS L\u00cdNEAS DE NEGOCIO Proporcionamos y administramos sistemas de monitoreo y reportes en tiempo real para operaciones de \u00e1mbito nacional en estricta conformidad con las regulaciones oficiales de juego de gobiernos de todo el mundo. Esto permite que los operadores de juegos cumplan con [&hellip;]<\/p>\n","protected":false},"author":1,"featured_media":0,"parent":114,"menu_order":24,"comment_status":"closed","ping_status":"closed","template":"","meta":[],"yoast_head":"<!-- This site is optimized with the Yoast SEO plugin v20.8 - https:\/\/yoast.com\/wordpress\/plugins\/seo\/ -->\n<title>Monitorizaci\u00f3n y Control de Juego - Win Systems Espa\u00f1ol<\/title>\n<meta name=\"robots\" content=\"index, follow, max-snippet:-1, max-image-preview:large, max-video-preview:-1\" \/>\n<link rel=\"canonical\" href=\"http:\/\/winsysgroup.com\/es\/sistemas\/public-gaming-system\/\" \/>\n<meta property=\"og:locale\" content=\"es_ES\" \/>\n<meta property=\"og:type\" content=\"article\" \/>\n<meta property=\"og:title\" content=\"Monitorizaci\u00f3n y Control de Juego - Win Systems Espa\u00f1ol\" \/>\n<meta property=\"og:description\" content=\"RECOLECTAR, MONITOREAR, ALMACENAR Y REPORTAR LA ACTIVIDAD DE JUEGO DE TODAS LAS L\u00cdNEAS DE NEGOCIO Proporcionamos y administramos sistemas de monitoreo y reportes en tiempo real para operaciones de \u00e1mbito nacional en estricta conformidad con las regulaciones oficiales de juego de gobiernos de todo el mundo. Esto permite que los operadores de juegos cumplan con [&hellip;]\" \/>\n<meta property=\"og:url\" content=\"http:\/\/winsysgroup.com\/es\/sistemas\/public-gaming-system\/\" \/>\n<meta property=\"og:site_name\" content=\"Win Systems Espa\u00f1ol\" \/>\n<meta property=\"article:modified_time\" content=\"2023-10-30T16:35:33+00:00\" \/>\n<meta property=\"og:image\" content=\"http:\/\/winsysgroup.com\/es\/wp-content\/uploads\/sites\/4\/2023\/10\/MicrosoftTeams-image-423-300x147.png\" \/>\n<meta name=\"twitter:card\" content=\"summary_large_image\" \/>\n<meta name=\"twitter:label1\" content=\"Tiempo de lectura\" \/>\n\t<meta name=\"twitter:data1\" content=\"1 minuto\" \/>\n<script type=\"application\/ld+json\" class=\"yoast-schema-graph\">{\"@context\":\"https:\/\/schema.org\",\"@graph\":[{\"@type\":\"WebPage\",\"@id\":\"http:\/\/winsysgroup.com\/es\/sistemas\/public-gaming-system\/\",\"url\":\"http:\/\/winsysgroup.com\/es\/sistemas\/public-gaming-system\/\",\"name\":\"Monitorizaci\u00f3n y Control de Juego - Win Systems Espa\u00f1ol\",\"isPartOf\":{\"@id\":\"https:\/\/winsysgroup.com\/es\/#website\"},\"datePublished\":\"2017-05-30T20:37:53+00:00\",\"dateModified\":\"2023-10-30T16:35:33+00:00\",\"breadcrumb\":{\"@id\":\"http:\/\/winsysgroup.com\/es\/sistemas\/public-gaming-system\/#breadcrumb\"},\"inLanguage\":\"es\",\"potentialAction\":[{\"@type\":\"ReadAction\",\"target\":[\"http:\/\/winsysgroup.com\/es\/sistemas\/public-gaming-system\/\"]}]},{\"@type\":\"BreadcrumbList\",\"@id\":\"http:\/\/winsysgroup.com\/es\/sistemas\/public-gaming-system\/#breadcrumb\",\"itemListElement\":[{\"@type\":\"ListItem\",\"position\":1,\"name\":\"Home\",\"item\":\"https:\/\/winsysgroup.com\/es\/\"},{\"@type\":\"ListItem\",\"position\":2,\"name\":\"Sistemas\",\"item\":\"http:\/\/winsysgroup.com\/es\/sistemas\/\"},{\"@type\":\"ListItem\",\"position\":3,\"name\":\"Monitorizaci\u00f3n y Control de Juego\"}]},{\"@type\":\"WebSite\",\"@id\":\"https:\/\/winsysgroup.com\/es\/#website\",\"url\":\"https:\/\/winsysgroup.com\/es\/\",\"name\":\"Win Systems Espa\u00f1ol\",\"description\":\"Win Systems Website\",\"potentialAction\":[{\"@type\":\"SearchAction\",\"target\":{\"@type\":\"EntryPoint\",\"urlTemplate\":\"https:\/\/winsysgroup.com\/es\/?s={search_term_string}\"},\"query-input\":\"required name=search_term_string\"}],\"inLanguage\":\"es\"}]}<\/script>\n<!-- \/ Yoast SEO plugin. -->","yoast_head_json":{"title":"Monitorizaci\u00f3n y Control de Juego - Win Systems Espa\u00f1ol","robots":{"index":"index","follow":"follow","max-snippet":"max-snippet:-1","max-image-preview":"max-image-preview:large","max-video-preview":"max-video-preview:-1"},"canonical":"http:\/\/winsysgroup.com\/es\/sistemas\/public-gaming-system\/","og_locale":"es_ES","og_type":"article","og_title":"Monitorizaci\u00f3n y Control de Juego - Win Systems Espa\u00f1ol","og_description":"RECOLECTAR, MONITOREAR, ALMACENAR Y REPORTAR LA ACTIVIDAD DE JUEGO DE TODAS LAS L\u00cdNEAS DE NEGOCIO Proporcionamos y administramos sistemas de monitoreo y reportes en tiempo real para operaciones de \u00e1mbito nacional en estricta conformidad con las regulaciones oficiales de juego de gobiernos de todo el mundo. Esto permite que los operadores de juegos cumplan con [&hellip;]","og_url":"http:\/\/winsysgroup.com\/es\/sistemas\/public-gaming-system\/","og_site_name":"Win Systems Espa\u00f1ol","article_modified_time":"2023-10-30T16:35:33+00:00","og_image":[{"url":"http:\/\/winsysgroup.com\/es\/wp-content\/uploads\/sites\/4\/2023\/10\/MicrosoftTeams-image-423-300x147.png"}],"twitter_card":"summary_large_image","twitter_misc":{"Tiempo de lectura":"1 minuto"},"schema":{"@context":"https:\/\/schema.org","@graph":[{"@type":"WebPage","@id":"http:\/\/winsysgroup.com\/es\/sistemas\/public-gaming-system\/","url":"http:\/\/winsysgroup.com\/es\/sistemas\/public-gaming-system\/","name":"Monitorizaci\u00f3n y Control de Juego - Win Systems Espa\u00f1ol","isPartOf":{"@id":"https:\/\/winsysgroup.com\/es\/#website"},"datePublished":"2017-05-30T20:37:53+00:00","dateModified":"2023-10-30T16:35:33+00:00","breadcrumb":{"@id":"http:\/\/winsysgroup.com\/es\/sistemas\/public-gaming-system\/#breadcrumb"},"inLanguage":"es","potentialAction":[{"@type":"ReadAction","target":["http:\/\/winsysgroup.com\/es\/sistemas\/public-gaming-system\/"]}]},{"@type":"BreadcrumbList","@id":"http:\/\/winsysgroup.com\/es\/sistemas\/public-gaming-system\/#breadcrumb","itemListElement":[{"@type":"ListItem","position":1,"name":"Home","item":"https:\/\/winsysgroup.com\/es\/"},{"@type":"ListItem","position":2,"name":"Sistemas","item":"http:\/\/winsysgroup.com\/es\/sistemas\/"},{"@type":"ListItem","position":3,"name":"Monitorizaci\u00f3n y Control de Juego"}]},{"@type":"WebSite","@id":"https:\/\/winsysgroup.com\/es\/#website","url":"https:\/\/winsysgroup.com\/es\/","name":"Win Systems Espa\u00f1ol","description":"Win Systems Website","potentialAction":[{"@type":"SearchAction","target":{"@type":"EntryPoint","urlTemplate":"https:\/\/winsysgroup.com\/es\/?s={search_term_string}"},"query-input":"required name=search_term_string"}],"inLanguage":"es"}]}},"_links":{"self":[{"href":"http:\/\/winsysgroup.com\/es\/wp-json\/wp\/v2\/pages\/108"}],"collection":[{"href":"http:\/\/winsysgroup.com\/es\/wp-json\/wp\/v2\/pages"}],"about":[{"href":"http:\/\/winsysgroup.com\/es\/wp-json\/wp\/v2\/types\/page"}],"author":[{"embeddable":true,"href":"http:\/\/winsysgroup.com\/es\/wp-json\/wp\/v2\/users\/1"}],"replies":[{"embeddable":true,"href":"http:\/\/winsysgroup.com\/es\/wp-json\/wp\/v2\/comments?post=108"}],"version-history":[{"count":0,"href":"http:\/\/winsysgroup.com\/es\/wp-json\/wp\/v2\/pages\/108\/revisions"}],"up":[{"embeddable":true,"href":"http:\/\/winsysgroup.com\/es\/wp-json\/wp\/v2\/pages\/114"}],"wp:attachment":[{"href":"http:\/\/winsysgroup.com\/es\/wp-json\/wp\/v2\/media?parent=108"}],"curies":[{"name":"wp","href":"https:\/\/api.w.org\/{rel}","templated":true}]}}